{"id":3714,"date":"2022-01-11T18:13:01","date_gmt":"2022-01-11T23:13:01","guid":{"rendered":"https:\/\/hongfook.ca\/association\/?page_id=3714"},"modified":"2022-11-25T08:26:52","modified_gmt":"2022-11-25T13:26:52","slug":"vi","status":"publish","type":"page","link":"https:\/\/hongfook.ca\/association\/about-us\/commitment\/personal-health-information-privacy-practices-policy\/vi\/","title":{"rendered":"CH\u00cdNH S\u00c1CH TH\u00d4NG TIN S\u1ee8C KH\u1eceE C\u00c1NH\u00c2N &#038; TH\u1ef0C H\u00c0NH"},"content":{"rendered":"\n\n\t\t\t<a href=\"\/association\/about-us\/commitment\/personal-health-information-privacy-practices-policy\" target=\"_self\" role=\"button\" rel=\"noopener\">\n\t\t\t\t\t\t\tEnglish\n\t\t\t\t\t<\/a>\n\t\t\t<a href=\"\/association\/about-us\/commitment\/personal-health-information-privacy-practices-policy\/tc\/\" target=\"_self\" role=\"button\" rel=\"noopener\">\n\t\t\t\t\t\t\t\u7e41\u9ad4\u4e2d\u6587\n\t\t\t\t\t<\/a>\n\t\t\t<a href=\"\/association\/about-us\/commitment\/personal-health-information-privacy-practices-policy\/sc\" target=\"_self\" role=\"button\" rel=\"noopener\">\n\t\t\t\t\t\t\t\u7b80\u4f53\u4e2d\u6587\n\t\t\t\t\t<\/a>\n\t\t\t<a href=\"\/association\/about-us\/commitment\/personal-health-information-privacy-practices-policy\/ko\" target=\"_self\" role=\"button\" rel=\"noopener\">\n\t\t\t\t\t\t\t\ud55c\uad6d\uc5b4\n\t\t\t\t\t<\/a>\n\t\t\t<a href=\"\/association\/about-us\/commitment\/personal-health-information-privacy-practices-policy\/vi\" target=\"_self\" role=\"button\" rel=\"noopener\">\n\t\t\t\t\t\t\tTi\u1ebfng Vi\u1ec7t\n\t\t\t\t\t<\/a>\n\t\t\t<a href=\"\/association\/about-us\/commitment\/personal-health-information-privacy-practices-policy\/kh\/\" target=\"_self\" role=\"button\" rel=\"noopener\">\n\t\t\t\t\t\t\t\u1797\u17b6\u179f\u17b6\u1781\u17d2\u1798\u17c2\u179a\n\t\t\t\t\t<\/a>\n\t\t\t\t<img loading=\"lazy\" decoding=\"async\" src=\"https:\/\/hongfook.ca\/association\/wp-content\/uploads\/sites\/3\/2021\/04\/commitment-masthead-1.jpg\" alt=\"Commitment\" itemprop=\"image\" height=\"410\" width=\"1024\" title=\"Commitment\" onerror=\"this.style.display='none'\"  \/>\n\t<p>Hi\u1ec7p h\u1ed9i S\u1ee9c kh\u1ecfe T\u00e2m th\u1ea7n Hong Phuc v\u1edbi t\u01b0 c\u00e1ch l\u00e0 ng\u01b0\u1eddi gi\u00e1m s\u00e1t th\u00f4ng tin s\u1ee9c kh\u1ecfe (th\u01b0\u1eddng \u0111\u01b0\u1ee3c g\u1ecdi l\u00e0 &#8220;HIC&#8221;), tu\u00e2n th\u1ee7 \u0110\u1ea1o lu\u1eadt B\u1ea3o v\u1ec7 Th\u00f4ng tin S\u1ee9c kh\u1ecfe C\u00e1 nh\u00e2n (2004) v\u00e0 \u0110\u1ea1o lu\u1eadt B\u1ea3o v\u1ec7 Ch\u1ea5t l\u01b0\u1ee3ng Th\u00f4ng tin Ch\u0103m s\u00f3c (2004).<\/p>\n<p>Khi th\u00f4ng tin s\u1ee9c kh\u1ecfe c\u00e1 nh\u00e2n \u0111\u01b0\u1ee3c thu th\u1eadp s\u1ebd \u0111\u01b0\u1ee3c x\u1eed l\u00fd m\u1ed9t c\u00e1ch t\u00f4n tr\u1ecdng, v\u00e0 quy\u1ec1n ri\u00eang t\u01b0 v\u00e0 b\u00ed m\u1eadt c\u1ee7a th\u00f4ng tin s\u1ebd \u0111\u01b0\u1ee3c b\u1ea3o v\u1ec7. Quy\u1ec1n truy c\u1eadp th\u00f4ng tin s\u1ee9c kh\u1ecfe c\u00e1 nh\u00e2n ch\u1ec9 d\u00e0nh cho nh\u1eefng ng\u01b0\u1eddi c\u1ea7n bi\u1ebft, nh\u1eefng ng\u01b0\u1eddi c\u00f3 li\u00ean quan \u0111\u1ebfn ch\u0103m s\u00f3c, \u0111i\u1ec1u tr\u1ecb, ph\u1ee5c h\u1ed3i v\u00e0 gi\u00e1o d\u1ee5c c\u1ee7a kh\u00e1ch h\u00e0ng v\u00e0 nh\u1eefng ng\u01b0\u1eddi \u0111\u00e3 nh\u1eadn \u0111\u01b0\u1ee3c s\u1ef1 \u0111\u1ed3ng \u00fd t\u1eeb kh\u00e1ch h\u00e0ng ho\u1eb7c ng\u01b0\u1eddi ra quy\u1ebft \u0111\u1ecbnh c\u1ee7a kh\u00e1ch h\u00e0ng.<\/p>\n<p>Th\u00f4ng tin s\u1ee9c kh\u1ecfe c\u1ee7a kh\u00e1ch h\u00e0ng c\u00f3 th\u1ec3 \u0111\u01b0\u1ee3c l\u01b0u gi\u1eef trong h\u1ed3 s\u01a1 gi\u1ea5y v\u00e0 h\u1ed3 s\u01a1 \u0111i\u1ec7n t\u1eed. Th\u00f4ng tin s\u1ebd \u0111\u01b0\u1ee3c l\u01b0u tr\u1eef an to\u00e0n v\u00e0 \u0111\u01b0\u1ee3c b\u1ea3o v\u1ec7 b\u1eb1ng h\u1ed3 s\u01a1 \u0111i\u1ec7n t\u1eed, m\u1eadt kh\u1ea9u v\u00e0 t\u01b0\u1eddng l\u1eeda. Ph\u1ea7n m\u1ec1m cho ph\u00e9p nh\u00e2n vi\u00ean, sinh vi\u00ean v\u00e0 ng\u01b0\u1eddi t\u01b0 v\u1ea5n \u0111\u01b0\u1ee3c x\u00e1c \u0111\u1ecbnh l\u00e0 c\u00f3 li\u00ean quan \u0111\u1ebfn vi\u1ec7c ch\u0103m s\u00f3c, \u0111i\u1ec1u tr\u1ecb, ph\u1ee5c h\u1ed3i v\u00e0 gi\u00e1o d\u1ee5c c\u1ee7a kh\u00e1ch h\u00e0ng c\u00f3 quy\u1ec1n truy c\u1eadp v\u00e0o th\u00f4ng tin. Hong Phuc \u0111\u0103ng th\u00f4ng b\u00e1o v\u1ec1 quy\u1ec1n ri\u00eang t\u01b0 v\u00e0 th\u00f4ng tin t\u1ea1i t\u1ea5t c\u1ea3 c\u00e1c \u0111\u1ecba \u0111i\u1ec3m v\u00e0 tr\u00ean trang web c\u1ee7a m\u00ecnh.<\/p>\n<p>Ch\u00ednh s\u00e1ch n\u00e0y k\u1ebft h\u1ee3p c\u00e1c y\u00eau c\u1ea7u ch\u00ednh c\u1ee7a \u0110\u1ea1o lu\u1eadt B\u1ea3o v\u1ec7 Th\u00f4ng tin S\u1ee9c kh\u1ecfe C\u00e1 nh\u00e2n,2004 (PHIPA), \u0110\u1ea1o lu\u1eadt B\u1ea3o v\u1ec7 Ch\u1ea5t l\u01b0\u1ee3ng Th\u00f4ng tin Ch\u0103m s\u00f3c, 2004, \u0110\u1ea1o lu\u1eadt B\u1ea3o v\u1ec7 v\u00e0 C\u1ea3i thi\u1ec7n S\u1ee9c sh\u1ecfe v\u00e0 bao g\u1ed3m m\u01b0\u1eddi (10) nguy\u00ean t\u1eafc c\u1ee7a c\u1ee7a B\u1ed9 lu\u1eadt m\u00f4 h\u00ecnh c\u1ee7a Hi\u1ec7p h\u1ed9i Ti\u00eau chu\u1ea9n Canada (CSA) \u0111\u1ec3 b\u1ea3o v\u1ec7 th\u00f4ng tin c\u00e1 nh\u00e2n \u0111\u01b0\u1ee3c t\u00ecm th\u1ea5y trong Bi\u1ec3u 1 c\u1ee7a \u0110\u1ea1o lu\u1eadt B\u1ea3o v\u1ec7 Th\u00f4ng tin C\u00e1 nh\u00e2n v\u00e0 T\u00e0i li\u1ec7u \u0110i\u1ec7n t\u1eed, (PIPEDA).<\/p>\n<p>Ch\u00ednh s\u00e1ch v\u00e0 c\u00e1c quy tr\u00ecnh \u0111\u01b0\u1ee3c thi\u1ebft l\u1eadp \u0111\u1ec3 \u0111\u01b0a ra c\u00e1c nguy\u00ean t\u1eafc v\u00e0 quy tr\u00ecnh nh\u1eb1m \u0111\u1ea3m b\u1ea3o vi\u1ec7c b\u1ea3o v\u1ec7 th\u00f4ng tin c\u00e1 nh\u00e2n bao g\u1ed3m c\u1ea3 th\u00f4ng tin s\u1ee9c kh\u1ecfe c\u00e1 nh\u00e2n. C\u00e1c nguy\u00ean t\u1eafc sau (v\u00e0 c\u00e1c ch\u1ee9c n\u0103ng v\u00e0 quy tr\u00ecnh li\u00ean quan) l\u00e0m n\u1ec1n t\u1ea3ng cho ch\u00ednh s\u00e1ch:<\/p>\n<p>&nbsp;<\/p>\n<p>Nguy\u00ean t\u1eafc 1 &#8211; Tr\u00e1ch nhi\u1ec7m gi\u1ea3i tr\u00ecnh \u0111\u1ed1i v\u1edbi th\u00f4ng tin s\u1ee9c kh\u1ecfe c\u00e1 nh\u00e2n<\/p>\n<p>Nguy\u00ean t\u1eafc 2 &#8211; Nh\u1eadn d\u1ea1ng m\u1ee5c \u0111\u00edch thu th\u1eadp th\u00f4ng tin v\u1ec1 s\u1ee9c kh\u1ecfe c\u00e1 nh\u00e2n<\/p>\n<p>Nguy\u00ean t\u1eafc 3 &#8211; \u0110\u1ed3ng \u00fd cho vi\u1ec7c thu th\u1eadp, s\u1eed d\u1ee5ng v\u00e0 c\u00f4ng khai<\/p>\n<p>Nguy\u00ean t\u1eafc 4 &#8211; Gi\u1edbi h\u1ea1n thu th\u1eadp th\u00f4ng tin v\u1ec1 s\u1ee9c kh\u1ecfe c\u00e1 nh\u00e2n<\/p>\n<p>Nguy\u00ean t\u1eafc 5 &#8211; Gi\u1edbi h\u1ea1n s\u1eed d\u1ee5ng, ti\u1ebft l\u1ed9 v\u00e0 gi\u1eef l\u1ea1i th\u00f4ng tin v\u1ec1 s\u1ee9c kh\u1ecfe c\u00e1 nh\u00e2n<\/p>\n<p>Nguy\u00ean t\u1eafc 6 &#8211; S\u1ef1 ch\u00ednh x\u00e1c c\u1ee7a th\u00f4ng tin s\u1ee9c kh\u1ecfe c\u00e1 nh\u00e2n<\/p>\n<p>Nguy\u00ean t\u1eafc 7 &#8211; C\u00e1c bi\u1ec7n ph\u00e1p b\u1ea3o v\u1ec7<\/p>\n<p>Nguy\u00ean t\u1eafc 8 &#8211; C\u00f4ng khai c\u00e1c ch\u00ednh s\u00e1ch th\u1ef1c h\u00e0nh<\/p>\n<p>Nguy\u00ean t\u1eafc 9 &#8211; Truy c\u1eadp c\u00e1 nh\u00e2n v\u00e0o th\u00f4ng tin s\u1ee9c kh\u1ecfe c\u00e1 nh\u00e2n<\/p>\n<p>Nguy\u00ean t\u1eafc 10 &#8211; Th\u00e1ch th\u1ee9c vi\u1ec7c tu\u00e2n th\u1ee7 c\u00e1c th\u00f4ng tin<\/p>\n<p><em>\u0110\u1ec3 truy c\u1eadp to\u00e0n b\u1ed9 ch\u00ednh s\u00e1ch v\u00e0 th\u1ee7 t\u1ee5c bao g\u1ed3m th\u00f4ng tin chi ti\u1ebft v\u1ec1 m\u01b0\u1eddi nguy\u00ean t\u1eafc, \u1ee9ng d\u1ee5ng v\u00e0 th\u1ee7 t\u1ee5c c\u1ee7a n\u00f3, ho\u1eb7c \u0111\u01b0a ra b\u1ea5t k\u1ef3 m\u1ed1i quan ng\u1ea1i n\u00e0o, vui l\u00f2ng li\u00ean l\u1ea1c v\u1edbi Nh\u00e2n vi\u00ean b\u1ea3o m\u1eadt theo s\u1ed1 416-493-4242<\/em><em> x 2239.<\/em><\/p>\n<p><strong><em>\u00a0<\/em><\/strong><\/p>\n\n","protected":false},"excerpt":{"rendered":"<p>English \u7e41\u9ad4\u4e2d\u6587 \u7b80\u4f53\u4e2d\u6587 \ud55c\uad6d\uc5b4 Ti\u1ebfng Vi\u1ec7t \u1797\u17b6\u179f\u17b6\u1781\u17d2\u1798\u17c2\u179a Hi\u1ec7p h\u1ed9i S\u1ee9c kh\u1ecfe T\u00e2m th\u1ea7n Hong Phuc v\u1edbi t\u01b0 c\u00e1ch l\u00e0 ng\u01b0\u1eddi gi\u00e1m s\u00e1t th\u00f4ng tin s\u1ee9c kh\u1ecfe (th\u01b0\u1eddng \u0111\u01b0\u1ee3c g\u1ecdi l\u00e0 &#8220;HIC&#8221;), tu\u00e2n th\u1ee7 \u0110\u1ea1o lu\u1eadt B\u1ea3o v\u1ec7 Th\u00f4ng tin S\u1ee9c kh\u1ecfe C\u00e1 nh\u00e2n (2004) v\u00e0 \u0110\u1ea1o lu\u1eadt B\u1ea3o v\u1ec7 Ch\u1ea5t l\u01b0\u1ee3ng Th\u00f4ng tin Ch\u0103m s\u00f3c &hellip; <\/p>\n<div class=\"link-more\"><a href=\"https:\/\/hongfook.ca\/association\/about-us\/commitment\/personal-health-information-privacy-practices-policy\/vi\/\" class=\"more-link\">Read More<span class=\"screen-reader-text\"> &#8220;CH\u00cdNH S\u00c1CH TH\u00d4NG TIN S\u1ee8C KH\u1eceE C\u00c1NH\u00c2N &#038; TH\u1ef0C H\u00c0NH&#8221;<\/span><\/a><\/div>\n","protected":false},"author":1,"featured_media":0,"parent":3681,"menu_order":0,"comment_status":"closed","ping_status":"closed","template":"page-template\/right-sidebar.php","meta":{"om_disable_all_campaigns":false,"ngg_post_thumbnail":0,"footnotes":""},"class_list":["post-3714","page","type-page","status-publish","hentry"],"aioseo_notices":[],"_links":{"self":[{"href":"https:\/\/hongfook.ca\/association\/wp-json\/wp\/v2\/pages\/3714","targetHints":{"allow":["GET"]}}],"collection":[{"href":"https:\/\/hongfook.ca\/association\/wp-json\/wp\/v2\/pages"}],"about":[{"href":"https:\/\/hongfook.ca\/association\/wp-json\/wp\/v2\/types\/page"}],"author":[{"embeddable":true,"href":"https:\/\/hongfook.ca\/association\/wp-json\/wp\/v2\/users\/1"}],"replies":[{"embeddable":true,"href":"https:\/\/hongfook.ca\/association\/wp-json\/wp\/v2\/comments?post=3714"}],"version-history":[{"count":3,"href":"https:\/\/hongfook.ca\/association\/wp-json\/wp\/v2\/pages\/3714\/revisions"}],"predecessor-version":[{"id":4348,"href":"https:\/\/hongfook.ca\/association\/wp-json\/wp\/v2\/pages\/3714\/revisions\/4348"}],"up":[{"embeddable":true,"href":"https:\/\/hongfook.ca\/association\/wp-json\/wp\/v2\/pages\/3681"}],"wp:attachment":[{"href":"https:\/\/hongfook.ca\/association\/wp-json\/wp\/v2\/media?parent=3714"}],"curies":[{"name":"wp","href":"https:\/\/api.w.org\/{rel}","templated":true}]}}