{"id":3373,"date":"2021-06-18T06:33:07","date_gmt":"2021-06-18T06:33:07","guid":{"rendered":"https:\/\/www.hongfook.ca\/association\/?page_id=3373"},"modified":"2024-05-03T08:52:08","modified_gmt":"2024-05-03T13:52:08","slug":"vi","status":"publish","type":"page","link":"https:\/\/hongfook.ca\/association\/resources\/vi\/","title":{"rendered":"Trung t\u00e2m Th\u00f4ng tin"},"content":{"rendered":"\n\n\t\t\t<a href=\"\/association\/resources\/\" target=\"_self\" rel=\"noopener\">\n\t\t\t\t\t\t\tEnglish\n\t\t\t\t\t<\/a>\n\t\t\t<a href=\"\/association\/resources\/tc\/\" target=\"_self\" rel=\"noopener\">\n\t\t\t\t\t\t\t\u7e41\u9ad4\u4e2d\u6587\n\t\t\t\t\t<\/a>\n\t\t\t<a href=\"\/association\/resources\/sc\/\" target=\"_self\" rel=\"noopener\">\n\t\t\t\t\t\t\t\u7b80\u4f53\u4e2d\u6587\n\t\t\t\t\t<\/a>\n\t\t\t<a href=\"\/association\/resources\/ko\/\" target=\"_self\" rel=\"noopener\">\n\t\t\t\t\t\t\t\ud55c\uad6d\uc5b4\n\t\t\t\t\t<\/a>\n\t\t\t<a href=\"\/association\/resources\/vi\/\" target=\"_self\" rel=\"noopener\">\n\t\t\t\t\t\t\tTi\u1ebfng Vi\u1ec7t\n\t\t\t\t\t<\/a>\n\t\t\t<a href=\"\/association\/resources\/kh\/\" target=\"_self\" rel=\"noopener\">\n\t\t\t\t\t\t\t\u1797\u17b6\u179f\u17b6\u1781\u17d2\u1798\u17c2\u179a\n\t\t\t\t\t<\/a>\n\t<p>Hong Phuc \u0111\u00e3 s\u1eafp x\u1ebfp c\u00e1c ngu\u1ed3n sau \u0111\u00e2y th\u00f4ng qua nhi\u1ec1u k\u00eanh kh\u00e1c nhau, bao g\u1ed3m ba c\u1ea5p ch\u00ednh ph\u1ee7 v\u00e0 c\u00e1c t\u1ed5 ch\u1ee9c c\u1ed9ng \u0111\u1ed3ng. Hong Fook kh\u00f4ng x\u00e1c nh\u1eadn b\u1ea5t k\u1ef3 t\u1ed5 ch\u1ee9c n\u00e0o. Ch\u00fang t\u00f4i \u0111\u00e3 th\u1ef1c hi\u1ec7n s\u00e0ng l\u1ecdc v\u1ec1 \u0111\u1ed9 tin c\u1eady c\u1ee7a c\u00e1c ngu\u1ed3n n\u00e0y tuy nhi\u00ean, ch\u00fang t\u00f4i s\u1ebd kh\u00f4ng ch\u1ecbu tr\u00e1ch nhi\u1ec7m v\u1ec1 \u0111\u1ed9 tin c\u1eady c\u1ee7a t\u1ea5t c\u1ea3 c\u00e1c th\u00f4ng tin \u0111\u01b0\u1ee3c cung c\u1ea5p. Vui l\u00f2ng s\u1eed d\u1ee5ng c\u00e1c t\u00e0i nguy\u00ean sau theo quy\u1ebft \u0111\u1ecbnh c\u1ee7a ri\u00eang b\u1ea1n.<\/p>\n\t<p><strong>COVID-19 T\u00e0i nguy\u00ean ti\u1ebfng vi\u1ec7t<\/strong><\/p>\n\t\t\t\t<a href=\"\/association\/resources\/covid-19-resources\/vi\/\" target=\"_self\" itemprop=\"url\" rel=\"noopener\">\n\t\t\t\t<img loading=\"lazy\" decoding=\"async\" src=\"https:\/\/hongfook.ca\/association\/wp-content\/uploads\/sites\/3\/2021\/06\/covid-19-resources-box.jpg\" alt=\"COVID-19 Resources\" itemprop=\"image\" height=\"900\" width=\"900\" title=\"COVID-19 Resources\" onerror=\"this.style.display='none'\"  \/>\n\t\t\t\t<\/a>\n\t<p><strong>Th\u00f4ng Tin S\u1ee9c Kh\u1ecfe T\u00e2m Th\u1ea7n<\/strong><\/p>\n\t\t\t\t<a href=\"\/association\/resources\/health-resources\/vi\/\" target=\"_self\" itemprop=\"url\" rel=\"noopener\">\n\t\t\t\t<img loading=\"lazy\" decoding=\"async\" src=\"https:\/\/hongfook.ca\/association\/wp-content\/uploads\/sites\/3\/2021\/06\/Mental-Health-Resources-box.jpg\" alt=\"Mental Health Resources\" itemprop=\"image\" height=\"465\" width=\"465\" title=\"Mental Health Resources\" onerror=\"this.style.display='none'\"  \/>\n\t\t\t\t<\/a>\n\t<p><strong>Th\u00f4ng Tin Cho Ng\u01b0\u1eddi Ch\u0103m S\u00f3c<\/strong><\/p>\n\t\t\t\t<a href=\"\/association\/wp-content\/uploads\/sites\/3\/2021\/04\/family-manual_vietnamese-Mar9.pdf\" target=\"_blank\" rel=\"noopener\" itemprop=\"url\">\n\t\t\t\t<img loading=\"lazy\" decoding=\"async\" src=\"https:\/\/hongfook.ca\/association\/wp-content\/uploads\/sites\/3\/2021\/06\/Resources-for-Caregivers-box.jpg\" alt=\"Resources for Caregivers\" itemprop=\"image\" height=\"465\" width=\"465\" title=\"Resources for Caregivers\" onerror=\"this.style.display='none'\"  \/>\n\t\t\t\t<\/a>\n\t<p><strong>K\u00eanh Youtube<\/strong><\/p>\n\t\t\t\t<a href=\"https:\/\/www.youtube.com\/playlist?list=PLHZIIdKRpCrzmmpUjbs8KAqKzV1kRROOc\" target=\"_blank\" rel=\"noopener\" itemprop=\"url\">\n\t\t\t\t<img loading=\"lazy\" decoding=\"async\" src=\"https:\/\/hongfook.ca\/association\/wp-content\/uploads\/sites\/3\/2021\/06\/youtube-box.jpg\" alt=\"YouTube Channel\" itemprop=\"image\" height=\"300\" width=\"300\" title=\"YouTube Channel\" onerror=\"this.style.display='none'\"  \/>\n\t\t\t\t<\/a>\n\t<p><strong>PH\u00d2NG NG\u1eeaA T\u00c9 NG\u00c3<\/strong><\/p>\n\t\t\t\t<a href=\"\/association\/wp-content\/uploads\/sites\/3\/2024\/05\/Falls-prevention-Vietnamese.pdf\" target=\"_self\" itemprop=\"url\" rel=\"noopener\">\n\t\t\t\t<img loading=\"lazy\" decoding=\"async\" src=\"https:\/\/hongfook.ca\/association\/wp-content\/uploads\/sites\/3\/2024\/04\/close-up-retired-people-nature.png\" alt=\"close-up-retired-people-nature\" itemprop=\"image\" height=\"500\" width=\"500\" title=\"close-up-retired-people-nature\" onerror=\"this.style.display='none'\"  \/>\n\t\t\t\t<\/a>\n\n","protected":false},"excerpt":{"rendered":"<p>English \u7e41\u9ad4\u4e2d\u6587 \u7b80\u4f53\u4e2d\u6587 \ud55c\uad6d\uc5b4 Ti\u1ebfng Vi\u1ec7t \u1797\u17b6\u179f\u17b6\u1781\u17d2\u1798\u17c2\u179a Hong Phuc \u0111\u00e3 s\u1eafp x\u1ebfp c\u00e1c ngu\u1ed3n sau \u0111\u00e2y th\u00f4ng qua nhi\u1ec1u k\u00eanh kh\u00e1c nhau, bao g\u1ed3m ba c\u1ea5p ch\u00ednh ph\u1ee7 v\u00e0 c\u00e1c t\u1ed5 ch\u1ee9c c\u1ed9ng \u0111\u1ed3ng. Hong Fook kh\u00f4ng x\u00e1c nh\u1eadn b\u1ea5t k\u1ef3 t\u1ed5 ch\u1ee9c n\u00e0o. Ch\u00fang t\u00f4i \u0111\u00e3 th\u1ef1c hi\u1ec7n s\u00e0ng l\u1ecdc v\u1ec1 \u0111\u1ed9 tin c\u1eady &hellip; <\/p>\n<div class=\"link-more\"><a href=\"https:\/\/hongfook.ca\/association\/resources\/vi\/\" class=\"more-link\">Read More<span class=\"screen-reader-text\"> &#8220;Trung t\u00e2m Th\u00f4ng tin&#8221;<\/span><\/a><\/div>\n","protected":false},"author":1,"featured_media":0,"parent":764,"menu_order":0,"comment_status":"closed","ping_status":"closed","template":"page-template\/right-sidebar.php","meta":{"om_disable_all_campaigns":false,"ngg_post_thumbnail":0,"footnotes":""},"class_list":["post-3373","page","type-page","status-publish","hentry"],"aioseo_notices":[],"_links":{"self":[{"href":"https:\/\/hongfook.ca\/association\/wp-json\/wp\/v2\/pages\/3373","targetHints":{"allow":["GET"]}}],"collection":[{"href":"https:\/\/hongfook.ca\/association\/wp-json\/wp\/v2\/pages"}],"about":[{"href":"https:\/\/hongfook.ca\/association\/wp-json\/wp\/v2\/types\/page"}],"author":[{"embeddable":true,"href":"https:\/\/hongfook.ca\/association\/wp-json\/wp\/v2\/users\/1"}],"replies":[{"embeddable":true,"href":"https:\/\/hongfook.ca\/association\/wp-json\/wp\/v2\/comments?post=3373"}],"version-history":[{"count":6,"href":"https:\/\/hongfook.ca\/association\/wp-json\/wp\/v2\/pages\/3373\/revisions"}],"predecessor-version":[{"id":5268,"href":"https:\/\/hongfook.ca\/association\/wp-json\/wp\/v2\/pages\/3373\/revisions\/5268"}],"up":[{"embeddable":true,"href":"https:\/\/hongfook.ca\/association\/wp-json\/wp\/v2\/pages\/764"}],"wp:attachment":[{"href":"https:\/\/hongfook.ca\/association\/wp-json\/wp\/v2\/media?parent=3373"}],"curies":[{"name":"wp","href":"https:\/\/api.w.org\/{rel}","templated":true}]}}