{"id":3314,"date":"2021-06-18T02:45:31","date_gmt":"2021-06-18T02:45:31","guid":{"rendered":"https:\/\/www.hongfook.ca\/association\/?page_id=3314"},"modified":"2021-06-21T03:03:46","modified_gmt":"2021-06-21T03:03:46","slug":"resources-for-caregivers","status":"publish","type":"page","link":"https:\/\/hongfook.ca\/association\/resources\/resources-for-caregivers\/","title":{"rendered":"Resources for Caregivers"},"content":{"rendered":"\n\n\t\t\t\t<img loading=\"lazy\" decoding=\"async\" src=\"https:\/\/hongfook.ca\/association\/wp-content\/uploads\/sites\/3\/2021\/06\/family-support-program-masthead.jpg\" alt=\"Resources for Caregivers\" itemprop=\"image\" height=\"400\" width=\"1000\" title=\"Resources for Caregivers\" onerror=\"this.style.display='none'\"  \/>\n\t<h3><strong>A Resource Manual for Family Members and Caregivers<\/strong><\/h3>\n\t\t\t<a href=\"\/association\/wp-content\/uploads\/sites\/3\/2021\/04\/family-manual_english_full-version-Mar9.pdf\" target=\"_blank\" role=\"button\" rel=\"noopener\">\n\t\t\t\t\t\t\tLearn More\n\t\t\t\t\t<\/a>\n\t<h3><strong>\u5bb6\u5c6c\u8207\u7167\u9867\u8005\u8cc7\u6599\u624b\u518a<\/strong><\/h3>\n\t\t\t<a href=\"\/association\/wp-content\/uploads\/sites\/3\/2021\/04\/family-manual-tra-chinese_full-version_final-Mar9.pdf\" target=\"_blank\" role=\"button\" rel=\"noopener\">\n\t\t\t\t\t\t\t\u4e86\u89e3\u66f4\u591a\n\t\t\t\t\t<\/a>\n\t<h3><strong>\u5bb6\u5c5e\u4e0e\u7167\u987e\u8005\u8d44\u6599\u624b\u518c<\/strong><\/h3>\n\t\t\t<a href=\"\/association\/wp-content\/uploads\/sites\/3\/2021\/04\/family-manual-sim-chinese_full-version_final-Mar9.pdf\" target=\"_blank\" role=\"button\" rel=\"noopener\">\n\t\t\t\t\t\t\t\u4e86\u89e3\u66f4\u591a\n\t\t\t\t\t<\/a>\n\t<h3><strong>\uac00\uc871\uad6c\uc131\uc6d0\uacfc \ub3cc\ubcf4\ub294 \uc774\ub4e4\ub97c \uc704\ud55c \uc548\ub0b4\uc11c<\/strong><\/h3>\n\t\t\t<a href=\"\/association\/wp-content\/uploads\/sites\/3\/2021\/04\/family-manual_korean-Mar9.pdf\" target=\"_blank\" role=\"button\" rel=\"noopener\">\n\t\t\t\t\t\t\t\ub354 \ubcf4\uae30\n\t\t\t\t\t<\/a>\n\t<h3><strong>T\u00e0i Li\u1ec7u H\u01b0\u1edbng D\u1eabn Cho Th\u00e0nh Vi\u00ean Gia \u0110\u00ecnh v\u00e0 Ng\u01b0\u1eddi Ch\u0103m S\u00f3c<\/strong><\/h3>\n\t\t\t<a href=\"\/association\/wp-content\/uploads\/sites\/3\/2021\/04\/family-manual_vietnamese-Mar9.pdf\" target=\"_blank\" role=\"button\" rel=\"noopener\">\n\t\t\t\t\t\t\tT\u00ecm Hi\u1ec3u Th\u00eam\n\t\t\t\t\t<\/a>\n\n","protected":false},"excerpt":{"rendered":"<p>A Resource Manual for Family Members and Caregivers Learn More \u5bb6\u5c6c\u8207\u7167\u9867\u8005\u8cc7\u6599\u624b\u518a \u4e86\u89e3\u66f4\u591a \u5bb6\u5c5e\u4e0e\u7167\u987e\u8005\u8d44\u6599\u624b\u518c \u4e86\u89e3\u66f4\u591a \uac00\uc871\uad6c\uc131\uc6d0\uacfc \ub3cc\ubcf4\ub294 \uc774\ub4e4\ub97c \uc704\ud55c \uc548\ub0b4\uc11c \ub354 \ubcf4\uae30 T\u00e0i Li\u1ec7u H\u01b0\u1edbng D\u1eabn Cho Th\u00e0nh Vi\u00ean Gia \u0110\u00ecnh v\u00e0 Ng\u01b0\u1eddi Ch\u0103m S\u00f3c T\u00ecm Hi\u1ec3u Th\u00eam<\/p>\n","protected":false},"author":1,"featured_media":0,"parent":764,"menu_order":0,"comment_status":"closed","ping_status":"closed","template":"page-template\/right-sidebar.php","meta":{"om_disable_all_campaigns":false,"ngg_post_thumbnail":0,"footnotes":""},"class_list":["post-3314","page","type-page","status-publish","hentry"],"aioseo_notices":[],"_links":{"self":[{"href":"https:\/\/hongfook.ca\/association\/wp-json\/wp\/v2\/pages\/3314","targetHints":{"allow":["GET"]}}],"collection":[{"href":"https:\/\/hongfook.ca\/association\/wp-json\/wp\/v2\/pages"}],"about":[{"href":"https:\/\/hongfook.ca\/association\/wp-json\/wp\/v2\/types\/page"}],"author":[{"embeddable":true,"href":"https:\/\/hongfook.ca\/association\/wp-json\/wp\/v2\/users\/1"}],"replies":[{"embeddable":true,"href":"https:\/\/hongfook.ca\/association\/wp-json\/wp\/v2\/comments?post=3314"}],"version-history":[{"count":9,"href":"https:\/\/hongfook.ca\/association\/wp-json\/wp\/v2\/pages\/3314\/revisions"}],"predecessor-version":[{"id":3406,"href":"https:\/\/hongfook.ca\/association\/wp-json\/wp\/v2\/pages\/3314\/revisions\/3406"}],"up":[{"embeddable":true,"href":"https:\/\/hongfook.ca\/association\/wp-json\/wp\/v2\/pages\/764"}],"wp:attachment":[{"href":"https:\/\/hongfook.ca\/association\/wp-json\/wp\/v2\/media?parent=3314"}],"curies":[{"name":"wp","href":"https:\/\/api.w.org\/{rel}","templated":true}]}}