{"id":2926,"date":"2021-05-29T19:34:47","date_gmt":"2021-05-29T19:34:47","guid":{"rendered":"https:\/\/hongfook.ca\/association\/?page_id=2926"},"modified":"2022-01-10T17:38:07","modified_gmt":"2022-01-10T22:38:07","slug":"vi","status":"publish","type":"page","link":"https:\/\/hongfook.ca\/association\/about-us\/commitment\/vi\/","title":{"rendered":"Cam K\u1ebft"},"content":{"rendered":"\n\n\t\t\t<a href=\"\/association\/about-us\/commitment\/\" target=\"_self\" role=\"button\" rel=\"noopener\">\n\t\t\t\t\t\t\tEnglish\n\t\t\t\t\t<\/a>\n\t\t\t<a href=\"\/association\/about-us\/commitment\/tc\" target=\"_self\" role=\"button\" rel=\"noopener\">\n\t\t\t\t\t\t\t\u7e41\u9ad4\u4e2d\u6587\n\t\t\t\t\t<\/a>\n\t\t\t<a href=\"\/association\/about-us\/commitment\/sc\" target=\"_self\" role=\"button\" rel=\"noopener\">\n\t\t\t\t\t\t\t\u7b80\u4f53\u4e2d\u6587\n\t\t\t\t\t<\/a>\n\t\t\t<a href=\"\/association\/about-us\/commitment\/ko\" target=\"_self\" role=\"button\" rel=\"noopener\">\n\t\t\t\t\t\t\t\ud55c\uad6d\uc5b4\n\t\t\t\t\t<\/a>\n\t\t\t<a href=\"\/association\/about-us\/commitment\/vi\" target=\"_self\" role=\"button\" rel=\"noopener\">\n\t\t\t\t\t\t\tTi\u1ebfng Vi\u1ec7t\n\t\t\t\t\t<\/a>\n\t\t\t<a href=\"\/association\/about-us\/commitment\/kh\/\" target=\"_self\" role=\"button\" rel=\"noopener\">\n\t\t\t\t\t\t\t\u1797\u17b6\u179f\u17b6\u1781\u17d2\u1798\u17c2\u179a\n\t\t\t\t\t<\/a>\n\t\t\t\t<img loading=\"lazy\" decoding=\"async\" src=\"https:\/\/hongfook.ca\/association\/wp-content\/uploads\/sites\/3\/2021\/04\/commitment-masthead-1.jpg\" alt=\"Commitment\" itemprop=\"image\" height=\"410\" width=\"1024\" title=\"Commitment\" onerror=\"this.style.display='none'\"  \/>\n\t<ul>\n<li><a href=\"\/association\/about-us\/commitment\/clients-bill-of-rights\/vi\/\">B\u1ea3n d\u1ef1 lu\u1eadt nh\u00e2n quy\u1ec1n c\u1ee7a kh\u00e1ch (Quy\u1ec1n c\u1ee7a kh\u00e1ch)<\/a><\/li>\n<li><a href=\"\/association\/about-us\/commitment\/client-roles-and-responsibilities-in-quality-and-safety\/vi\/\">Vai tr\u00f2 v\u00e0 tr\u00e1ch nhi\u1ec7m c\u1ee7a kh\u00e1ch trong vi\u1ec7c ch\u1ea5t l\u01b0\u1ee3ng v\u00e0 an to\u00e0n<\/a><\/li>\n<li><a href=\"\/association\/about-us\/commitment\/external-complaints-policy-and-procedure\/vi\/\">Quy \u0111\u1ecbnh v\u00e0 th\u1ee7 t\u1ee5c (gi\u1ea3i quy\u1ebft) khi\u1ebfu n\u1ea1i t\u1eeb b\u00ean ngo\u00e0i<\/a><\/li>\n<li><a href=\"\/association\/chinh-sach-thong-tin-suc-khoe-canhan-thuc-hanh\/\">CH\u00cdNH S\u00c1CH TH\u00d4NG TIN S\u1ee8C KH\u1eceE C\u00c1NH\u00c2N &amp; TH\u1ef0C H\u00c0NH<\/a><\/li>\n<\/ul>\n\n","protected":false},"excerpt":{"rendered":"<p>English \u7e41\u9ad4\u4e2d\u6587 \u7b80\u4f53\u4e2d\u6587 \ud55c\uad6d\uc5b4 Ti\u1ebfng Vi\u1ec7t \u1797\u17b6\u179f\u17b6\u1781\u17d2\u1798\u17c2\u179a B\u1ea3n d\u1ef1 lu\u1eadt nh\u00e2n quy\u1ec1n c\u1ee7a kh\u00e1ch (Quy\u1ec1n c\u1ee7a kh\u00e1ch) Vai tr\u00f2 v\u00e0 tr\u00e1ch nhi\u1ec7m c\u1ee7a kh\u00e1ch trong vi\u1ec7c ch\u1ea5t l\u01b0\u1ee3ng v\u00e0 an to\u00e0n Quy \u0111\u1ecbnh v\u00e0 th\u1ee7 t\u1ee5c (gi\u1ea3i quy\u1ebft) khi\u1ebfu n\u1ea1i t\u1eeb b\u00ean ngo\u00e0i CH\u00cdNH S\u00c1CH TH\u00d4NG TIN S\u1ee8C KH\u1eceE C\u00c1NH\u00c2N &amp; TH\u1ef0C H\u00c0NH<\/p>\n","protected":false},"author":1,"featured_media":0,"parent":297,"menu_order":0,"comment_status":"closed","ping_status":"closed","template":"page-template\/right-sidebar.php","meta":{"om_disable_all_campaigns":false,"ngg_post_thumbnail":0,"footnotes":""},"class_list":["post-2926","page","type-page","status-publish","hentry"],"aioseo_notices":[],"_links":{"self":[{"href":"https:\/\/hongfook.ca\/association\/wp-json\/wp\/v2\/pages\/2926","targetHints":{"allow":["GET"]}}],"collection":[{"href":"https:\/\/hongfook.ca\/association\/wp-json\/wp\/v2\/pages"}],"about":[{"href":"https:\/\/hongfook.ca\/association\/wp-json\/wp\/v2\/types\/page"}],"author":[{"embeddable":true,"href":"https:\/\/hongfook.ca\/association\/wp-json\/wp\/v2\/users\/1"}],"replies":[{"embeddable":true,"href":"https:\/\/hongfook.ca\/association\/wp-json\/wp\/v2\/comments?post=2926"}],"version-history":[{"count":4,"href":"https:\/\/hongfook.ca\/association\/wp-json\/wp\/v2\/pages\/2926\/revisions"}],"predecessor-version":[{"id":3674,"href":"https:\/\/hongfook.ca\/association\/wp-json\/wp\/v2\/pages\/2926\/revisions\/3674"}],"up":[{"embeddable":true,"href":"https:\/\/hongfook.ca\/association\/wp-json\/wp\/v2\/pages\/297"}],"wp:attachment":[{"href":"https:\/\/hongfook.ca\/association\/wp-json\/wp\/v2\/media?parent=2926"}],"curies":[{"name":"wp","href":"https:\/\/api.w.org\/{rel}","templated":true}]}}