{"id":2862,"date":"2021-05-29T05:24:41","date_gmt":"2021-05-29T05:24:41","guid":{"rendered":"https:\/\/hongfook.ca\/association\/?page_id=2862"},"modified":"2023-03-23T15:47:24","modified_gmt":"2023-03-23T20:47:24","slug":"vi","status":"publish","type":"page","link":"https:\/\/hongfook.ca\/association\/our-services\/asian-community-psychiatric-clinic-partnership\/vi\/","title":{"rendered":"Ph\u00f2ng kh\u00e1m T\u00e2m th\u1ea7n C\u1ed9ng \u0111\u1ed3ng Ch\u00e2u \u00c1 (Quan h\u1ec7 \u0111\u1ed1i t\u00e1c)"},"content":{"rendered":"\n\n\t\t\t<a href=\"\/association\/our-services\/asian-community-psychiatric-clinic-partnership\/\" target=\"_self\" role=\"button\" rel=\"noopener\">\n\t\t\t\t\t\t\tEnglish\n\t\t\t\t\t<\/a>\n\t\t\t<a href=\"\/association\/our-services\/asian-community-psychiatric-clinic-partnership\/tc\/\" target=\"_self\" role=\"button\" rel=\"noopener\">\n\t\t\t\t\t\t\t\u7e41\u9ad4\u4e2d\u6587\n\t\t\t\t\t<\/a>\n\t\t\t<a href=\"\/association\/our-services\/asian-community-psychiatric-clinic-partnership\/sc\/\" target=\"_self\" role=\"button\" rel=\"noopener\">\n\t\t\t\t\t\t\t\u7b80\u4f53\u4e2d\u6587\n\t\t\t\t\t<\/a>\n\t\t\t<a href=\"\/association\/our-services\/asian-community-psychiatric-clinic-partnership\/ko\/\" target=\"_self\" role=\"button\" rel=\"noopener\">\n\t\t\t\t\t\t\t\ud55c\uad6d\uc5b4\n\t\t\t\t\t<\/a>\n\t\t\t<a href=\"\/association\/our-services\/asian-community-psychiatric-clinic-partnership\/vi\/\" target=\"_self\" role=\"button\" rel=\"noopener\">\n\t\t\t\t\t\t\tTi\u1ebfng Vi\u1ec7t\n\t\t\t\t\t<\/a>\n\t\t\t<a href=\"\/association\/our-services\/asian-community-psychiatric-clinic-partnership\/kh\/\" target=\"_self\" role=\"button\" rel=\"noopener\">\n\t\t\t\t\t\t\t\u1797\u17b6\u179f\u17b6\u1781\u17d2\u1798\u17c2\u179a\n\t\t\t\t\t<\/a>\n\t\t\t\t<img loading=\"lazy\" decoding=\"async\" src=\"https:\/\/hongfook.ca\/association\/wp-content\/uploads\/sites\/3\/2021\/03\/asian-clinic-masthead.jpg\" alt=\"Asian Community Psychiatric Clinic (Partnership)\" itemprop=\"image\" height=\"400\" width=\"1000\" title=\"Asian Community Psychiatric Clinic (Partnership)\" onerror=\"this.style.display='none'\"  \/>\n\t<p>Hong Fook h\u1ee3p t\u00e1c v\u1edbi m\u1ed9t nh\u00f3m b\u00e1c s\u0129 t\u00e2m th\u1ea7n t\u1eeb hai n\u1ec1n v\u0103n h\u00f3a \u0111\u1ec3 t\u1ea1o \u0111i\u1ec1u ki\u1ec7n ti\u1ebfp c\u1eadn v\u1edbi c\u00e1c d\u1ecbch v\u1ee5 \u0111\u00e1nh gi\u00e1 t\u00e2m th\u1ea7n, \u0111i\u1ec1u tr\u1ecb, ti\u00eam thu\u1ed1c, qu\u1ea3n l\u00fd ca b\u1ec7nh v\u00e0 c\u00e1c d\u1ecbch v\u1ee5 h\u1ed7 tr\u1ee3 li\u00ean quan. B\u00ean ngo\u00e0i Th\u00e0nh ph\u1ed1 Toronto, c\u00e1c d\u1ecbch v\u1ee5 c\u00f3 th\u1ec3 \u0111\u01b0\u1ee3c cung c\u1ea5p th\u00f4ng qua c\u00e1c c\u01a1 s\u1edf h\u1ed9i ch\u1ea9n b\u1ec7nh t\u1eeb xa v\u00e0 h\u1ed9i ch\u1ea9n b\u1ec7nh truy\u1ec1n h\u00ecnh qua h\u1ec7 th\u1ed1ng Ontario Telemedicine Network.<\/p>\n<p>Ph\u00f2ng kh\u00e1m T\u00e2m th\u1ea7n C\u1ed9ng \u0111\u1ed3ng Ch\u00e2u \u00c1 (Asian Clinic) t\u1eadp trung ngu\u1ed3n l\u1ef1c c\u1ee7a m\u00ecnh v\u00e0o vi\u1ec7c cung c\u1ea5p d\u1ecbch v\u1ee5 \u0111\u00e1nh gi\u00e1 v\u00e0 t\u01b0 v\u1ea5n c\u1ee5 th\u1ec3 v\u1ec1 s\u1eafc t\u1ed9c cho kh\u00e1ch t\u1eeb c\u00e1c c\u1ed9ng \u0111\u1ed3ng \u0110\u00f4ng v\u00e0 \u0110\u00f4ng Nam \u00c1 (Campuchia, Trung Qu\u1ed1c, H\u00e0n Qu\u1ed1c v\u00e0 Vi\u1ec7t Nam). Ch\u01b0\u01a1ng tr\u00ecnh t\u01b0 v\u1ea5n c\u0169ng \u0111\u01b0\u1ee3c cung c\u1ea5p cho c\u00e1c c\u01a1 quan ph\u1ee5c v\u1ee5 nh\u1eefng nh\u00f3m d\u00e2n c\u01b0 n\u00e0y.<\/p>\n<p>M\u1ed9t y t\u00e1 c\u00f3 gi\u1ea5y ph\u00e9p h\u00e0nh ngh\u1ec1 c\u1ee7a Hong Fook cung c\u1ea5p d\u1ecbch v\u1ee5 ti\u00eam thu\u1ed1c v\u00e0 t\u01b0 v\u1ea5n \u0111i\u1ec1u d\u01b0\u1ee1ng cho c\u00e1c kh\u00e1ch c\u1ee7a Ph\u00f2ng kh\u00e1m Ch\u00e2u \u00c1 v\u1edbi s\u1ef1 \u1ee7y quy\u1ec1n c\u1ee7a c\u00e1c b\u00e1c s\u0129 t\u00e2m th\u1ea7n.<\/p>\n<p>Quy tr\u00ecnh gi\u1edbi thi\u1ec7u \u0111i kh\u00e1m chuy\u00ean khoa t\u00e2m th\u1ea7n t\u1ea1i Ph\u00f2ng kh\u00e1m \u00c1 Ch\u00e2u:<\/p>\n<ol>\n<li aria-level=\"1\">Ch\u00fang t\u00f4i ch\u1ea5p nh\u1eadn gi\u1ea5y gi\u1edbi thi\u1ec7u d\u00e0nh cho nh\u1eefng b\u1ec7nh nh\u00e2n 16 tu\u1ed5i tr\u1edf l\u00ean. B\u00e1c s\u0129 \u0111a khoa (GP) gi\u1edbi thi\u1ec7u li\u00ean l\u1ea1c v\u1edbi Hong Fook theo s\u1ed1 416-493-4242 v\u00e0 \u0111i\u1ec1n m\u1eabu \u0111\u01a1n\u00a0 gi\u1edbi thi\u1ec7u (<a href=\"\/association\/wp-content\/uploads\/sites\/3\/2023\/03\/AC_referral_form-Oct-2021_current.pdf\" target=\"_blank\" rel=\"noopener\">t\u1ea3i v\u1ec1 t\u1ea1i \u0111\u00e2y<\/a>). \u0110\u1ec3 bi\u1ebft th\u00eam th\u00f4ng tin v\u1ec1 Ph\u00f2ng kh\u00e1m Ch\u00e2u \u00c1 \u1edf Markham, vui l\u00f2ng t\u1ea3i xu\u1ed1ng b\u1ea3ng th\u00f4ng tin (<a href=\"\/association\/wp-content\/uploads\/sites\/3\/2023\/03\/Asian-Clinic-Markham-Info-Sheet.pdf\" target=\"_blank\" rel=\"noopener\">t\u1ea3i v\u1ec1 t\u1ea1i \u0111\u00e2y<\/a>).<\/li>\n<li aria-level=\"1\">Nh\u00e2n vi\u00ean h\u00e0nh ch\u00ednh chuy\u1ec3n t\u1ea5t c\u1ea3 c\u00e1c gi\u1ea5y gi\u1edbi thi\u1ec7u m\u1edbi cho Gi\u00e1m \u0111\u1ed1c Y khoa c\u1ee7a Ph\u00f2ng kh\u00e1m \u00c1 Ch\u00e2u \u0111\u1ec3 kh\u00e1m s\u00e0ng l\u1ecdc.<\/li>\n<li aria-level=\"1\">Nh\u00e2n vi\u00ean h\u00e0nh ch\u00ednh s\u1ebd g\u1eedi cho ngu\u1ed3n gi\u1edbi thi\u1ec7u m\u1ed9t l\u00e1 th\u01b0 x\u00e1c nh\u1eadn v\u1ec1 k\u1ebft qu\u1ea3 s\u00e0ng l\u1ecdc. N\u1ebfu kh\u00e1ch \u0111\u01b0\u1ee3c ch\u1ea5p nh\u1eadn s\u1eed d\u1ee5ng d\u1ecbch v\u1ee5 c\u1ee7a Ph\u00f2ng Kh\u00e1m \u0110a Khoa \u00c1 Ch\u00e2u, nh\u00e2n vi\u00ean h\u00e0nh ch\u00ednh s\u1ebd l\u00ean l\u1ecbch h\u1eb9n kh\u00e1m l\u1ea7n \u0111\u1ea7u ti\u00ean v\u00e0 th\u00f4ng b\u00e1o ng\u00e0y h\u1eb9n cho b\u00e1c s\u0129 \u0111a khoa trong th\u01b0 n\u00e0y. Sau \u0111\u00f3 b\u00e1c s\u0129 \u0111a khoa \u0111\u01b0\u1ee3c gi\u1edbi thi\u1ec7u s\u1ebd th\u00f4ng b\u00e1o cho kh\u00e1ch v\u1ec1 ng\u00e0y h\u1eb9n.<\/li>\n<li aria-level=\"1\">B\u00e1c s\u0129 chuy\u00ean khoa t\u00e2m th\u1ea7n c\u1ee7a Ph\u00f2ng Kh\u00e1m \u0110a Khoa \u00c1 Ch\u00e2u s\u1ebd tr\u1ef1c ti\u1ebfp h\u1eb9n ng\u00e0y t\u00e1i kh\u00e1m v\u1edbi kh\u00e1ch.<\/li>\n<\/ol>\n\n","protected":false},"excerpt":{"rendered":"<p>English \u7e41\u9ad4\u4e2d\u6587 \u7b80\u4f53\u4e2d\u6587 \ud55c\uad6d\uc5b4 Ti\u1ebfng Vi\u1ec7t \u1797\u17b6\u179f\u17b6\u1781\u17d2\u1798\u17c2\u179a Hong Fook h\u1ee3p t\u00e1c v\u1edbi m\u1ed9t nh\u00f3m b\u00e1c s\u0129 t\u00e2m th\u1ea7n t\u1eeb hai n\u1ec1n v\u0103n h\u00f3a \u0111\u1ec3 t\u1ea1o \u0111i\u1ec1u ki\u1ec7n ti\u1ebfp c\u1eadn v\u1edbi c\u00e1c d\u1ecbch v\u1ee5 \u0111\u00e1nh gi\u00e1 t\u00e2m th\u1ea7n, \u0111i\u1ec1u tr\u1ecb, ti\u00eam thu\u1ed1c, qu\u1ea3n l\u00fd ca b\u1ec7nh v\u00e0 c\u00e1c d\u1ecbch v\u1ee5 h\u1ed7 tr\u1ee3 li\u00ean quan. B\u00ean ngo\u00e0i &hellip; <\/p>\n<div class=\"link-more\"><a href=\"https:\/\/hongfook.ca\/association\/our-services\/asian-community-psychiatric-clinic-partnership\/vi\/\" class=\"more-link\">Read More<span class=\"screen-reader-text\"> &#8220;Ph\u00f2ng kh\u00e1m T\u00e2m th\u1ea7n C\u1ed9ng \u0111\u1ed3ng Ch\u00e2u \u00c1 (Quan h\u1ec7 \u0111\u1ed1i t\u00e1c)&#8221;<\/span><\/a><\/div>\n","protected":false},"author":1,"featured_media":0,"parent":577,"menu_order":0,"comment_status":"closed","ping_status":"closed","template":"page-template\/right-sidebar.php","meta":{"om_disable_all_campaigns":false,"ngg_post_thumbnail":0,"footnotes":""},"class_list":["post-2862","page","type-page","status-publish","hentry"],"aioseo_notices":[],"_links":{"self":[{"href":"https:\/\/hongfook.ca\/association\/wp-json\/wp\/v2\/pages\/2862","targetHints":{"allow":["GET"]}}],"collection":[{"href":"https:\/\/hongfook.ca\/association\/wp-json\/wp\/v2\/pages"}],"about":[{"href":"https:\/\/hongfook.ca\/association\/wp-json\/wp\/v2\/types\/page"}],"author":[{"embeddable":true,"href":"https:\/\/hongfook.ca\/association\/wp-json\/wp\/v2\/users\/1"}],"replies":[{"embeddable":true,"href":"https:\/\/hongfook.ca\/association\/wp-json\/wp\/v2\/comments?post=2862"}],"version-history":[{"count":8,"href":"https:\/\/hongfook.ca\/association\/wp-json\/wp\/v2\/pages\/2862\/revisions"}],"predecessor-version":[{"id":4554,"href":"https:\/\/hongfook.ca\/association\/wp-json\/wp\/v2\/pages\/2862\/revisions\/4554"}],"up":[{"embeddable":true,"href":"https:\/\/hongfook.ca\/association\/wp-json\/wp\/v2\/pages\/577"}],"wp:attachment":[{"href":"https:\/\/hongfook.ca\/association\/wp-json\/wp\/v2\/media?parent=2862"}],"curies":[{"name":"wp","href":"https:\/\/api.w.org\/{rel}","templated":true}]}}