{"id":2844,"date":"2021-05-29T04:58:49","date_gmt":"2021-05-29T04:58:49","guid":{"rendered":"https:\/\/hongfook.ca\/association\/?page_id=2844"},"modified":"2021-06-01T05:11:38","modified_gmt":"2021-06-01T05:11:38","slug":"vi","status":"publish","type":"page","link":"https:\/\/hongfook.ca\/association\/our-services\/training-program\/vi\/","title":{"rendered":"Ch\u01b0\u01a1ng Tr\u00ecnh \u0110\u00e0o T\u1ea1o"},"content":{"rendered":"\n\n\t\t\t<a href=\"\/association\/our-services\/training-program\/\" target=\"_self\" role=\"button\" rel=\"noopener\">\n\t\t\t\t\t\t\tEnglish\n\t\t\t\t\t<\/a>\n\t\t\t<a href=\"\/association\/our-services\/training-program\/tc\/\" target=\"_self\" role=\"button\" rel=\"noopener\">\n\t\t\t\t\t\t\t\u7e41\u9ad4\u4e2d\u6587\n\t\t\t\t\t<\/a>\n\t\t\t<a href=\"\/association\/our-services\/training-program\/sc\/\" target=\"_self\" role=\"button\" rel=\"noopener\">\n\t\t\t\t\t\t\t\u7b80\u4f53\u4e2d\u6587\n\t\t\t\t\t<\/a>\n\t\t\t<a href=\"\/association\/our-services\/training-program\/ko\/\" target=\"_self\" role=\"button\" rel=\"noopener\">\n\t\t\t\t\t\t\t\ud55c\uad6d\uc5b4\n\t\t\t\t\t<\/a>\n\t\t\t<a href=\"\/association\/our-services\/training-program\/vi\/\" target=\"_self\" role=\"button\" rel=\"noopener\">\n\t\t\t\t\t\t\tTi\u1ebfng Vi\u1ec7t\n\t\t\t\t\t<\/a>\n\t\t\t<a href=\"\/association\/our-services\/training-program\/kh\/\" target=\"_self\" role=\"button\" rel=\"noopener\">\n\t\t\t\t\t\t\t\u1797\u17b6\u179f\u17b6\u1781\u17d2\u1798\u17c2\u179a\n\t\t\t\t\t<\/a>\n\t\t\t\t<img decoding=\"async\" src=\"https:\/\/hongfook.ca\/association\/wp-content\/uploads\/sites\/3\/2021\/03\/training-program-masthead.jpg\" alt=\"Training Program\" itemprop=\"image\" title=\"Training Program\" onerror=\"this.style.display='none'\"  \/>\n\t\n<p>&nbsp;<\/p>\n<h3><b>H\u00e0nh tr\u00ecnh th\u00fac \u0111\u1ea9y s\u1ee9c kh\u1ecfe t\u00e2m th\u1ea7n:<\/b><\/h3>\n\n<p>Nh\u00e2n vi\u00ean \u0111\u1ecbnh c\u01b0 th\u01b0\u1eddng l\u00e0 \u0111i\u1ec3m li\u00ean l\u1ea1c \u0111\u1ea7u ti\u00ean cho ng\u01b0\u1eddi m\u1edbi \u0111\u1ebfn. H\u01a1n n\u1eefa, khi nh\u1eefng ng\u01b0\u1eddi m\u1edbi \u0111\u1ebfn c\u1ea7n s\u1ef1 gi\u00fap \u0111\u1ee1, h\u1ecd th\u01b0\u1eddng s\u1ebd ti\u1ebfp x\u00fac v\u1edbi nh\u00e2n vi\u00ean \u0111\u1ecbnh c\u01b0 \u0111\u1ec3 \u0111\u01b0\u1ee3c t\u01b0 v\u1ea5n v\u00e0 tr\u1ee3 gi\u00fap. <b>H\u1ed3ng Ph\u00fac<\/b> cung c\u1ea5p m\u1ed9t chu\u1ed7i h\u00e0nh tr\u00ecnh th\u00fac \u0111\u1ea9y \u0111\u00e0o t\u1ea1o s\u1ee9c kh\u1ecfe t\u00e2m th\u1ea7n cho nh\u00e2n vi\u00ean \u0111\u1ecbnh c\u01b0, \u0111\u1ec3 n\u00e2ng cao ki\u1ebfn \u200b\u200bth\u1ee9c v\u1ec1 s\u1ee9c kh\u1ecfe t\u00e2m th\u1ea7n v\u00e0 l\u00e0m n\u1ed5i b\u1eadt c\u00e1c ph\u01b0\u01a1ng th\u1ee9c \u0111\u1ed1i ph\u00f3 \u0111\u1ec3 gi\u1ea3i quy\u1ebft nh\u1eefng b\u01b0\u1edbc \u0111\u1ea7u gian nan c\u1ee7a nh\u1eefng ng\u01b0\u1eddi m\u1edbi \u0111\u1ebfn.<\/p>\n<p>K\u1ebft qu\u1ea3 mong \u0111\u1ee3i t\u1ea1i c\u00e1c cu\u1ed9c h\u1ed9i th\u1ea3o:<\/p>\n<ul>\n<li aria-level=\"1\">N\u00e2ng cao ki\u1ebfn \u200b\u200bth\u1ee9c v\u1ec1 c\u00e1c v\u1ea5n \u0111\u1ec1 s\u1ee9c kh\u1ecfe t\u00e2m th\u1ea7n v\u00e0 di c\u01b0<\/li>\n<li aria-level=\"1\">Ph\u00e1t tri\u1ec3n ki\u1ebfn \u200b\u200bth\u1ee9c \u0111\u1ec3 ph\u00e1t hi\u1ec7n s\u1edbm c\u00e1c v\u1ea5n \u0111\u1ec1 s\u1ee9c kh\u1ecfe t\u00e2m th\u1ea7n v\u00e0 b\u1ec7nh t\u00e2m th\u1ea7n<\/li>\n<li aria-level=\"1\">Nh\u1eadn bi\u1ebft c\u00e1c d\u1ea5u hi\u1ec7u v\u00e0 tri\u1ec7u ch\u1ee9ng c\u1ee7a ch\u1ea5n th\u01b0\u01a1ng \u1edf th\u00e2n ch\u1ee7<\/li>\n<li aria-level=\"1\">Trang b\u1ecb c\u00e1c bi\u1ec7n ph\u00e1p ph\u00f2ng ng\u1eeba s\u1edbm<\/li>\n<li aria-level=\"1\">T\u0103ng c\u01b0\u1eddng s\u1ef1 hi\u1ec3u bi\u1ebft v\u1ec1 h\u1ec7 th\u1ed1ng s\u1ee9c kh\u1ecfe t\u00e2m th\u1ea7n v\u00e0 c\u00e1c ngu\u1ed3n t\u00e0i nguy\u00ean s\u1ee9c kh\u1ecfe t\u00e2m th\u1ea7n c\u1ed9ng \u0111\u1ed3ng<\/li>\n<li aria-level=\"1\">T\u0103ng c\u01b0\u1eddng c\u00e1ch ti\u1ebfp c\u1eadn c\u00f3 th\u1ea9m quy\u1ec1n v\u1ec1 v\u0103n h\u00f3a trong vi\u1ec7c \u0111\u1ec1 c\u1eadp \u0111\u1ebfn v\u00e0 can thi\u1ec7p v\u00e0o c\u00e1c v\u1ea5n \u0111\u1ec1 s\u1ee9c kh\u1ecfe t\u00e2m th\u1ea7n<\/li>\n<li aria-level=\"1\">Hi\u1ec3u c\u00e1c ph\u01b0\u01a1ng th\u1ee9c ti\u1ebfp c\u1eadn kh\u00e1c nhau v\u1ec1 m\u1eb7t v\u0103n h\u00f3a<\/li>\n<li aria-level=\"1\">T\u0103ng c\u01b0\u1eddng s\u1ef1 giao ti\u1ebfp \u0111\u1ea7y l\u00f2ng nh\u00e2n \u00e1i \u0111\u1ed1i v\u1edbi nh\u1eefng ng\u01b0\u1eddi m\u1edbi \u0111\u1ebfn<\/li>\n<li aria-level=\"1\">T\u0103ng c\u01b0\u1eddng nh\u1eadn th\u1ee9c v\u1ec1 vi\u1ec7c t\u1ef1 ch\u0103m s\u00f3c choc\u00e1c ng\u01b0\u1eddi cung c\u1ea5p d\u1ecbch v\u1ee5<\/li>\n<\/ul>\n\n\n\n<p>\u0110\u1ec3 bi\u1ebft th\u00eam th\u00f4ng tin, xin vui l\u00f2ng li\u00ean h\u1ec7 v\u1edbi \u0110i\u1ec1u ph\u1ed1i vi\u00ean \u0110\u00e0o t\u1ea1o 647-920-9017<\/p>\n<p>&nbsp;<\/p>\n<h3><b>\u0110\u00e0o T\u1ea1o C\u01a1 B\u1ea3n V\u1ec1 S\u01a1 C\u1ee9u S\u1ee9c Kh\u1ecfe T\u00e2m Th\u1ea7n\u00a0<\/b><\/h3>\n<p>Theo \u1ee6y ban S\u1ee9c kh\u1ecfe T\u00e2m th\u1ea7n Canada, trong v\u00f2ng m\u1ed9t n\u0103m, c\u1ee9 n\u0103m ng\u01b0\u1eddi Canada th\u00ec c\u00f3 m\u1ed9t ng\u01b0\u1eddi g\u1eb7p v\u1ea5n \u0111\u1ec1 v\u1ec1 s\u1ee9c kh\u1ecfe t\u00e2m th\u1ea7n. Ch\u00fang ta th\u01b0\u1eddng bi\u1ebft nhi\u1ec1u v\u1ec1 b\u1ec7nh t\u1eadt th\u1ec3 ch\u1ea5t nh\u01b0ng l\u1ea1i \u00edt hi\u1ec3u bi\u1ebft\u00a0 v\u1ec1 s\u1ee9c kh\u1ecfe t\u00e2m th\u1ea7n ho\u1eb7c c\u00e1c v\u1ea5n \u0111\u1ec1 s\u1eed d\u1ee5ng ch\u1ea5t g\u00e2y nghi\u1ec7n.<\/p>\n<p>Kh\u00f3a Hu\u1ea5n luy\u1ec7n C\u01a1 b\u1ea3n v\u1ec1 S\u01a1 c\u1ee9u S\u1ee9c kh\u1ecfe T\u00e2m th\u1ea7n d\u00e0nh cho ng\u01b0\u1eddi l\u1edbn t\u01b0\u01a1ng t\u00e1c v\u1edbi ng\u01b0\u1eddi l\u1edbn (18 tu\u1ed5i tr\u1edf l\u00ean). Kh\u00f3a h\u1ecdc n\u00e0y t\u1eadp trung v\u00e0o b\u1ed1n ch\u1ee9ng r\u1ed1i lo\u1ea1n s\u1ee9c kh\u1ecfe t\u00e2m th\u1ea7n ph\u1ed5 bi\u1ebfn nh\u1ea5t li\u00ean quan \u0111\u1ebfn thu\u1ed1c c\u1ea5m, \u0111\u1ebfn t\u00e2m tr\u1ea1ng, \u0111\u1ebfn s\u1ef1 lo l\u1eafng c\u00f9ng ch\u1ea5n th\u01b0\u01a1ng v\u00e0 r\u1ed1i lo\u1ea1n t\u00e2m th\u1ea7n. Nh\u1eefng ng\u01b0\u1eddi tham gia kh\u00f3a h\u1ecdc n\u00e0y \u0111\u01b0\u1ee3c chu\u1ea9n b\u1ecb chu \u0111\u00e1o \u0111\u1ec3 t\u01b0\u01a1ng t\u00e1c m\u1ed9t c\u00e1ch t\u1ef1 tin v\u1ec1 s\u1ee9c kh\u1ecfe t\u00e2m th\u1ea7n v\u1edbi gia \u0111\u00ecnh, b\u1ea1n b\u00e8, c\u1ed9ng \u0111\u1ed3ng v\u00e0 n\u01a1i l\u00e0m vi\u1ec7c c\u1ee7a h\u1ecd. C\u00e1c gi\u1ea3ng vi\u00ean c\u1ee7a ch\u00fang t\u00f4i c\u00f3\u00a0 ch\u1ee9ng ch\u1ec9 v\u1ec1 s\u1ee9c kh\u1ecfe t\u00e2m th\u1ea7n t\u1ea1i Canada, cung c\u1ea5p c\u00e1c kh\u00f3a \u0111\u00e0o t\u1ea1o tr\u1ef1c ti\u1ebfp v\u00e0 qua m\u1ea1ng \u1ea3o trong c\u1ed9ng \u0111\u1ed3ng.<\/p>\n<p>\u0110\u1ec3 bi\u1ebft th\u00eam th\u00f4ng tin, vui l\u00f2ng li\u00ean h\u1ec7 v\u1edbi Ng\u01b0\u1eddi qu\u1ea3n l\u00fd, Th\u0103ng ti\u1ebfn Ngu\u1ed3n l\u1ef1c v\u00e0 Truy\u1ec1n th\u00f4ng 416-493-4242 X 2258<\/p>\n<p>&nbsp;<\/p>\n<h3><strong>\u0110\u00e0o T\u1ea1o N\u0103ng L\u1ef1c V\u0103n H\u00f3a\u00a0<\/strong><\/h3>\n<p>Ch\u0103m s\u00f3c n\u0103ng l\u1ef1c v\u0103n h\u00f3a l\u00e0 m\u1ed9t th\u00e0nh ph\u1ea7n d\u1ecbch v\u1ee5 quan tr\u1ecdng kh\u00f4ng th\u1ec3 b\u1ecf qua\u00a0 v\u00e0 cam k\u1ebft cung c\u1ea5p d\u1ecbch v\u1ee5 ch\u0103m s\u00f3c c\u00f3 ch\u1ea5t l\u01b0\u1ee3ng cho c\u00e1c c\u1ed9ng \u0111\u1ed3ng \u0111a d\u1ea1ng. S\u1ef1 hi\u1ec3u bi\u1ebft c\u1ee7a \u0111\u1ea1i \u0111a s\u1ed1 c\u00e1c nh\u00f3m d\u00e2n c\u01b0 \u0111a d\u1ea1ng v\u1ec1 c\u00e1c kh\u00e1i ni\u1ec7m s\u1ee9c kh\u1ecfe t\u00e2m th\u1ea7n kh\u00e1c nhau, \u0111i\u1ec1u n\u00e0y c\u00f3 t\u00e1c \u0111\u1ed9ng tr\u1ef1c ti\u1ebfp \u0111\u1ebfn h\u00e0nh vi t\u00ecm ki\u1ebfm s\u1ef1 gi\u00fap \u0111\u1ee1 v\u00e0 l\u1ef1a ch\u1ecdn ph\u01b0\u01a1ng ph\u00e1p \u0111i\u1ec1u tr\u1ecb c\u1ee7a h\u1ecd. Nh\u1eefng b\u1ea5t b\u00ecnh \u0111\u1eb3ng v\u1ec1 c\u1ea5u tr\u00fac nh\u01b0 ph\u00e2n bi\u1ec7t \u0111\u1ed1i x\u1eed v\u00e0 ph\u00e2n bi\u1ec7t ch\u1ee7ng t\u1ed9c \u0111\u1ec1u c\u00f3 th\u1ec3 t\u1ea1o ra v\u00e0 l\u00e0m tr\u1ea7m tr\u1ecdng th\u00eam t\u00ecnh tr\u1ea1ng d\u1ec5 b\u1ecb t\u1ed5n th\u01b0\u01a1ng. Nhi\u1ec1u c\u01b0 d\u00e2n d\u1ec5 b\u1ecb t\u1ed5n th\u01b0\u01a1ng trong Khu v\u1ef1c \u0110\u1ea1i \u0110\u00f4 Th\u1ecb Toronto l\u00e0 th\u1ed5 d\u00e2n, ng\u01b0\u1eddi m\u1edbi nh\u1eadp c\u01b0, ph\u1ee5 n\u1eef, thanh ni\u00ean, nh\u1eefng c\u1ed9ng \u0111\u1ed3ng b\u1ecb ph\u00e2n bi\u1ec7t ch\u1ee7ng t\u1ed9c v\u00e0 nh\u1eefng ng\u01b0\u1eddi g\u1eb7p kh\u00f3 kh\u0103n v\u00e0 khuy\u1ebft t\u1eadt v\u1ec1 s\u1ee9c kh\u1ecfe t\u00e2m th\u1ea7n, LGBTQ2S, di d\u00e2n, ng\u01b0\u1eddi t\u1ecb n\u1ea1n, ng\u01b0\u1eddi c\u00f3 thu nh\u1eadp th\u1ea5p v\u00e0 kh\u00f4ng c\u00f3 gi\u1ea5y t\u1edd t\u00f9y th\u00e2n, nh\u1eefng ng\u01b0\u1eddi c\u00f3 th\u1ec3 m\u00f9 ch\u1eef ho\u1eb7c v\u1edbi tr\u00ecnh \u0111\u1ed9 v\u0103n h\u00f3a th\u1ea5p v\u00e0 thi\u1ebfu k\u1ef9 n\u0103ng s\u1eed d\u1ee5ng ti\u1ebfng Anh ho\u1eb7c ti\u1ebfng Ph\u00e1p. H\u1ecd c\u0169ng c\u00f3 th\u1ec3 g\u1eb7p kh\u00f3 kh\u0103n trong vi\u1ec7c hi\u1ec3u c\u00e1ch \u0111i\u1ec1u h\u01b0\u1edbng c\u00e1c h\u1ec7 th\u1ed1ng s\u1ee9c kh\u1ecfe t\u00e2m th\u1ea7n v\u00e0 y t\u1ebf.<\/p>\n<p>H\u1ed3ng Ph\u00fac nh\u1eadn ra nh\u1eefng th\u1eed th\u00e1ch v\u1ec1 v\u0103n h\u00f3a v\u00e0 ng\u00f4n ng\u1eef m\u00e0 nh\u00f3m c\u01b0 d\u00e2n d\u1ec5 b\u1ecb t\u1ed5n th\u01b0\u01a1ng ph\u1ea3i \u0111\u1ed1i m\u1eb7t v\u00e0 t\u1eadn t\u00e2m \u1ee7ng h\u1ed9 vi\u1ec7c ch\u0103m s\u00f3c c\u00f3 th\u1ea9m quy\u1ec1n v\u1ec1 v\u0103n h\u00f3a. \u0110\u00e0o t\u1ea1o N\u0103ng l\u1ef1c V\u0103n h\u00f3a bao g\u1ed3m hai c\u1ea5p \u0111\u1ed9, \u0111\u00f3 l\u00e0 \u0110\u00e0o t\u1ea1o c\u01a1 b\u1ea3n v\u00e0 \u0110\u00e0o t\u1ea1o n\u00e2ng cao. \u0110\u00e0o t\u1ea1o c\u01a1 b\u1ea3n m\u1edf ra cho t\u1ea5t c\u1ea3 c\u00e1c c\u1ea5p \u0111\u1ed9 nh\u00e2n s\u1ef1 \u0111\u1ec3 thi\u1ebft l\u1eadp ki\u1ebfn \u200b\u200bth\u1ee9c c\u01a1 b\u1ea3n v\u00e0 chuy\u1ec3n sang \u0110\u00e0o t\u1ea1o n\u00e2ng cao. Ch\u01b0\u01a1ng tr\u00ecnh \u0110\u00e0o t\u1ea1o N\u00e2ng cao bao g\u1ed3m ba khu\u00f4n m\u1eabu:<\/p>\n<ol>\n<li aria-level=\"1\">\u0110\u00e0o t\u1ea1o cho nh\u00e2n vi\u00ean tuy\u1ebfn \u0111\u1ea7u, \u0111\u1ec3 n\u00e2ng cao nh\u1eadn th\u1ee9c, hi\u1ec3u bi\u1ebft v\u00e0 ph\u1ea3n \u00e1nh c\u00e1c th\u00e0nh ki\u1ebfn \u200b\u200bc\u00e1 nh\u00e2n c\u1ee7a c\u00e1c nh\u00e0 cung c\u1ea5p d\u1ecbch v\u1ee5 v\u00e0 \u1ea3nh h\u01b0\u1edfng c\u1ee7a vi\u1ec7c \u0111\u1ed1i x\u1eed v\u00e0 ch\u0103m s\u00f3c \u0111\u1ed1i v\u1edbi kh\u00e1ch h\u00e0ng nh\u01b0 th\u1ebf n\u00e0o;<\/li>\n<li aria-level=\"1\">\u0110\u00e0o t\u1ea1o cho nh\u00e2n s\u1ef1 \u1edf c\u1ea5p qu\u1ea3n l\u00fd, \u0111\u1ec3 n\u00e2ng cao nh\u1eadn th\u1ee9c v\u00e0 hi\u1ec3u bi\u1ebft v\u1ec1 c\u00e1c l\u0129nh v\u1ef1c kh\u00e1c nhau c\u1ea7n \u0111\u01b0\u1ee3c gi\u1ea3i quy\u1ebft \u0111\u1ec3 m\u1ed9t t\u1ed5 ch\u1ee9c c\u00f3 th\u1ec3 cung c\u1ea5p d\u1ecbch v\u1ee5 ch\u0103m s\u00f3c c\u00f3 th\u1ea9m quy\u1ec1n v\u1ec1 v\u0103n h\u00f3a cho, v\u00e0 v\u1edbi kh\u00e1ch h\u00e0ng c\u00f9ng c\u00e1c th\u00e0nh vi\u00ean c\u1ee7a c\u1ed9ng \u0111\u1ed3ng; v\u00e0<\/li>\n<li aria-level=\"1\">\u0110\u00e0o t\u1ea1o cho nh\u00e2n s\u1ef1 \u1edf c\u1ea5p qu\u1ea3n tr\u1ecb, \u0111\u1ec3 n\u00e2ng cao nh\u1eadn th\u1ee9c v\u00e0 hi\u1ec3u bi\u1ebft v\u1ec1 vai tr\u00f2 c\u1ee7a c\u00e1c nh\u00e0 ho\u1ea1ch \u0111\u1ecbnh ch\u00ednh s\u00e1ch trong vi\u1ec7c x\u00e1c \u0111\u1ecbnh v\u00e0 \u0111\u01b0a ra c\u00e1c v\u1ea5n \u0111\u1ec1 \u01b0u ti\u00ean v\u1ec1 s\u1ef1 \u0111a d\u1ea1ng, s\u1ef1 c\u00f4ng b\u1eb1ng v\u00e0 s\u1ef1 s\u0103n s\u00f3c quan t\u00e2m \u0111\u1ebfn v\u0103n h\u00f3a trong t\u1ea5t c\u1ea3 c\u00e1c v\u0103n b\u1ea3n qu\u1ea3n tr\u1ecb v\u00e0 chi\u1ebfn l\u01b0\u1ee3c cho m\u1ed9t t\u1ed5 ch\u1ee9c.<\/li>\n<\/ol>\n<p>\u0110\u1ec3 bi\u1ebft th\u00eam th\u00f4ng tin, xin vui l\u00f2ng li\u00ean h\u1ec7 v\u1edbi \u0110i\u1ec1u ph\u1ed1i vi\u00ean \u0111\u00e0o t\u1ea1o 647-920-9017<\/p>\n<p>&nbsp;<\/p>\n<h3><b>\u0110\u00e0o t\u1ea1o s\u1ee9c kh\u1ecfe t\u1ea1i n\u01a1i l\u00e0m vi\u1ec7c<\/b><\/h3>\n<p>Nhi\u1ec1u khi c\u00f3 s\u1ef1 c\u00e1ch bi\u1ec7t gi\u1eefa ch\u1ee7 nh\u00e2n v\u00e0 nh\u00e2n vi\u00ean; c\u00e1c k\u1ef3 v\u1ecdng kinh doanh c\u00f3 th\u1ec3 g\u00e2y ra m\u1ee9c \u0111\u1ed9 c\u0103ng th\u1eb3ng gia t\u0103ng cho nh\u00e2n vi\u00ean, \u0111\u01b0a \u0111\u1ebfn t\u00e1c \u0111\u1ed9ng b\u1ea5t l\u1ee3i cho n\u0103ng su\u1ea5t. Theo m\u1ed9t nghi\u00ean c\u1ee9u g\u1ea7n \u0111\u00e2y c\u1ee7a \u1ee6y ban S\u1ee9c kh\u1ecfe T\u00e2m th\u1ea7n Canada, &#8220;82% c\u00e1c t\u1ed5 ch\u1ee9c tham gia tr\u1ea3 l\u1eddi \u0111\u00e3 x\u1ebfp h\u1ea1ng c\u00e1c t\u00ecnh tr\u1ea1ng s\u1ee9c kh\u1ecfe t\u00e2m th\u1ea7n l\u00e0 m\u1ed9t trong ba nguy\u00ean nh\u00e2n h\u00e0ng \u0111\u1ea7u g\u00e2y ra t\u1ed5n th\u01b0\u01a1ng ng\u1eafn h\u1ea1n (72% cho d\u00e0i h\u1ea1n).&#8221;<\/p>\n<p>\u0110i\u1ec1u n\u00e0y khi\u1ebfn ch\u1ee7 nh\u00e2n ph\u1ea3i ch\u1ecbu g\u00e1nh n\u1eb7ng nhi\u1ec1u h\u01a1n v\u1ec1 th\u1eddi h\u1ea1n \u0111\u00e1p \u1ee9ng v\u00e0 gi\u1ea3i quy\u1ebft c\u00e1c y\u00eau c\u1ea7u b\u1ed3i th\u01b0\u1eddng, trong khi nh\u00e2n vi\u00ean ti\u1ebfp t\u1ee5c c\u1ea3m th\u1ea5y \u00e1p l\u1ef1c c\u1ee7a vi\u1ec7c ph\u1ea3i ho\u00e0n t\u1ea5t \u0111\u00fang th\u1eddi h\u1ea1n khi h\u1ecd tr\u1edf l\u1ea1i ch\u1ed7 l\u00e0m.<\/p>\n<p>H\u1ed3ng Ph\u00fac t\u1ed5 ch\u1ee9c h\u1ed9i th\u1ea3o \u0111\u00e0o t\u1ea1o v\u1ec1 s\u1ee9c kh\u1ecfe t\u1ea1i n\u01a1i l\u00e0m vi\u1ec7c cho nh\u00e2n vi\u00ean, nh\u1eb1m gi\u00fap c\u00e1c c\u00f4ng ty t\u00ecm hi\u1ec3u v\u1ec1 c\u00e1ch x\u00e2y d\u1ef1ng m\u1ed9t m\u00f4i tr\u01b0\u1eddng t\u00edch c\u1ef1c, t\u1eeb \u0111\u00f3 th\u00fac \u0111\u1ea9y s\u1ef1 \u0111\u00e1p \u1ee9ng l\u00e0nh m\u1ea1nh v\u00e0 h\u1ea1nh ph\u00fac h\u01a1n t\u1eeb nh\u00e2n vi\u00ean. C\u00e1c cu\u1ed9c h\u1ed9i th\u1ea3o n\u00e0y \u0111\u01b0\u1ee3c thi\u1ebft k\u1ebf \u0111\u1ec3 thu h\u1eb9p kho\u1ea3ng c\u00e1ch gi\u1eefa ch\u1ee7 nh\u00e2n v\u00e0 nh\u00e2n vi\u00ean; th\u00f4ng qua vi\u1ec7c th\u1ea3o lu\u1eadn nh\u00f3m, th\u1eed \u0111\u00f3ng nh\u1eefng vai tr\u00f2 kh\u00e1c nhau, nghi\u00ean c\u1ee9u t\u00ecnh hu\u1ed1ng, h\u1ed9i th\u1ea3o th\u00f4ng tin, ch\u1ee7 nh\u00e2n\u00a0 v\u00e0 nh\u00e2n vi\u00ean t\u00ecm hi\u1ec3u v\u1ec1 c\u00e1ch \u0111\u1ed1i ph\u00f3 v\u1edbi s\u1ef1 c\u0103ng th\u1eb3ng, v\u1edbi c\u1ea3m x\u00fac v\u00e0 ch\u1ee9ng tr\u1ea7m c\u1ea3m. T\u1eeb \u0111\u00f3 \u0111\u1ea1t \u0111\u1ebfn c\u00e1c m\u1ee5c ti\u00eau l\u00e0 gi\u1ea3m s\u1ed1 ng\u00e0y \u1ed1m \u0111au, ng\u00e0y c\u0103ng th\u1eb3ng v\u00e0 ngh\u1ec9 ph\u00e9p; \u0111\u1ed3ng th\u1eddi t\u0103ng s\u1ef1 t\u00f4n tr\u1ecdng l\u1eabn nhau c\u0169ng nh\u01b0 n\u0103ng su\u1ea5t v\u00e0 s\u1ef1 h\u1ee3p t\u00e1c m\u1ea1nh m\u1ebd.<\/p>\n<p>Cho \u0111\u1ebfn nay, ch\u00fang t\u00f4i \u0111\u00e3 nh\u1eadn \u0111\u01b0\u1ee3c c\u00e1c y\u00eau c\u1ea7u \u0111\u00e0o t\u1ea1o nh\u01b0 v\u1eady t\u1eeb c\u1ea3 c\u00e1c t\u1ed5 ch\u1ee9c phi l\u1ee3i nhu\u1eadn, nh\u01b0 COSTI, Job Skills, v\u00e0 c\u00e1c doanh nghi\u1ec7p,\u00a0 nh\u01b0 ng\u00e2n h\u00e0ng v\u00e0 c\u00e1c nh\u00e0 h\u00e0ng l\u1edbn.<\/p>\n<p>\u0110\u1ec3 bi\u1ebft th\u00eam th\u00f4ng tin, xin vui l\u00f2ng li\u00ean h\u1ec7 v\u1edbi \u0110i\u1ec1u ph\u1ed1i vi\u00ean \u0111\u00e0o t\u1ea1o 647-920-9017<\/p>\n\n","protected":false},"excerpt":{"rendered":"<p>English \u7e41\u9ad4\u4e2d\u6587 \u7b80\u4f53\u4e2d\u6587 \ud55c\uad6d\uc5b4 Ti\u1ebfng Vi\u1ec7t \u1797\u17b6\u179f\u17b6\u1781\u17d2\u1798\u17c2\u179a &nbsp; H\u00e0nh tr\u00ecnh th\u00fac \u0111\u1ea9y s\u1ee9c kh\u1ecfe t\u00e2m th\u1ea7n: Nh\u00e2n vi\u00ean \u0111\u1ecbnh c\u01b0 th\u01b0\u1eddng l\u00e0 \u0111i\u1ec3m li\u00ean l\u1ea1c \u0111\u1ea7u ti\u00ean cho ng\u01b0\u1eddi m\u1edbi \u0111\u1ebfn. H\u01a1n n\u1eefa, khi nh\u1eefng ng\u01b0\u1eddi m\u1edbi \u0111\u1ebfn c\u1ea7n s\u1ef1 gi\u00fap \u0111\u1ee1, h\u1ecd th\u01b0\u1eddng s\u1ebd ti\u1ebfp x\u00fac v\u1edbi nh\u00e2n vi\u00ean \u0111\u1ecbnh c\u01b0 \u0111\u1ec3 \u0111\u01b0\u1ee3c t\u01b0 &hellip; <\/p>\n<div class=\"link-more\"><a href=\"https:\/\/hongfook.ca\/association\/our-services\/training-program\/vi\/\" class=\"more-link\">Read More<span class=\"screen-reader-text\"> &#8220;Ch\u01b0\u01a1ng Tr\u00ecnh \u0110\u00e0o T\u1ea1o&#8221;<\/span><\/a><\/div>\n","protected":false},"author":1,"featured_media":0,"parent":552,"menu_order":0,"comment_status":"closed","ping_status":"closed","template":"page-template\/right-sidebar.php","meta":{"om_disable_all_campaigns":false,"ngg_post_thumbnail":0,"footnotes":""},"class_list":["post-2844","page","type-page","status-publish","hentry"],"aioseo_notices":[],"_links":{"self":[{"href":"https:\/\/hongfook.ca\/association\/wp-json\/wp\/v2\/pages\/2844","targetHints":{"allow":["GET"]}}],"collection":[{"href":"https:\/\/hongfook.ca\/association\/wp-json\/wp\/v2\/pages"}],"about":[{"href":"https:\/\/hongfook.ca\/association\/wp-json\/wp\/v2\/types\/page"}],"author":[{"embeddable":true,"href":"https:\/\/hongfook.ca\/association\/wp-json\/wp\/v2\/users\/1"}],"replies":[{"embeddable":true,"href":"https:\/\/hongfook.ca\/association\/wp-json\/wp\/v2\/comments?post=2844"}],"version-history":[{"count":3,"href":"https:\/\/hongfook.ca\/association\/wp-json\/wp\/v2\/pages\/2844\/revisions"}],"predecessor-version":[{"id":3178,"href":"https:\/\/hongfook.ca\/association\/wp-json\/wp\/v2\/pages\/2844\/revisions\/3178"}],"up":[{"embeddable":true,"href":"https:\/\/hongfook.ca\/association\/wp-json\/wp\/v2\/pages\/552"}],"wp:attachment":[{"href":"https:\/\/hongfook.ca\/association\/wp-json\/wp\/v2\/media?parent=2844"}],"curies":[{"name":"wp","href":"https:\/\/api.w.org\/{rel}","templated":true}]}}