{"id":2799,"date":"2021-05-29T04:09:17","date_gmt":"2021-05-29T04:09:17","guid":{"rendered":"https:\/\/hongfook.ca\/association\/?page_id=2799"},"modified":"2021-06-01T05:08:35","modified_gmt":"2021-06-01T05:08:35","slug":"vi","status":"publish","type":"page","link":"https:\/\/hongfook.ca\/association\/our-services\/integrated-community-program\/vi\/","title":{"rendered":"Ch\u01b0\u01a1ng tr\u00ecnh C\u1ed9ng \u0111\u1ed3ng K\u1ebft h\u1ee3p"},"content":{"rendered":"\n\n\t\t\t<a href=\"\/association\/our-services\/integrated-community-program\/\" target=\"_self\" role=\"button\" rel=\"noopener\">\n\t\t\t\t\t\t\tEnglish\n\t\t\t\t\t<\/a>\n\t\t\t<a href=\"\/association\/our-services\/integrated-community-program\/tc\/\" target=\"_self\" role=\"button\" rel=\"noopener\">\n\t\t\t\t\t\t\t\u7e41\u9ad4\u4e2d\u6587\n\t\t\t\t\t<\/a>\n\t\t\t<a href=\"\/association\/our-services\/integrated-community-program\/sc\/\" target=\"_self\" role=\"button\" rel=\"noopener\">\n\t\t\t\t\t\t\t\u7b80\u4f53\u4e2d\u6587\n\t\t\t\t\t<\/a>\n\t\t\t<a href=\"\/association\/our-services\/integrated-community-program\/ko\/\" target=\"_self\" role=\"button\" rel=\"noopener\">\n\t\t\t\t\t\t\t\ud55c\uad6d\uc5b4\n\t\t\t\t\t<\/a>\n\t\t\t<a href=\"\/association\/our-services\/integrated-community-program\/vi\/\" target=\"_self\" role=\"button\" rel=\"noopener\">\n\t\t\t\t\t\t\tTi\u1ebfng Vi\u1ec7t\n\t\t\t\t\t<\/a>\n\t\t\t<a href=\"\/association\/our-services\/integrated-community-program\/kh\/\" target=\"_self\" role=\"button\" rel=\"noopener\">\n\t\t\t\t\t\t\t\u1797\u17b6\u179f\u17b6\u1781\u17d2\u1798\u17c2\u179a\n\t\t\t\t\t<\/a>\n\t\t\t\t<img decoding=\"async\" src=\"https:\/\/hongfook.ca\/association\/wp-content\/uploads\/sites\/3\/2021\/03\/integrated-community-program-masthead.jpg\" alt=\"Integrated Community Program\" itemprop=\"image\" title=\"Integrated Community Program\" onerror=\"this.style.display='none'\"  \/>\n\t\n\n\n<p>M\u1ee5c ti\u00eau chung c\u1ee7a\u00a0<b>Ch\u01b0\u01a1ng tr\u00ecnh C\u1ed9ng \u0111\u1ed3ng K\u1ebft h\u1ee3p<\/b>\u00a0l\u00e0 x\u00e2y d\u1ef1ng n\u0103ng l\u1ef1c c\u1ed9ng \u0111\u1ed3ng th\u00f4ng qua truy\u1ec1n \u0111\u1ea1t cho m\u1ecdi ng\u01b0\u1eddi ki\u1ebfn \u200b\u200bth\u1ee9c v\u1ec1 s\u1ee9c kh\u1ecfe t\u00e2m th\u1ea7n, v\u00e0 trao cho h\u1ecd c\u00e1c ngu\u1ed3n l\u1ef1c \u0111\u1ec3 h\u1ecd c\u00f3 th\u1ec3 \u0111\u00f3ng m\u1ed9t vai tr\u00f2 t\u00edch c\u1ef1c h\u01a1n khi n\u00f3i \u0111\u1ebfn s\u1ee9c kh\u1ecfe t\u00e2m th\u1ea7n c\u1ee7a h\u1ecd. C\u00e1c ch\u01b0\u01a1ng tr\u00ecnh c\u1ee7a ch\u00fang t\u00f4i nh\u1eb1m m\u1ee5c \u0111\u00edch x\u00e2y d\u1ef1ng n\u0103ng l\u1ef1c c\u1ed9ng \u0111\u1ed3ng b\u1eb1ng c\u00e1ch cung c\u1ea5p th\u00f4ng tin ch\u00ednh x\u00e1c \u0111\u1ec3 gi\u1ea3m s\u1ef1 k\u1ef3 th\u1ecb, b\u1eb1ng c\u00e1ch \u1ee7ng h\u1ed9 vi\u1ec7c ti\u1ebfp c\u1eadn b\u00ecnh \u0111\u1eb3ng v\u1edbi c\u00e1c d\u1ecbch v\u1ee5 s\u1ee9c kh\u1ecfe t\u00e2m th\u1ea7n v\u00e0 b\u1eb1ng c\u00e1ch khuy\u1ebfn kh\u00edch s\u1ef1 tham gia c\u1ee7a c\u1ed9ng \u0111\u1ed3ng.<\/p>\n<p>D\u1ef1a tr\u00ean c\u00e1ch ti\u1ebfp c\u1eadn trao quy\u1ec1n, Ch\u01b0\u01a1ng tr\u00ecnh C\u1ed9ng \u0111\u1ed3ng K\u1ebft h\u1ee3p c\u1ee7a ch\u00fang t\u00f4i:<\/p>\n<p>&nbsp;<\/p>\n<h3><b>Th\u00fac \u0111\u1ea9y nh\u1eadn th\u1ee9c<\/b><\/h3>\n<ul>\n<li aria-level=\"1\">N\u00e2ng cao s\u1ee9c kh\u1ecfe t\u00e2m th\u1ea7n nh\u1eafm v\u00e0o ng\u01b0\u1eddi Ch\u00e2u \u00c1 thu\u1ed9c nh\u00f3m thanh ni\u00ean, ph\u1ee5 n\u1eef, nam gi\u1edbi, ng\u01b0\u1eddi cao tu\u1ed5i v\u00e0 ng\u01b0\u1eddi m\u1edbi \u0111\u1ebfn.<\/li>\n<li aria-level=\"1\">H\u1ed9i ch\u1ee3 y t\u1ebf v\u00e0 t\u1ecda \u0111\u00e0m v\u1ec1 s\u1ee9c kh\u1ecfe t\u00e2m th\u1ea7n<\/li>\n<li aria-level=\"1\">T\u00e0i nguy\u00ean v\u00e0 gi\u00e1o d\u1ee5c \u0111a ng\u00f4n ng\u1eef<\/li>\n<li aria-level=\"1\">Chi\u1ebfn d\u1ecbch ch\u1ed1ng k\u1ef3 th\u1ecb<\/li>\n<li aria-level=\"1\">Qu\u1ea3ng c\u00e1o tr\u00ean ph\u01b0\u01a1ng ti\u1ec7n truy\u1ec1n th\u00f4ng \u0111\u1ea1i ch\u00fang, ch\u1eb3ng h\u1ea1n nh\u01b0 ph\u1ecfng v\u1ea5n tr\u00ean truy\u1ec1n th\u00f4ng, c\u00e1c cu\u1ed9c n\u00f3i chuy\u1ec7n v\u1ec1 s\u1ee9c kh\u1ecfe t\u00e2m th\u1ea7n tr\u00ean \u0111\u00e0i ph\u00e1t thanh v\u00e0 lo\u1ea1t b\u00e0i n\u00e2ng cao s\u1ee9c kh\u1ecfe t\u00e2m th\u1ea7n tr\u00ean c\u00e1c ph\u01b0\u01a1ng ti\u1ec7n truy\u1ec1n th\u00f4ng x\u00e3 h\u1ed9i v\u00e0 TV<\/li>\n<\/ul>\n<h3><\/h3>\n<h3><b>X\u00e2y d\u1ef1ng n\u0103ng l\u1ef1c<\/b><\/h3>\n<ul>\n<li aria-level=\"1\">C\u00e1c kh\u00f3a \u0111\u00e0o t\u1ea1o thi\u1ec7n nguy\u1ec7n vi\u00ean, ch\u1eb3ng h\u1ea1n nh\u01b0 \u0110\u00e0o t\u1ea1o \u0110\u1ea1i s\u1ee9 Y t\u1ebf<\/li>\n<li aria-level=\"1\"><a href=\"\/association\/our-services\/training-program\/vi\/\">\u0110\u00e0o t\u1ea1o chuy\u00ean m\u00f4n cho c\u00e1c nh\u00e0 cung c\u1ea5p d\u1ecbch v\u1ee5 v\u00e0 c\u00e1c chuy\u00ean gia kh\u00e1c<\/a><\/li>\n<li aria-level=\"1\">N\u00e2ng cao n\u0103ng l\u1ef1c c\u1ed9ng \u0111\u1ed3ng, tham gia v\u00e0 v\u1eadn \u0111\u1ed9ng ch\u00ednh s\u00e1ch<\/li>\n<\/ul>\n<h3><\/h3>\n<h3><b>T\u1ea1o \u0111i\u1ec1u ki\u1ec7n k\u1ebft n\u1ed1i<\/b><\/h3>\n<ul>\n<li aria-level=\"1\">Ph\u00e1t tri\u1ec3n c\u00e1 nh\u00e2n v\u00e0 c\u00e1c nh\u00f3m h\u1ed7 tr\u1ee3 l\u1eabn nhau<\/li>\n<li aria-level=\"1\">C\u00e1c ho\u1ea1t \u0111\u1ed9ng v\u00e0 s\u1ef1 ki\u1ec7n gi\u1ea3i tr\u00ed c\u1ed9ng \u0111\u1ed3ng x\u00e3 h\u1ed9i<\/li>\n<\/ul>\n\n","protected":false},"excerpt":{"rendered":"<p>English \u7e41\u9ad4\u4e2d\u6587 \u7b80\u4f53\u4e2d\u6587 \ud55c\uad6d\uc5b4 Ti\u1ebfng Vi\u1ec7t \u1797\u17b6\u179f\u17b6\u1781\u17d2\u1798\u17c2\u179a M\u1ee5c ti\u00eau chung c\u1ee7a\u00a0Ch\u01b0\u01a1ng tr\u00ecnh C\u1ed9ng \u0111\u1ed3ng K\u1ebft h\u1ee3p\u00a0l\u00e0 x\u00e2y d\u1ef1ng n\u0103ng l\u1ef1c c\u1ed9ng \u0111\u1ed3ng th\u00f4ng qua truy\u1ec1n \u0111\u1ea1t cho m\u1ecdi ng\u01b0\u1eddi ki\u1ebfn \u200b\u200bth\u1ee9c v\u1ec1 s\u1ee9c kh\u1ecfe t\u00e2m th\u1ea7n, v\u00e0 trao cho h\u1ecd c\u00e1c ngu\u1ed3n l\u1ef1c \u0111\u1ec3 h\u1ecd c\u00f3 th\u1ec3 \u0111\u00f3ng m\u1ed9t vai tr\u00f2 t\u00edch c\u1ef1c h\u01a1n khi &hellip; <\/p>\n<div class=\"link-more\"><a href=\"https:\/\/hongfook.ca\/association\/our-services\/integrated-community-program\/vi\/\" class=\"more-link\">Read More<span class=\"screen-reader-text\"> &#8220;Ch\u01b0\u01a1ng tr\u00ecnh C\u1ed9ng \u0111\u1ed3ng K\u1ebft h\u1ee3p&#8221;<\/span><\/a><\/div>\n","protected":false},"author":1,"featured_media":0,"parent":523,"menu_order":0,"comment_status":"closed","ping_status":"closed","template":"page-template\/right-sidebar.php","meta":{"om_disable_all_campaigns":false,"ngg_post_thumbnail":0,"footnotes":""},"class_list":["post-2799","page","type-page","status-publish","hentry"],"aioseo_notices":[],"_links":{"self":[{"href":"https:\/\/hongfook.ca\/association\/wp-json\/wp\/v2\/pages\/2799","targetHints":{"allow":["GET"]}}],"collection":[{"href":"https:\/\/hongfook.ca\/association\/wp-json\/wp\/v2\/pages"}],"about":[{"href":"https:\/\/hongfook.ca\/association\/wp-json\/wp\/v2\/types\/page"}],"author":[{"embeddable":true,"href":"https:\/\/hongfook.ca\/association\/wp-json\/wp\/v2\/users\/1"}],"replies":[{"embeddable":true,"href":"https:\/\/hongfook.ca\/association\/wp-json\/wp\/v2\/comments?post=2799"}],"version-history":[{"count":3,"href":"https:\/\/hongfook.ca\/association\/wp-json\/wp\/v2\/pages\/2799\/revisions"}],"predecessor-version":[{"id":3166,"href":"https:\/\/hongfook.ca\/association\/wp-json\/wp\/v2\/pages\/2799\/revisions\/3166"}],"up":[{"embeddable":true,"href":"https:\/\/hongfook.ca\/association\/wp-json\/wp\/v2\/pages\/523"}],"wp:attachment":[{"href":"https:\/\/hongfook.ca\/association\/wp-json\/wp\/v2\/media?parent=2799"}],"curies":[{"name":"wp","href":"https:\/\/api.w.org\/{rel}","templated":true}]}}