{"id":2782,"date":"2021-05-29T03:54:20","date_gmt":"2021-05-29T03:54:20","guid":{"rendered":"https:\/\/hongfook.ca\/association\/?page_id=2782"},"modified":"2021-06-17T21:15:51","modified_gmt":"2021-06-17T21:15:51","slug":"vi","status":"publish","type":"page","link":"https:\/\/hongfook.ca\/association\/our-services\/family-support-program\/vi\/","title":{"rendered":"Ch\u01b0\u01a1ng tr\u00ecnh H\u1ed7 tr\u1ee3 Gia \u0111\u00ecnh"},"content":{"rendered":"\n\n\t\t\t<a href=\"\/association\/our-services\/family-support-program\/\" target=\"_self\" role=\"button\" rel=\"noopener\">\n\t\t\t\t\t\t\tEnglish\n\t\t\t\t\t<\/a>\n\t\t\t<a href=\"\/association\/our-services\/family-support-program\/tc\/\" target=\"_self\" role=\"button\" rel=\"noopener\">\n\t\t\t\t\t\t\t\u7e41\u9ad4\u4e2d\u6587\n\t\t\t\t\t<\/a>\n\t\t\t<a href=\"\/association\/our-services\/family-support-program\/sc\/\" target=\"_self\" role=\"button\" rel=\"noopener\">\n\t\t\t\t\t\t\t\u7b80\u4f53\u4e2d\u6587\n\t\t\t\t\t<\/a>\n\t\t\t<a href=\"\/association\/our-services\/family-support-program\/ko\" target=\"_self\" role=\"button\" rel=\"noopener\">\n\t\t\t\t\t\t\t\ud55c\uad6d\uc5b4\n\t\t\t\t\t<\/a>\n\t\t\t<a href=\"\/association\/our-services\/family-support-program\/vi\/\" target=\"_self\" role=\"button\" rel=\"noopener\">\n\t\t\t\t\t\t\tTi\u1ebfng Vi\u1ec7t\n\t\t\t\t\t<\/a>\n\t\t\t<a href=\"\/association\/our-services\/family-support-program\/kh\/\" target=\"_self\" role=\"button\" rel=\"noopener\">\n\t\t\t\t\t\t\t\u1797\u17b6\u179f\u17b6\u1781\u17d2\u1798\u17c2\u179a\n\t\t\t\t\t<\/a>\n\t\t\t\t<img decoding=\"async\" src=\"https:\/\/hongfook.ca\/association\/wp-content\/uploads\/sites\/3\/2021\/03\/family-support-program-masthead.jpg\" alt=\"Family Support Program\" itemprop=\"image\" title=\"Family Support Program\" onerror=\"this.style.display='none'\"  \/>\n\t\t\t<a href=\"\/association\/wp-content\/uploads\/sites\/3\/2021\/03\/family-manual_vietnamese.pdf\" target=\"_blank\" role=\"button\" rel=\"noopener\">\n\t\t\t\t\t\t\t<b>Hi\u1ec3u Bi\u1ebft, N\u00e2ng \u0110\u1ee1 v\u00e0 T\u1ef1 Ch\u0103m S\u00f3c<\/b><br \/>T\u00e0i Li\u1ec7u H\u01b0\u1edbng D\u1eabn Cho Th\u00e0nh Vi\u00ean Gia \u0110\u00ecnh v\u00e0 Ng\u01b0\u1eddi Ch\u0103m S\u00f3c\n\t\t\t\t\t<\/a>\n\t<h3><strong>T\u00f4i c\u00f3 th\u1ec3 chia s\u1ebb v\u1edbi ai v\u1ec1 b\u1ec7nh t\u00e2m th\u1ea7n c\u1ee7a ng\u01b0\u1eddi th\u00e2n trong gia \u0111\u00ecnh c\u1ee7a t\u00f4i?<\/strong><\/h3>\n<p>V\u1edbi nhi\u1ec1u ng\u01b0\u1eddi, nh\u00f3m h\u1ed7 tr\u1ee3 gia \u0111\u00ecnh l\u00e0 n\u01a1i duy nh\u1ea5t h\u1ecd c\u00f3 th\u1ec3 chia s\u1ebb n\u1ed7i kh\u1ed5 \u0111au v\u00e0 s\u1ef1 tranh \u0111\u1ea5u c\u1ee7a h\u1ecd; gi\u1ea3i t\u1ecfa n\u1ed7i lo s\u1ee3 v\u00e0 ni\u1ec1m \u0111au c\u1ee7a h\u1ecd; c\u0169ng nh\u01b0 x\u00e2y d\u1ef1ng t\u00ecnh b\u1eb1ng h\u1eefu v\u00e0 ni\u1ec1m hy v\u1ecdng v\u1edbi t\u01b0 c\u00e1ch l\u00e0 ng\u01b0\u1eddi l\u00e0m c\u00f4ng vi\u1ec7c ch\u0103m s\u00f3c.<\/p>\n<p>&nbsp;<\/p>\n<h3><strong>Ch\u01b0\u01a1ng tr\u00ecnh H\u1ed7 tr\u1ee3 Gia \u0111\u00ecnh c\u1ee7a ch\u00fang t\u00f4i g\u1ed3m c\u00f3:<\/strong><\/h3>\n<ul>\n<li>C\u00e1c nh\u00f3m t\u01b0\u01a1ng tr\u1ee3 b\u1eb1ng ti\u1ebfng Qu\u1ea3ng \u0110\u00f4ng, Quan Tho\u1ea1i, v\u00e0 H\u00e0n Qu\u1ed1c d\u00e0nh cho c\u00e1c th\u00e0nh vi\u00ean trong gia \u0111\u00ecnh<\/li>\n<li>Gi\u00e1o d\u1ee5c v\u1ec1 s\u1ee9c kh\u1ecfe t\u00e2m th\u1ea7n v\u00e0 b\u1ec7nh t\u00e2m th\u1ea7n<\/li>\n<li>C\u00e1c k\u1ef9 n\u0103ng \u0111\u1ed1i ph\u00f3 v\u00e0 c\u00e1c ph\u01b0\u01a1ng ph\u00e1p t\u1ef1 ch\u0103m s\u00f3c b\u1ea3n th\u00e2n<\/li>\n<li>Hi\u1ec3u bi\u1ebft v\u1ec1 h\u1ec7 th\u1ed1ng s\u1ee9c kh\u1ecfe t\u00e2m th\u1ea7n<\/li>\n<li>Th\u00f4ng tin v\u1ec1 c\u00e1c ngu\u1ed3n tr\u1ee3 gi\u00fap trong c\u1ed9ng \u0111\u1ed3ng<\/li>\n<\/ul>\n\n","protected":false},"excerpt":{"rendered":"<p>English \u7e41\u9ad4\u4e2d\u6587 \u7b80\u4f53\u4e2d\u6587 \ud55c\uad6d\uc5b4 Ti\u1ebfng Vi\u1ec7t \u1797\u17b6\u179f\u17b6\u1781\u17d2\u1798\u17c2\u179a Hi\u1ec3u Bi\u1ebft, N\u00e2ng \u0110\u1ee1 v\u00e0 T\u1ef1 Ch\u0103m S\u00f3cT\u00e0i Li\u1ec7u H\u01b0\u1edbng D\u1eabn Cho Th\u00e0nh Vi\u00ean Gia \u0110\u00ecnh v\u00e0 Ng\u01b0\u1eddi Ch\u0103m S\u00f3c T\u00f4i c\u00f3 th\u1ec3 chia s\u1ebb v\u1edbi ai v\u1ec1 b\u1ec7nh t\u00e2m th\u1ea7n c\u1ee7a ng\u01b0\u1eddi th\u00e2n trong gia \u0111\u00ecnh c\u1ee7a t\u00f4i? V\u1edbi nhi\u1ec1u ng\u01b0\u1eddi, nh\u00f3m h\u1ed7 tr\u1ee3 gia \u0111\u00ecnh l\u00e0 &hellip; <\/p>\n<div class=\"link-more\"><a href=\"https:\/\/hongfook.ca\/association\/our-services\/family-support-program\/vi\/\" class=\"more-link\">Read More<span class=\"screen-reader-text\"> &#8220;Ch\u01b0\u01a1ng tr\u00ecnh H\u1ed7 tr\u1ee3 Gia \u0111\u00ecnh&#8221;<\/span><\/a><\/div>\n","protected":false},"author":1,"featured_media":0,"parent":475,"menu_order":0,"comment_status":"closed","ping_status":"closed","template":"page-template\/right-sidebar.php","meta":{"om_disable_all_campaigns":false,"ngg_post_thumbnail":0,"footnotes":""},"class_list":["post-2782","page","type-page","status-publish","hentry"],"aioseo_notices":[],"_links":{"self":[{"href":"https:\/\/hongfook.ca\/association\/wp-json\/wp\/v2\/pages\/2782","targetHints":{"allow":["GET"]}}],"collection":[{"href":"https:\/\/hongfook.ca\/association\/wp-json\/wp\/v2\/pages"}],"about":[{"href":"https:\/\/hongfook.ca\/association\/wp-json\/wp\/v2\/types\/page"}],"author":[{"embeddable":true,"href":"https:\/\/hongfook.ca\/association\/wp-json\/wp\/v2\/users\/1"}],"replies":[{"embeddable":true,"href":"https:\/\/hongfook.ca\/association\/wp-json\/wp\/v2\/comments?post=2782"}],"version-history":[{"count":4,"href":"https:\/\/hongfook.ca\/association\/wp-json\/wp\/v2\/pages\/2782\/revisions"}],"predecessor-version":[{"id":3304,"href":"https:\/\/hongfook.ca\/association\/wp-json\/wp\/v2\/pages\/2782\/revisions\/3304"}],"up":[{"embeddable":true,"href":"https:\/\/hongfook.ca\/association\/wp-json\/wp\/v2\/pages\/475"}],"wp:attachment":[{"href":"https:\/\/hongfook.ca\/association\/wp-json\/wp\/v2\/media?parent=2782"}],"curies":[{"name":"wp","href":"https:\/\/api.w.org\/{rel}","templated":true}]}}