{"id":2759,"date":"2021-05-29T03:36:03","date_gmt":"2021-05-29T03:36:03","guid":{"rendered":"https:\/\/hongfook.ca\/association\/?page_id=2759"},"modified":"2023-06-07T10:14:36","modified_gmt":"2023-06-07T15:14:36","slug":"vi","status":"publish","type":"page","link":"https:\/\/hongfook.ca\/association\/our-services\/clinical-service\/vi\/","title":{"rendered":"C\u00e1c D\u1ecbch v\u1ee5 L\u00e2m s\u00e0ng"},"content":{"rendered":"\n\n\t\t\t<a href=\"\/association\/our-services\/clinical-service\/\" target=\"_self\" role=\"button\" rel=\"noopener\">\n\t\t\t\t\t\t\tEnglish\n\t\t\t\t\t<\/a>\n\t\t\t<a href=\"\/association\/our-services\/clinical-service\/tc\/\" target=\"_self\" role=\"button\" rel=\"noopener\">\n\t\t\t\t\t\t\t\u7e41\u9ad4\u4e2d\u6587\n\t\t\t\t\t<\/a>\n\t\t\t<a href=\"\/association\/our-services\/clinical-service\/sc\/\" target=\"_self\" role=\"button\" rel=\"noopener\">\n\t\t\t\t\t\t\t\u7b80\u4f53\u4e2d\u6587\n\t\t\t\t\t<\/a>\n\t\t\t<a href=\"\/association\/our-services\/clinical-service\/ko\" target=\"_self\" role=\"button\" rel=\"noopener\">\n\t\t\t\t\t\t\t\ud55c\uad6d\uc5b4\n\t\t\t\t\t<\/a>\n\t\t\t<a href=\"\/association\/our-services\/clinical-service\/vi\/\" target=\"_self\" role=\"button\" rel=\"noopener\">\n\t\t\t\t\t\t\tTi\u1ebfng Vi\u1ec7t\n\t\t\t\t\t<\/a>\n\t\t\t<a href=\"\/association\/our-services\/clinical-service\/kh\/\" target=\"_self\" role=\"button\" rel=\"noopener\">\n\t\t\t\t\t\t\t\u1797\u17b6\u179f\u17b6\u1781\u17d2\u1798\u17c2\u179a\n\t\t\t\t\t<\/a>\n\t\t\t\t<img loading=\"lazy\" decoding=\"async\" src=\"https:\/\/hongfook.ca\/association\/wp-content\/uploads\/sites\/3\/2021\/03\/clinical-service-masthead.jpg\" alt=\"Clinical Service\" itemprop=\"image\" height=\"400\" width=\"1000\" title=\"Clinical Service\" onerror=\"this.style.display='none'\"  \/>\n\t<p><strong>B\u1ea1n tr\u00ean 16 tu\u1ed5i v\u00e0 lo l\u1eafng v\u1ec1 s\u1ee9c kh\u1ecfe t\u00e2m th\u1ea7n c\u1ee7a m\u00ecnh?<\/strong><\/p>\n<p><strong>Nh\u1eefng lo l\u1eafng n\u00e0y c\u00f3 c\u1ea3n tr\u1edf ho\u1eb7c h\u1ea1n ch\u1ebf c\u00e1c ho\u1ea1t \u0111\u1ed9ng ch\u00ednh y\u1ebfu trong cu\u1ed9c s\u1ed1ng c\u1ee7a b\u1ea1n kh\u00f4ng?<\/strong><\/p>\n<p><strong>Nh\u1eefng lo l\u1eafng n\u00e0y c\u00f3 \u1ea3nh h\u01b0\u1edfng \u0111\u1ebfn b\u1ea1n trong m\u1ed9t th\u1eddi gian d\u00e0i kh\u00f4ng?<\/strong><\/p>\n<p><strong>D\u1ecbch v\u1ee5 L\u00e2m s\u00e0ng \u0111\u00e1p \u1ee9ng v\u0103n h\u00f3a c\u1ee7a ch\u00fang t\u00f4i gi\u00fap Ti\u1ebfp nh\u1eadn, Qu\u1ea3n l\u00fd h\u1ed3 s\u01a1, H\u1ed7 tr\u1ee3 trong Nh\u00e0 \u1edf, Tr\u1ecb li\u1ec7u T\u00e2m l\u00fd Nh\u00f3m v\u00e0 cung c\u1ea5p M\u1ea1ng l\u01b0\u1edbi B\u00e1c s\u0129 T\u1eeb xa trong t\u1ec9nh bang Ontario.<\/strong><\/p>\n<p>&nbsp;<\/p>\n<h3><b>Giai \u0110o\u1ea1n Ti\u1ebfp Nh\u1eadn<\/b><\/h3>\n<p>Ti\u1ebfp nh\u1eadn l\u00e0 giai \u0111o\u1ea1n nh\u00e2n vi\u00ean ti\u1ebfp nh\u1eadn gi\u00fap kh\u00e1ch h\u00e0ng x\u00e1c \u0111\u1ecbnh c\u00e1c v\u1ea5n \u0111\u1ec1 \u0111ang\u00a0 hi\u1ec7n h\u1eefu,\u00a0 x\u00e1c \u0111\u1ecbnh t\u00ednh \u0111\u1ee7 \u0111i\u1ec1u ki\u1ec7n cho c\u00e1c d\u1ecbch v\u1ee5 v\u00e0 vi\u1ec7c gi\u1edbi thi\u1ec7u \u0111\u1ebfn c\u00e1c d\u1ecbch v\u1ee5 th\u00edch h\u1ee3p. T\u1ea1i Hong Fook, vi\u1ec7c ti\u1ebfp nh\u1eadn \u0111\u01b0\u1ee3c th\u1ef1c hi\u1ec7n qua c\u00e1c ng\u00f4n ng\u1eef sau:<\/p>\n\t<ul>\n<li>Ti\u1ebfng Campuchia<\/li>\n<\/ul>\n\t<ul>\n<li>Ti\u1ebfng H\u00e0n<\/li>\n<\/ul>\n\t<ul>\n<li>Ti\u1ebfng Qu\u1ea3ng \u0110\u00f4ng<\/li>\n<\/ul>\n\t<ul>\n<li>Ti\u1ebfng Quan Tho\u1ea1i<\/li>\n<\/ul>\n\t<ul>\n<li>Ti\u1ebfng Anh<\/li>\n<\/ul>\n\t<ul>\n<li>Ti\u1ebfng Vi\u1ec7t<\/li>\n<\/ul>\n\t<p>B\u1ea5t k\u1ef3 ai c\u0169ng c\u00f3 th\u1ec3 g\u1ecdi \u0111i\u1ec7n \u0111\u1ec3 n\u00f3i chuy\u1ec7n v\u1edbi Nh\u00e2n vi\u00ean Tuy\u1ec3n d\u1ee5ng qua m\u1ed9t trong nh\u1eefng ng\u00f4n ng\u1eef k\u1ec3 tr\u00ean. D\u1ef1a tr\u00ean th\u00f4ng tin \u0111\u01b0\u1ee3c tr\u00ecnh b\u00e0y v\u00e0 s\u00e0ng l\u1ecdc do Nh\u00e2n vi\u00ean ti\u1ebfp nh\u1eadn th\u1ef1c hi\u1ec7n, ng\u01b0\u1eddi g\u1ecdi ho\u1eb7c ng\u01b0\u1eddi gi\u1edbi thi\u1ec7u s\u1ebd \u0111\u01b0\u1ee3c h\u01b0\u1edbng d\u1eabn v\u1ec1 c\u00e1c ngu\u1ed3n l\u1ef1c v\u00e0 s\u1ef1 h\u1ed7 tr\u1ee3 th\u00edch h\u1ee3p \u0111\u1ec3 gi\u1ea3i quy\u1ebft c\u00e1c nhu c\u1ea7u \u0111\u00e3 x\u00e1c \u0111\u1ecbnh.<\/p>\n<p>\u0110\u1ec3 k\u1ebft n\u1ed1i v\u1edbi Nh\u00e2n vi\u00ean Ti\u1ebfp nh\u1eadn theo ng\u00f4n ng\u1eef c\u1ee7a m\u00ecnh, vui l\u00f2ng g\u1ecdi 416-493-4242 X 0.<\/p>\n<p>&nbsp;<\/p>\n<h3><strong>Qu\u1ea3n l\u00fd h\u1ed3 s\u01a1<\/strong><\/h3>\n<p>Vi\u1ec7c Qu\u1ea3n l\u00fd h\u1ed3 s\u01a1 c\u00f3 m\u1ee5c \u0111\u00edch k\u1ebft n\u1ed1i kh\u00e1ch h\u00e0ng v\u00e0 gia \u0111\u00ecnh c\u1ee7a h\u1ecd v\u1edbi Ng\u01b0\u1eddi qu\u1ea3n l\u00fd h\u1ed3 s\u01a1, ng\u01b0\u1eddi lu\u00f4n c\u1ed1 g\u1eafng t\u00ecm hi\u1ec3u nhu c\u1ea7u c\u1ee5 th\u1ec3 c\u1ee7a c\u00e1 nh\u00e2n, t\u0103ng c\u01b0\u1eddng h\u1ee3p t\u00e1c v\u1edbi c\u00e1c ngu\u1ed3n l\u1ef1c c\u1ed9ng \u0111\u1ed3ng v\u00e0 cu\u1ed1i c\u00f9ng, h\u1ed7 tr\u1ee3 kh\u00e1ch h\u00e0ng c\u1ee7a ch\u00fang t\u00f4i v\u00e0 gia \u0111\u00ecnh c\u1ee7a h\u1ecd th\u1ef1c hi\u1ec7n h\u00e0nh tr\u00ecnh ph\u1ee5c h\u1ed3i v\u1edbi nh\u1eefng k\u1ebf ho\u1ea1ch \u0111\u01b0\u1ee3c thi\u1ebft k\u1ebf h\u01b0\u1edbng v\u00e0o vi\u1ec7c ph\u1ea3n \u00e1nh, l\u1eadp ch\u01b0\u01a1ng tr\u00ecnh, th\u1ef1c hi\u1ec7n, \u0111\u1ea1t \u0111\u01b0\u1ee3c, s\u1eeda \u0111\u1ed5i v\u00e0 ph\u1ea3n \u00e1nh l\u1ea1i.<\/p>\n<p>Ng\u01b0\u1eddi Qu\u1ea3n l\u00fd H\u1ed3 s\u01a1 c\u1ee7a ch\u00fang t\u00f4i ti\u1ebfn h\u00e0nh vi\u1ec7c \u0111\u00e1nh gi\u00e1, ph\u00e1t tri\u1ec3n k\u1ebf ho\u1ea1ch ch\u0103m s\u00f3c v\u00e0 an to\u00e0n v\u1edbi c\u00e1c m\u1ee5c ti\u00eau c\u00f3 th\u1ec3 \u0111\u1ea1t \u0111\u01b0\u1ee3c, \u0111\u1ed3ng th\u1eddi cung c\u1ea5p t\u01b0 v\u1ea5n h\u1ed7 tr\u1ee3 cho c\u00e1c c\u00e1 nh\u00e2n v\u00e0\/ho\u1eb7c gia \u0111\u00ecnh c\u1ee7a h\u1ecd.<\/p>\n<p>Ch\u00fang t\u00f4i cung c\u1ea5p c\u00e1c d\u1ecbch v\u1ee5:<\/p>\n<ol>\n<li aria-level=\"1\">\u0110\u00e1nh gi\u00e1 v\u00e0 l\u00ean k\u1ebf ho\u1ea1ch ch\u0103m s\u00f3c<\/li>\n<li aria-level=\"1\">Th\u00f4ng tin v\u00e0 gi\u1edbi thi\u1ec7u<\/li>\n<li aria-level=\"1\">H\u1ed9i ngh\u1ecb \u0111i\u1ec1u ph\u1ed1i d\u1ecbch v\u1ee5 v\u00e0 ch\u0103m s\u00f3c<\/li>\n<li aria-level=\"1\">Qu\u1ea3n l\u00fd tri\u1ec7u ch\u1ee9ng<\/li>\n<li aria-level=\"1\">Gi\u00e1o d\u1ee5c v\u00e0 x\u00e2y d\u1ef1ng k\u1ef9 n\u0103ng<\/li>\n<li aria-level=\"1\">H\u1ed7 tr\u1ee3 cho cu\u1ed9c s\u1ed1ng h\u00e0ng ng\u00e0y<\/li>\n<li aria-level=\"1\">T\u01b0 v\u1ea5n h\u1ed7 tr\u1ee3<\/li>\n<li aria-level=\"1\">H\u1ed7 tr\u1ee3 gi\u1ea3i th\u00edch ng\u00f4n ng\u1eef v\u00e0 v\u0103n h\u00f3a<\/li>\n<li aria-level=\"1\">H\u1ed9 t\u1ed1ng \u0111\u1ebfn c\u00e1c cu\u1ed9c h\u1eb9n y t\u1ebf v\u00e0 ph\u00e1p l\u00fd<\/li>\n<li aria-level=\"1\">\u1ee6ng h\u1ed9 b\u1ec7nh nh\u00e2n\u00a0<\/li>\n<\/ol>\n<p>D\u1ecbch v\u1ee5 Qu\u1ea3n l\u00fd h\u1ed3 s\u01a1 c\u1ee7a ch\u00fang t\u00f4i mi\u1ec5n ph\u00ed cho t\u1ea5t c\u1ea3 m\u1ecdi ng\u01b0\u1eddi, tuy nhi\u00ean ch\u00fang t\u00f4i khuy\u1ebfn kh\u00edch nh\u1eefng ng\u01b0\u1eddi c\u00f3 nhi\u1ec1u s\u1ef1 l\u1ef1a ch\u1ecdn n\u00ean xem x\u00e9t c\u00e1c ph\u01b0\u01a1ng th\u1ee9c kh\u00e1c n\u1ebfu c\u00f3 \u0111\u1ec3 gi\u1ea3m th\u1eddi gian ch\u1edd \u0111\u1ee3i cho m\u1ecdi ng\u01b0\u1eddi. D\u1ecbch v\u1ee5 c\u1ee7a ch\u00fang t\u00f4i d\u00e0nh cho nh\u1eefng ng\u01b0\u1eddi:<\/p>\n<ul>\n<li aria-level=\"1\">t\u1eeb 16 tu\u1ed5i tr\u1edf l\u00ean c\u00f3 v\u1ea5n \u0111\u1ec1 v\u1ec1 s\u1ee9c kh\u1ecfe t\u00e2m th\u1ea7n ho\u1eb7c b\u1ecb b\u1ec7nh t\u00e2m th\u1ea7n<\/li>\n<li aria-level=\"1\">s\u1ed1ng \u1edf Th\u00e0nh ph\u1ed1 Toronto (\u0111\u1ed1i v\u1edbi nh\u1eefng ng\u01b0\u1eddi b\u00ean ngo\u00e0i Toronto v\u00e0 kh\u00f4ng c\u00f3 d\u1ecbch v\u1ee5 trong khu v\u1ef1c c\u1ee7a h\u1ecd, ch\u00fang t\u00f4i s\u1ebd xem x\u00e9t y\u00eau c\u1ea7u c\u1ee7a h\u1ecd n\u1ebfu h\u1ecd \u0111\u1ed3ng \u00fd \u0111\u1ebfn Toronto \u0111\u1ec3 \u0111\u01b0\u1ee3c ph\u1ee5c v\u1ee5. <\/li>\n<li aria-level=\"1\">\u0111\u1ed3ng \u00fd t\u1ef1 nguy\u1ec7n tham gia d\u1ecbch v\u1ee5<\/li>\n<\/ul>\n<p>Ch\u00fang t\u00f4i hoan ngh\u00eanh l\u1eddi gi\u1edbi thi\u1ec7u t\u1eeb c\u00e1c c\u00e1 nh\u00e2n, gia \u0111\u00ecnh, b\u1ea1n b\u00e8, c\u00e1c nh\u00e0 cung c\u1ea5p d\u1ecbch v\u1ee5 y t\u1ebf v\u00e0 x\u00e3 h\u1ed9i.<\/p>\n<p>\u0110\u1ec3 truy c\u1eadp d\u1ecbch v\u1ee5 Qu\u1ea3n L\u00fd H\u1ed3 S\u01a1, b\u1ea1n c\u00f3 th\u1ec3 \u0111i\u1ec1n v\u00e0o m\u1eabu \u0111\u01a1n t\u1eeb\u00a0<a href=\"http:\/\/www.theaccesspoint.ca\/\"><strong>\u0110i\u1ec3m Truy C\u1eadp<\/strong><\/a>\u00a0(tr\u01b0\u1edbc \u0111\u00e2y l\u00e0 Access 1) ho\u1eb7c li\u00ean l\u1ea1c v\u1edbi nh\u00e2n vi\u00ean c\u1ee7a h\u1ecd \u0111\u1ec3 nh\u1eadn c\u00e1c d\u1ecbch v\u1ee5 theo s\u1ed1 416-640-1934.<\/p>\n<p>&nbsp;<\/p>\n<h3><b>H\u1ed7 tr\u1ee3 nh\u00e0 \u1edf<\/b><\/h3>\n<p>Ch\u00fang t\u00f4i gi\u00fap c\u00e1c c\u00e1 nh\u00e2n v\u00e0 gia \u0111\u00ecnh c\u1ee7a h\u1ecd c\u00f3 \u0111\u01b0\u1ee3c nh\u00e0 \u1edf \u1ed5n \u0111\u1ecbnh v\u00e0 gi\u00e1 c\u1ea3 ph\u1ea3i ch\u0103ng, trong m\u1ed9t m\u00f4i tr\u01b0\u1eddng s\u1ed1ng an to\u00e0n, \u0111\u1ec3 \u0111\u1ea1t \u0111\u01b0\u1ee3c c\u00e1c m\u1ee5c ti\u00eau ph\u1ee5c h\u1ed3i c\u00e1 nh\u00e2n c\u1ee7a h\u1ecd. D\u1ecbch v\u1ee5 c\u1ee7a ch\u00fang t\u00f4i, d\u1ef1a tr\u00ean m\u00f4 h\u00ecnh cho thu\u00ea c\u0103n c\u1ee9 tr\u00ean ng\u01b0\u1eddi \u0111\u1ee9ng t\u00ean, cho ph\u00e9p kh\u00e1ch h\u00e0ng s\u1ed1ng trong c\u1ed9ng \u0111\u1ed3ng m\u1ed9t m\u00ecnh ho\u1eb7c v\u1edbi gia \u0111\u00ecnh h\u1ecd. Ch\u00fang t\u00f4i cho thu\u00ea c\u00e1c c\u0103n h\u1ed9\/nh\u00e0 \u1edf v\u1edbi m\u1ee9c tr\u1ee3 gi\u00e1 cho kh\u00e1ch h\u00e0ng v\u00e0 gia \u0111\u00ecnh c\u1ee7a h\u1ecd v\u00e0 cung c\u1ea5p cho h\u1ecd c\u00e1c d\u1ecbch v\u1ee5 qu\u1ea3n l\u00fd h\u1ed3 s\u01a1 \u0111\u1ec3 h\u1ed7 tr\u1ee3 c\u00e1c m\u1ee5c ti\u00eau ph\u1ee5c h\u1ed3i c\u1ee7a h\u1ecd. Ng\u01b0\u1eddi qu\u1ea3n l\u00fd h\u1ed3 s\u01a1 c\u1ee7a ch\u00fang t\u00f4i s\u1ebd gi\u00fap kh\u00e1ch h\u00e0ng \u0111i\u1ec1u h\u01b0\u1edbng h\u1ec7 th\u1ed1ng ch\u0103m s\u00f3c s\u1ee9c kh\u1ecfe v\u00e0 li\u00ean k\u1ebft h\u1ecd v\u1edbi c\u00e1c m\u1ea1ng l\u01b0\u1edbi h\u1ed7 tr\u1ee3 x\u00e3 h\u1ed9i c\u00f3 l\u1ee3i cho s\u1ef1 ph\u1ee5c h\u1ed3i c\u1ee7a h\u1ecd.<\/p>\n<p>Ch\u00fang t\u00f4i cung c\u1ea5p th\u00f4ng tin cho kh\u00e1ch h\u00e0ng s\u1eed d\u1ee5ng nh\u00e0 \u1edf c\u1ee7a ch\u00fang t\u00f4i v\u1ec1 gi\u1ea3i ph\u00e1p nh\u1eb1m gi\u1ea3i quy\u1ebft v\u1ea5n \u0111\u1ec1 t\u1eadp trung, qu\u1ea3n l\u00fd r\u1ee7i ro, \u0111\u1ed1i ph\u00f3 v\u1edbi c\u1ea3m x\u00fac, qu\u1ea3n l\u00fd c\u00e1c v\u1ea5n \u0111\u1ec1 s\u1ee9c kh\u1ecfe t\u00e2m th\u1ea7n, li\u00ean k\u1ebft v\u1edbi c\u00e1c ngu\u1ed3n l\u1ef1c c\u1ed9ng \u0111\u1ed3ng, ph\u00e1t tri\u1ec3n m\u1ed1i quan h\u1ec7 t\u00edch c\u1ef1c v\u00e0 \u0111\u00e0o t\u1ea1o k\u1ef9 n\u0103ng s\u1ed1ng c\u0169ng nh\u01b0 c\u00e1c ngu\u1ed3n l\u1ef1c v\u00e0 h\u1ed7 tr\u1ee3 b\u1ed5 sung cho nh\u1eefng ng\u01b0\u1eddi \u0111ang di\u1ec5n ti\u1ebfn vi\u1ec7c ph\u1ee5c h\u1ed3i s\u1ee9c kh\u1ecfe t\u00e2m th\u1ea7n.<\/p>\n<p>D\u1ecbch v\u1ee5 c\u1ee7a ch\u00fang t\u00f4i d\u00e0nh cho nh\u1eefng ng\u01b0\u1eddi:<\/p>\n<ul>\n<li aria-level=\"1\">t\u1eeb 16 tu\u1ed5i tr\u1edf l\u00ean<\/li>\n<li aria-level=\"1\">c\u00f3 v\u1ea5n \u0111\u1ec1 v\u1ec1 s\u1ee9c kh\u1ecfe t\u00e2m th\u1ea7n<\/li>\n<li aria-level=\"1\">s\u1eb5n s\u00e0ng v\u00e0 c\u00f3 th\u1ec3 s\u1ed1ng \u0111\u1ed9c l\u1eadp<\/li>\n<li aria-level=\"1\">c\u00f3 thu nh\u1eadp, v\u00ed d\u1ee5 thu nh\u1eadp t\u1eeb\u00a0 vi\u1ec7c l\u00e0m, ho\u1eb7c nh\u1eadnTr\u1ee3 C\u1ea5p X\u00e3 H\u1ed9i c\u1ee7a Ontario, Tr\u1ee3 C\u1ea5p Ng\u01b0\u1eddi T\u00e0n Ph\u1ebf Ontario, ti\u1ec1n An ninh tu\u1ed5i gi\u00e0<\/li>\n<li aria-level=\"1\">c\u00f3 t\u01b0 c\u00e1ch ph\u00e1p nh\u00e2n, v\u00ed d\u1ee5: Th\u01b0\u1eddng tr\u00fa nh\u00e2n, C\u00f4ng d\u00e2n Canada<\/li>\n<li aria-level=\"1\">ph\u1ea3i s\u1eb5n s\u00e0ng ch\u1ea5p nh\u1eadn m\u1ed9t s\u1ed1 m\u1ee9c h\u1ed7 tr\u1ee3 t\u1eeb Hong Fook v\u00e0 \/ ho\u1eb7c c\u00e1c c\u01a1 quan s\u1ee9c kh\u1ecfe t\u00e2m th\u1ea7n kh\u00e1c<\/li>\n<li aria-level=\"1\">c\u00f3 tr\u1edf ng\u1ea1i v\u1ec1 ng\u00f4n ng\u1eef v\u00e0 v\u0103n h\u00f3a trong vi\u1ec7c ti\u1ebfp c\u1eadn c\u00e1c d\u1ecbch v\u1ee5 s\u1ee9c kh\u1ecfe t\u00e2m th\u1ea7n kh\u00e1c<\/li>\n<\/ul>\n<p>\u0110\u1ec3 truy c\u1eadp d\u1ecbch v\u1ee5 H\u1ed7 Tr\u1ee3 Nh\u00e0 \u1ede, b\u1ea1n c\u00f3 th\u1ec3 \u0111i\u1ec1n v\u00e0o m\u1eabu \u0111\u01a1n t\u1eeb\u00a0<a href=\"http:\/\/www.theaccesspoint.ca\/\"><strong>\u0110i\u1ec3m Truy C\u1eadp<\/strong><\/a>\u00a0(tr\u01b0\u1edbc \u0111\u00e2y l\u00e0 Access 1) ho\u1eb7c li\u00ean l\u1ea1c v\u1edbi nh\u00e2n vi\u00ean c\u1ee7a h\u1ecd \u0111\u1ec3 nh\u1eadn c\u00e1c d\u1ecbch v\u1ee5 theo s\u1ed1 416-640-1934.<\/p>\n<p>&nbsp;<\/p>\n<h3><b>T\u00e2m l\u00fd tr\u1ecb li\u1ec7u nh\u00f3m<\/b><\/h3>\n<p>H\u1ee3p t\u00e1c v\u1edbi M\u1ea1ng l\u01b0\u1edbi Y t\u1ebf \u0110\u1ea1i h\u1ecdc (UHN), ch\u00fang t\u00f4i cung c\u1ea5p ch\u01b0\u01a1ng tr\u00ecnh nh\u00f3m gi\u1edbi h\u1ea1n th\u1eddi gian cho c\u1ed9ng \u0111\u1ed3ng ng\u01b0\u1eddi Trung Qu\u1ed1c \u0111\u1ec3 c\u1ea3i thi\u1ec7n kh\u1ea3 n\u0103ng ti\u1ebfp c\u1eadn v\u1edbi li\u1ec7u ph\u00e1p t\u00e2m l\u00fd v\u00e0 tr\u1ecb li\u1ec7u t\u00e2m l\u00fd nh\u00f3m. Ch\u01b0\u01a1ng tr\u00ecnh bao g\u1ed3m:<\/p>\n<p>H\u00e0nh tr\u00ecnh ch\u1eefa b\u1ec7nh: Nh\u00f3m gi\u00e1o d\u1ee5c t\u00e2m l\u00fd g\u1ed3m 10 bu\u1ed5i th\u00fac \u0111\u1ea9y s\u1ee9c kh\u1ecfe t\u00e2m th\u1ea7n, ph\u1ee5c h\u1ed3i v\u00e0 kh\u1ea3 n\u0103ng ph\u1ee5c h\u1ed3i.<\/p>\n<p>Tr\u1ecb li\u1ec7u nh\u00f3m h\u00e0nh vi t\u00edch h\u1ee3p: Nh\u00f3m tr\u1ecb li\u1ec7u t\u00e2m l\u00fd 12 bu\u1ed5i v\u1edbi Li\u1ec7u ph\u00e1p h\u00e0nh vi nh\u1eadn th\u1ee9c (CBT), Li\u1ec7u Ph\u00e1p Ch\u1ea5p Nh\u1eadn v\u00e0 Cam K\u1ebft (ACT) v\u00e0 Ch\u00e1nh ni\u1ec7m l\u00e0 ba y\u1ebfu t\u1ed1 c\u1ed1t l\u00f5i c\u1ee7a vi\u1ec7c can thi\u1ec7p.<\/p>\n<p>\u0110\u1ec3 bi\u1ebft th\u00eam th\u00f4ng tin ho\u1eb7c\u00a0 \u0111\u0103ng k\u00fd, vui l\u00f2ng li\u00ean l\u1ea1c v\u1edbi b\u00e1c s\u0129 t\u00e2m th\u1ea7n ho\u1eb7c b\u00e1c s\u0129 l\u00e2m s\u00e0ng c\u1ee7a b\u1ea1n t\u1ea1i B\u1ec7nh vi\u1ec7n T\u00e2y Toronto ho\u1eb7c Ng\u01b0\u1eddi qu\u1ea3n l\u00fd h\u1ed3 s\u01a1 t\u1ea1i Hong Fook.<\/p>\n\n","protected":false},"excerpt":{"rendered":"<p>English \u7e41\u9ad4\u4e2d\u6587 \u7b80\u4f53\u4e2d\u6587 \ud55c\uad6d\uc5b4 Ti\u1ebfng Vi\u1ec7t \u1797\u17b6\u179f\u17b6\u1781\u17d2\u1798\u17c2\u179a B\u1ea1n tr\u00ean 16 tu\u1ed5i v\u00e0 lo l\u1eafng v\u1ec1 s\u1ee9c kh\u1ecfe t\u00e2m th\u1ea7n c\u1ee7a m\u00ecnh? Nh\u1eefng lo l\u1eafng n\u00e0y c\u00f3 c\u1ea3n tr\u1edf ho\u1eb7c h\u1ea1n ch\u1ebf c\u00e1c ho\u1ea1t \u0111\u1ed9ng ch\u00ednh y\u1ebfu trong cu\u1ed9c s\u1ed1ng c\u1ee7a b\u1ea1n kh\u00f4ng? Nh\u1eefng lo l\u1eafng n\u00e0y c\u00f3 \u1ea3nh h\u01b0\u1edfng \u0111\u1ebfn b\u1ea1n trong m\u1ed9t th\u1eddi gian &hellip; <\/p>\n<div class=\"link-more\"><a href=\"https:\/\/hongfook.ca\/association\/our-services\/clinical-service\/vi\/\" class=\"more-link\">Read More<span class=\"screen-reader-text\"> &#8220;C\u00e1c D\u1ecbch v\u1ee5 L\u00e2m s\u00e0ng&#8221;<\/span><\/a><\/div>\n","protected":false},"author":1,"featured_media":0,"parent":451,"menu_order":0,"comment_status":"closed","ping_status":"closed","template":"page-template\/right-sidebar.php","meta":{"om_disable_all_campaigns":false,"ngg_post_thumbnail":0,"footnotes":""},"class_list":["post-2759","page","type-page","status-publish","hentry"],"aioseo_notices":[],"_links":{"self":[{"href":"https:\/\/hongfook.ca\/association\/wp-json\/wp\/v2\/pages\/2759","targetHints":{"allow":["GET"]}}],"collection":[{"href":"https:\/\/hongfook.ca\/association\/wp-json\/wp\/v2\/pages"}],"about":[{"href":"https:\/\/hongfook.ca\/association\/wp-json\/wp\/v2\/types\/page"}],"author":[{"embeddable":true,"href":"https:\/\/hongfook.ca\/association\/wp-json\/wp\/v2\/users\/1"}],"replies":[{"embeddable":true,"href":"https:\/\/hongfook.ca\/association\/wp-json\/wp\/v2\/comments?post=2759"}],"version-history":[{"count":8,"href":"https:\/\/hongfook.ca\/association\/wp-json\/wp\/v2\/pages\/2759\/revisions"}],"predecessor-version":[{"id":4689,"href":"https:\/\/hongfook.ca\/association\/wp-json\/wp\/v2\/pages\/2759\/revisions\/4689"}],"up":[{"embeddable":true,"href":"https:\/\/hongfook.ca\/association\/wp-json\/wp\/v2\/pages\/451"}],"wp:attachment":[{"href":"https:\/\/hongfook.ca\/association\/wp-json\/wp\/v2\/media?parent=2759"}],"curies":[{"name":"wp","href":"https:\/\/api.w.org\/{rel}","templated":true}]}}