{"id":2722,"date":"2021-05-29T02:40:51","date_gmt":"2021-05-29T02:40:51","guid":{"rendered":"https:\/\/hongfook.ca\/association\/?page_id=2722"},"modified":"2021-06-01T05:28:53","modified_gmt":"2021-06-01T05:28:53","slug":"vi","status":"publish","type":"page","link":"https:\/\/hongfook.ca\/association\/resources\/health-resources\/schizophrenia\/vi\/","title":{"rendered":"T\u00e2m Th\u1ea7n Ph\u00e2n Li\u1ec7t"},"content":{"rendered":"\n\n\t\t\t<a href=\"\/association\/resources\/health-resources\/schizophrenia\/\" target=\"_self\" role=\"button\" rel=\"noopener\">\n\t\t\t\t\t\t\tEnglish\n\t\t\t\t\t<\/a>\n\t\t\t<a href=\"\/association\/resources\/health-resources\/schizophrenia\/tc\/\" target=\"_self\" role=\"button\" rel=\"noopener\">\n\t\t\t\t\t\t\t\u7e41\u9ad4\u4e2d\u6587\n\t\t\t\t\t<\/a>\n\t\t\t<a href=\"\/association\/resources\/health-resources\/schizophrenia\/sc\/\" target=\"_self\" role=\"button\" rel=\"noopener\">\n\t\t\t\t\t\t\t\u7b80\u4f53\u4e2d\u6587\n\t\t\t\t\t<\/a>\n\t\t\t<a href=\"\/association\/resources\/health-resources\/schizophrenia\/ko\/\" target=\"_self\" role=\"button\" rel=\"noopener\">\n\t\t\t\t\t\t\t\ud55c\uad6d\uc5b4\n\t\t\t\t\t<\/a>\n\t\t\t<a href=\"\/association\/resources\/health-resources\/schizophrenia\/vi\/\" target=\"_self\" role=\"button\" rel=\"noopener\">\n\t\t\t\t\t\t\tTi\u1ebfng Vi\u1ec7t\n\t\t\t\t\t<\/a>\n\t\t\t<a href=\"\/association\/resources\/health-resources\/schizophrenia\/kh\/\" target=\"_self\" role=\"button\" rel=\"noopener\">\n\t\t\t\t\t\t\t\u1797\u17b6\u179f\u17b6\u1781\u17d2\u1798\u17c2\u179a\n\t\t\t\t\t<\/a>\n\t\t\t\t<img decoding=\"async\" src=\"https:\/\/hongfook.ca\/association\/wp-content\/uploads\/sites\/3\/2021\/03\/health-resources-masthead.jpg\" alt=\"Health Resources\" itemprop=\"image\" title=\"Health Resources\" onerror=\"this.style.display='none'\"  \/>\n\t<p><b>T\u00e2m th\u1ea7n ph\u00e2n li\u1ec7t<\/b>\u00a0x\u1ea3y ra \u1edf t\u1ea5t c\u1ea3 m\u1ecdi x\u00e3 h\u1ed9i v\u00e0 c\u1ee9 100 ng\u01b0\u1eddi th\u00ec c\u00f3 m\u1ed9t ng\u01b0\u1eddi s\u1ebd \u0111\u01b0\u1ee3c ch\u1ea9n \u0111o\u00e1n m\u1eafc b\u1ec7nh t\u00e2m th\u1ea7n ph\u00e2n li\u1ec7t m\u1ed9t l\u00fac n\u00e0o \u0111\u00f3 trong \u0111\u1eddi. \u0110\u00e2y l\u00e0 b\u1ec7nh ph\u1ed5 bi\u1ebfn nh\u1ea5t trong s\u1ed1 t\u1ea5t c\u1ea3 c\u00e1c b\u1ec7nh t\u00e2m th\u1ea7n. H\u1ea7u h\u1ebft c\u00e1c nh\u00e0 nghi\u00ean c\u1ee9u v\u00e0 b\u00e1c s\u0129 l\u00e2m s\u00e0ng \u0111\u1ec1u \u0111\u1ed3ng \u00fd r\u1eb1ng t\u00e2m th\u1ea7n ph\u00e2n li\u1ec7t l\u00e0 m\u1ed9t r\u1ed1i lo\u1ea1n t\u00e2m sinh l\u00fd x\u00e3 h\u1ed9i.<\/p>\n<p>\u0110i\u1ec1u n\u00e0y c\u00f3 ngh\u0129a l\u00e0 h\u1ed9i ch\u1ee9ng t\u00e2m th\u1ea7n ph\u00e2n li\u1ec7t c\u00f3 c\u01a1 s\u1edf sinh h\u1ecdc v\u00e0 khi b\u1ec7nh b\u1ed9c ph\u00e1t \u1edf nh\u1eefng b\u1ec7nh nh\u00e2n n\u00e0y, khuynh h\u01b0\u1edbng sinh h\u1ecdc n\u00e0y \u0111\u00e3 t\u01b0\u01a1ng t\u00e1c v\u1edbi c\u00e1c y\u1ebfu t\u1ed1 g\u00e2y c\u0103ng th\u1eb3ng t\u00e2m l\u00fd x\u00e3 h\u1ed9i.<\/p>\n<p>&nbsp;<\/p>\n<h3><b>C\u00e1c tri\u1ec7u ch\u1ee9ng c\u1ee7a t\u00e2m th\u1ea7n ph\u00e2n li\u1ec7t l\u00e0 g\u00ec?<\/b><\/h3>\n<p>T\u00e2m th\u1ea7n ph\u00e2n li\u1ec7t t\u00e1c \u0111\u1ed9ng \u0111\u1ebfn c\u00e1ch ng\u01b0\u1eddi ta suy ngh\u0129, h\u00e0nh x\u1eed v\u00e0 ph\u1ea3n \u1ee9ng khi h\u1ecd b\u1ecb \u1ea3nh h\u01b0\u1edfng b\u1edfi c\u00e1c tri\u1ec7u ch\u1ee9ng n\u0103ng \u0111\u1ed9ng c\u1ee7a n\u00f3. C\u00e1c tri\u1ec7u ch\u1ee9ng t\u00e2m th\u1ea7n ph\u00e2n li\u1ec7t c\u00f3 th\u1ec3 \u0111\u01b0\u1ee3c chia th\u00e0nh ba lo\u1ea1i: tri\u1ec7u ch\u1ee9ng d\u01b0\u01a1ng t\u00ednh, tri\u1ec7u ch\u1ee9ng r\u1ed1i lo\u1ea1n t\u1ed5 ch\u1ee9c v\u00e0 tri\u1ec7u ch\u1ee9ng \u00e2m t\u00ednh.<\/p>\n<ol>\n<li aria-level=\"1\">Tri\u1ec7u ch\u1ee9ng d\u01b0\u01a1ng t\u00ednh: \u0110i\u1ec1u n\u00e0y \u0111\u1ec1 c\u1eadp \u0111\u1ebfn vi\u1ec7c c\u00f3 c\u00e1c tri\u1ec7u ch\u1ee9ng m\u00e0 th\u00f4ng th\u01b0\u1eddng kh\u00f4ng n\u00ean c\u00f3. C\u00e1c tri\u1ec7u ch\u1ee9ng t\u00edch c\u1ef1c \u0111\u00f4i khi \u0111\u01b0\u1ee3c g\u1ecdi l\u00e0 tri\u1ec7u ch\u1ee9ng lo\u1ea1n th\u1ea7n do b\u1ec7nh nh\u00e2n \u0111\u00e3 m\u1ea5t li\u00ean l\u1ea1c v\u1edbi th\u1ef1c t\u1ebf theo nh\u1eefng c\u00e1ch quan tr\u1ecdng nh\u1ea5t \u0111\u1ecbnh. M\u1ed9t s\u1ed1 tri\u1ec7u ch\u1ee9ng d\u01b0\u01a1ng t\u00ednh l\u00e0:\n<ul>\n<li aria-level=\"2\">Hoang t\u01b0\u1edfng: Ni\u1ec1m tin sai l\u1ea7m \/ kh\u00f4ng c\u00f3 th\u1eadt m\u00e0 \u0111\u00f4i khi nh\u1eefng ng\u01b0\u1eddi b\u1ecb t\u00e2m th\u1ea7n ph\u00e2n li\u1ec7t l\u1ea1i tin l\u00e0 c\u00f3. H\u1ecd tin r\u1eb1ng c\u00f3 th\u1ec3 l\u00e0 ng\u01b0\u1eddi kh\u00e1c \u0111ang \u0111\u1ecdc \u00fd ngh\u0129 c\u1ee7a h\u1ecd, tin r\u1eb1ng ai \u0111\u00f3 \u0111ang \u00e2m m\u01b0u ch\u1ed1ng l\u1ea1i h\u1ecd ho\u1eb7c h\u1ecd c\u00f3 th\u1ec3 ki\u1ec3m so\u00e1t t\u00e2m tr\u00ed c\u1ee7a ng\u01b0\u1eddi kh\u00e1c.<\/li>\n<li aria-level=\"2\">\u1ea2o gi\u00e1c: \u0110i\u1ec1u n\u00e0y \u0111\u1ec1 c\u1eadp \u0111\u1ebfn vi\u1ec7c nghe, nh\u00ecn, ng\u1eedi ho\u1eb7c c\u1ea3m gi\u00e1c kh\u00f4ng c\u00f3 \u1edf \u0111\u00f3.<\/li>\n<\/ul>\n<\/li>\n<li aria-level=\"1\">Tr\u1ec7u ch\u1ee9ng r\u1ed1i lo\u1ea1n t\u1ed5 ch\u1ee9c:\n<ul>\n<li aria-level=\"2\">Suy ngh\u0129 v\u00e0 l\u1eddi n\u00f3i: Nh\u1eefng ng\u01b0\u1eddi b\u1ecb t\u00e2m th\u1ea7n ph\u00e2n li\u1ec7t \u0111\u00f4i khi g\u1eb7p kh\u00f3 kh\u0103n khi giao ti\u1ebfp b\u1eb1ng nh\u1eefng c\u00e2u m\u1ea1ch l\u1ea1c ho\u1eb7c ti\u1ebfp t\u1ee5c cu\u1ed9c tr\u00f2 chuy\u1ec7n.<\/li>\n<li aria-level=\"2\">H\u00e0nh vi: T\u00e2m th\u1ea7n ph\u00e2n li\u1ec7t c\u00f3 th\u1ec3 khi\u1ebfn ng\u01b0\u1eddi b\u1ec7nh di chuy\u1ec3n ch\u1eadm h\u01a1n, l\u1eb7p l\u1ea1i c\u1eed ch\u1ec9 nh\u1ecbp nh\u00e0ng ho\u1eb7c th\u1ef1c hi\u1ec7n c\u00e1c \u0111\u1ed9ng t\u00e1c nghi l\u1ec5.<\/li>\n<li aria-level=\"2\">Nh\u1eadn th\u1ee9c: Nh\u1eefng ng\u01b0\u1eddi b\u1ecb t\u00e2m th\u1ea7n ph\u00e2n li\u1ec7t \u0111\u00f4i khi g\u1eb7p kh\u00f3 kh\u0103n trong vi\u1ec7c hi\u1ec3u r\u00f5 nh\u1eefng h\u00ecnh \u1ea3nh, \u00e2m thanh v\u00e0 c\u1ea3m gi\u00e1c h\u00e0ng ng\u00e0y. Nh\u1eadn th\u1ee9c c\u1ee7a h\u1ecd v\u1ec1 nh\u1eefng g\u00ec \u0111ang di\u1ec5n ra xung quanh h\u1ecd c\u00f3 th\u1ec3 b\u1ecb b\u00f3p m\u00e9o \u0111\u1ec3 nh\u1eefng th\u1ee9 b\u00ecnh th\u01b0\u1eddng xu\u1ea5t hi\u1ec7n g\u00e2y m\u1ea5t t\u1eadp trung ho\u1eb7c \u0111\u00e1ng s\u1ee3. H\u1ecd c\u00f3 th\u1ec3 r\u1ea5t nh\u1ea1y c\u1ea3m v\u1edbi \u00e2m thanh n\u1ec1n c\u0169ng nh\u01b0 m\u00e0u s\u1eafc v\u00e0 h\u00ecnh d\u1ea1ng.<\/li>\n<\/ul>\n<\/li>\n<li aria-level=\"1\">C\u00e1c tri\u1ec7u ch\u1ee9ng \u00e2m t\u00ednh: \u00c2m t\u00ednh\u0111\u1ec1 c\u1eadp \u0111\u1ebfn vi\u1ec7c thi\u1ebfu c\u00e1c \u0111\u1eb7c \u0111i\u1ec3m \u0111\u00fang ra l\u00e0 n\u00ean c\u00f3. C\u00e1c tri\u1ec7u ch\u1ee9ng n\u00e0y kh\u00f4ng g\u00e2y \u1ea5n t\u01b0\u1ee3ng m\u1ea1nh nh\u01b0 c\u00e1c tri\u1ec7u ch\u1ee9ng d\u01b0\u01a1ng t\u00ednh, nh\u01b0ng ch\u00fang c\u00f3 th\u1ec3 \u1ea3nh h\u01b0\u1edfng \u0111\u00e1ng k\u1ec3 \u0111\u1ebfn ho\u1ea1t \u0111\u1ed9ng c\u1ee7a ng\u01b0\u1eddi b\u1ec7nh.\n<ul>\n<li aria-level=\"2\">C\u1ea3m x\u00fac ph\u1eb3ng \/ c\u00f9n: t\u00e2m th\u1ea7n ph\u00e2n li\u1ec7t c\u00f3 th\u1ec3 khi\u1ebfn nh\u1eefng ng\u01b0\u1eddi m\u1eafc b\u1ec7nh n\u00e0y g\u1eb7p kh\u00f3 kh\u0103n trong vi\u1ec7c th\u1ec3 hi\u1ec7n c\u1ea3m x\u00fac r\u00f5 r\u00e0ng. H\u1ecd c\u00f3 th\u1ec3 n\u00f3i m\u1ed9t c\u00e1ch \u0111\u01a1n \u0111i\u1ec7u ho\u1eb7c \u00edt th\u1ec3 hi\u1ec7n bi\u1ec3u c\u1ea3m tr\u00ean khu\u00f4n m\u1eb7t.<\/li>\n<li aria-level=\"2\">Thi\u1ebfu \u0111\u1ed9ng l\u1ef1c \/ n\u0103ng l\u01b0\u1ee3ng: Nh\u1eefng ng\u01b0\u1eddi b\u1ecb t\u00e2m th\u1ea7n ph\u00e2n li\u1ec7t d\u01b0\u1eddng nh\u01b0 thi\u1ebfu n\u0103ng l\u01b0\u1ee3ng v\u00e0 g\u1eb7p kh\u00f3 kh\u0103n khi b\u1eaft \u0111\u1ea7u c\u00e1c d\u1ef1 \u00e1n ho\u1eb7c kh\u00f4ng th\u1ec3 ho\u00e0n t\u1ea5t c\u00f4ng vi\u1ec7c. C\u1ef1c \u0111i\u1ec3m l\u00e0 h\u1ecd c\u00f3 th\u1ec3 c\u1ea7n ph\u1ea3i \u0111\u01b0\u1ee3c nh\u1eafc nh\u1edf l\u00e0m nh\u1eefng vi\u1ec7c \u0111\u01a1n gi\u1ea3n nh\u01b0 t\u1eafm ho\u1eb7c thay qu\u1ea7n \u00e1o.<\/li>\n<li aria-level=\"2\">Thi\u1ebfu h\u1ee9ng th\u00fa: Nh\u1eefng ng\u01b0\u1eddi b\u1ecb t\u00e2m th\u1ea7n ph\u00e2n li\u1ec7t c\u00f3 th\u1ec3 kh\u00f4ng c\u00f3 nhi\u1ec1u ni\u1ec1m vui ho\u1eb7c h\u1ee9ng th\u00fa v\u1edbi nh\u1eefng th\u1ee9 xung quanh h\u1ecd, ngay c\u1ea3 nh\u1eefng th\u1ee9 h\u1ecd t\u1eebng th\u1ea5y th\u00fa v\u1ecb. H\u1ecd c\u00f3 th\u1ec3 c\u1ea3m th\u1ea5y kh\u00f4ng \u0111\u00e1ng \u0111\u1ec3 ph\u1ea3i n\u1ed7 l\u1ef1c ra ngo\u00e0i v\u00e0 l\u00e0m m\u1ecdi vi\u1ec7c.<\/li>\n<li aria-level=\"2\">L\u1eddi n\u00f3i h\u1ea1n ch\u1ebf: B\u00e0i ph\u00e1t bi\u1ec3u c\u1ee7a h\u1ecd ng\u1eafn v\u00e0 thi\u1ebfu n\u1ed9i dung. H\u1ecd th\u01b0\u1eddng g\u1eb7p kh\u00f3 kh\u0103n khi ti\u1ebfp t\u1ee5c tr\u00f2 chuy\u1ec7n ho\u1eb7c n\u00f3i b\u1ea5t c\u1ee9 \u0111i\u1ec1u g\u00ec m\u1edbi.<\/li>\n<\/ul>\n<\/li>\n<\/ol>\n<p>&nbsp;<\/p>\n<h3><b>Ph\u00e1t Hi\u1ec7n Ra C\u0103n B\u1ec7nh<\/b><\/h3>\n<p>B\u1ec7nh t\u00e2m th\u1ea7n ph\u00e2n li\u1ec7t th\u01b0\u1eddng ph\u00e1t tri\u1ec3n \u1edf l\u1ee9a tu\u1ed5i thi\u1ebfu ni\u00ean ho\u1eb7c b\u1eaft \u0111\u1ea7u tu\u1ed5i tr\u01b0\u1edfng th\u00e0nh. Khi m\u1edbi ph\u00e1t b\u1ec7nh ng\u01b0\u1eddi b\u1ec7nh c\u00f3 nh\u1eefng thay \u0111\u1ed5i do ch\u00ednh ng\u01b0\u1eddi \u1ea5y nh\u1eadn ra ho\u1eb7c \u0111\u01b0\u1ee3c quan s\u00e1t b\u1edfi ng\u01b0\u1eddi th\u00e2n c\u1ee7a h\u1ecd.<\/p>\n<p>Nh\u1eefng thay \u0111\u1ed5i n\u00e0y c\u00f3 th\u1ec3 t\u1eeb t\u1eeb \u0111\u1ed1i v\u1edbi m\u1ed9t s\u1ed1 ng\u01b0\u1eddi v\u00e0 \u0111\u1ed9t ng\u1ed9t v\u00e0 c\u1ea5p t\u00ednh \u0111\u1ed1i v\u1edbi nh\u1eefng ng\u01b0\u1eddi kh\u00e1c. Nh\u1eefng thay \u0111\u1ed5i c\u00f3 th\u1ec3 bao g\u1ed3m kh\u00f3 ng\u1ee7, nghi ng\u1edd, s\u1ee3 h\u00e3i v\u00e0 gi\u1ea3m ch\u1ee9c n\u0103ng chung (v\u00ed d\u1ee5: c\u00f3 v\u1ea5n \u0111\u1ec1 trong h\u1ecdc t\u1eadp, gi\u1eef vi\u1ec7c l\u00e0m, ch\u0103m s\u00f3c b\u1ea3n th\u00e2n v\u00e0 quan h\u1ec7 v\u1edbi ng\u01b0\u1eddi kh\u00e1c).<\/p>\n<p>C\u0103ng th\u1eb3ng trong vi\u1ec7c h\u1ecdc ho\u1eb7c \u0111\u1ed5 v\u1ee1 trong c\u00e1c m\u1ed1i quan h\u1ec7 kh\u00f4ng g\u00e2y ra b\u1ec7nh, \u0111\u00e2y ch\u1ec9 l\u00e0 nh\u1eefng y\u1ebfu t\u1ed1 g\u00f3p ph\u1ea7n g\u00e2y ra b\u1ec7nh.<\/p>\n<p>&nbsp;<\/p>\n<h3><b>B\u1ec7nh t\u00e2m th\u1ea7n ph\u00e2n li\u1ec7t \u0111\u01b0\u1ee3c \u0111i\u1ec1u tr\u1ecb nh\u01b0 th\u1ebf n\u00e0o?<\/b><\/h3>\n<p>C\u00e1c tri\u1ec7u ch\u1ee9ng c\u1ee7a t\u00e2m th\u1ea7n ph\u00e2n li\u1ec7t c\u00f3 th\u1ec3 \u0111\u1ebfn v\u00e0 \u0111i. Nh\u1eefng tri\u1ec7u ch\u1ee9ng n\u00e0y n\u1ed5i b\u1eadt trong giai \u0111o\u1ea1n lo\u1ea1n th\u1ea7n v\u00e0 c\u1ea7n \u0111i\u1ec1u tr\u1ecb c\u1ea5p t\u00ednh. \u0110i\u1ec1u tr\u1ecb c\u1ea5p t\u00ednh nh\u1eb1m m\u1ee5c \u0111\u00edch ch\u1ea5m d\u1ee9t giai \u0111o\u1ea1n lo\u1ea1n th\u1ea7n c\u1ea5p t\u00ednh \u0111ang x\u1ea3y ra.<\/p>\n<p>B\u1ec7nh nh\u00e2n c\u00f3 th\u1ec3 ph\u1ea3i nh\u1eadp vi\u1ec7n.<\/p>\n<p>Khi c\u00e1c tri\u1ec7u ch\u1ee9ng ch\u1ee7 y\u1ebfu \u0111\u01b0\u1ee3c ki\u1ec3m so\u00e1t, vi\u1ec7c \u0111i\u1ec1u tr\u1ecb duy tr\u00ec \u0111\u01b0\u1ee3c ti\u1ebfp t\u1ee5c tr\u00ean c\u01a1 s\u1edf l\u00e2u d\u00e0i \u0111\u1ec3 c\u1ea3i thi\u1ec7n ch\u1ee9c n\u0103ng v\u00e0 ng\u0103n ng\u1eeba c\u00e1c \u0111\u1ee3t lo\u1ea1n th\u1ea7n trong t\u01b0\u01a1ng lai.<\/p>\n<p>Ng\u01b0\u1eddi \u0111\u00f3 c\u00f3 th\u1ec3 c\u00f3 ho\u1eb7c kh\u00f4ng c\u00f3 c\u00e1c tri\u1ec7u ch\u1ee9ng dai d\u1eb3ng trong giai \u0111o\u1ea1n \u0111i\u1ec1u tr\u1ecb duy tr\u00ec n\u00e0y. Vi\u1ec7c \u0111i\u1ec1u tr\u1ecb th\u00e0nh c\u00f4ng li\u00ean quan \u0111\u1ebfn vi\u1ec7c s\u1eed d\u1ee5ng thu\u1ed1c, li\u1ec7u ph\u00e1p t\u00e2m l\u00fd v\u00e0 ph\u1ee5c h\u1ed3i ch\u1ee9c n\u0103ng.<\/p>\n<ol>\n<li aria-level=\"1\">Thu\u1ed1c ch\u1ed1ng r\u1ed1i lo\u1ea1n t\u00e2m th\u1ea7n: Thu\u1ed1c men r\u1ea5t c\u1ea7n thi\u1ebft trong c\u1ea3 giai \u0111o\u1ea1n \u0111i\u1ec1u tr\u1ecb c\u1ea5p t\u00ednh v\u00e0 giai \u0111o\u1ea1n duy tr\u00ec. Trong giai \u0111o\u1ea1n c\u1ea5p t\u00ednh, thu\u1ed1c gi\u00fap gi\u1ea3m c\u00e1c tri\u1ec7u ch\u1ee9ng lo\u1ea1n th\u1ea7n c\u1ea5p t\u00ednh. Sau giai \u0111o\u1ea1n c\u1ea5p t\u00ednh, thu\u1ed1c ch\u1ed1ng lo\u1ea1n th\u1ea7n li\u00ean t\u1ee5c l\u00e0m gi\u1ea3m kh\u1ea3 n\u0103ng t\u00e1i ph\u00e1t m\u1ed9t c\u00e1ch \u0111\u00e1ng k\u1ec3. Thu\u1ed1c c\u00f3 th\u1ec3 g\u00e2y ra t\u00e1c d\u1ee5ng ph\u1ee5. \u0110i\u1ec1u quan tr\u1ecdng l\u00e0 th\u1ea3o lu\u1eadn v\u1ec1 thu\u1ed1c v\u1edbi b\u00e1c s\u0129 \u0111i\u1ec1u tr\u1ecb.<\/li>\n<li aria-level=\"1\">T\u00e2m l\u00fd tr\u1ecb li\u1ec7u: gi\u00fap nh\u1eefng ng\u01b0\u1eddi b\u1ecb t\u00e2m th\u1ea7n ph\u00e2n li\u1ec7t t\u00ecm hi\u1ec3u v\u1ec1 b\u1ec7nh t\u1eadt c\u1ee7a h\u1ecd v\u00e0 ph\u00e1t tri\u1ec3n c\u00e1c k\u1ef9 n\u0103ng \u0111\u1ed1i ph\u00f3 c\u0169ng nh\u01b0 h\u1ed7 tr\u1ee3 tinh th\u1ea7n.<\/li>\n<li aria-level=\"1\">Ph\u1ee5c h\u1ed3i ch\u1ee9c n\u0103ng t\u00e2m l\u00fd x\u00e3 h\u1ed9i: nh\u1eb1m m\u1ee5c \u0111\u00edch t\u0103ng c\u01b0\u1eddng kh\u1ea3 n\u0103ng c\u1ee7a nh\u1eefng ng\u01b0\u1eddi m\u1eafc b\u1ec7nh t\u00e2m th\u1ea7n trong cu\u1ed9c s\u1ed1ng h\u00e0ng ng\u00e0y.<\/li>\n<\/ol>\n<p>&nbsp;<\/p>\n<h3><b>K\u1ebft qu\u1ea3 l\u00e0 g\u00ec?<\/b><\/h3>\n<p>Qu\u00e1 tr\u00ecnh b\u1ec7nh t\u00e2m th\u1ea7n ph\u00e2n li\u1ec7t kh\u00e1c nhau gi\u1eefa b\u1ec7nh nh\u00e2n n\u00e0y v\u00e0 b\u1ec7nh nh\u00e2n kh\u00e1c. \u0110\u00e2y l\u00e0 m\u1ed9t b\u1ec7nh m\u00e3n t\u00ednh v\u00e0 vi\u1ec7c ch\u1eefa kh\u1ecfi ho\u00e0n to\u00e0n (t\u1ee9c l\u00e0 kh\u00f4ng c\u1ea7n d\u00f9ng thu\u1ed1c) r\u1ea5t hi\u1ebfm. Kho\u1ea3ng 25% b\u1ec7nh nh\u00e2n t\u00e2m th\u1ea7n ph\u00e2n li\u1ec7t \u0111\u00e3 thuy\u00ean gi\u1ea3m ho\u00e0n to\u00e0n, kho\u1ea3ng 10% v\u1eabn c\u00f2n b\u1ecb t\u00e2m th\u1ea7n n\u1eb7ng, v\u00e0 nh\u1eefng ng\u01b0\u1eddi kh\u00e1c c\u00f3 c\u00e1c tri\u1ec7u ch\u1ee9ng c\u00f2n l\u1ea1i nh\u1eb9 ho\u1eb7c xen k\u1ebd gi\u1eefa t\u00ecnh tr\u1ea1ng suy y\u1ebfu v\u00e0 s\u1ef1 t\u00e1i ph\u00e1t c\u1ee7a nh\u1eefng c\u01a1n lo\u1ea1n th\u1ea7n kinh c\u1ea5p t\u00ednh.<\/p>\n<p>C\u00f3 r\u1ea5t nhi\u1ec1u y\u1ebfu t\u1ed1 \u1ea3nh h\u01b0\u1edfng \u0111\u1ebfn k\u1ebft qu\u1ea3 c\u1ee7a b\u1ec7nh t\u1eadt, ch\u1eb3ng h\u1ea1n nh\u01b0 ho\u1ea1t \u0111\u1ed9ng tr\u01b0\u1edbc khi ph\u00e1t b\u1ec7nh, lo\u1ea1i tri\u1ec7u ch\u1ee9ng, b\u1ed1i c\u1ea3nh gia \u0111\u00ecnh v\u00e0 v\u0103n h\u00f3a x\u00e3 h\u1ed9i.<\/p>\n<h3><\/h3>\n<h3><b>Ng\u01b0\u1eddi b\u1ecb t\u00e2m th\u1ea7n ph\u00e2n li\u1ec7t c\u00f3 th\u1ec3 l\u00e0m g\u00ec \u0111\u1ec3 ki\u1ec3m so\u00e1t b\u1ec7nh c\u1ee7a m\u00ecnh?<\/b><\/h3>\n<ol>\n<li aria-level=\"1\">U\u1ed1ng thu\u1ed1c \u0111\u00fang c\u00e1ch v\u00e0 tu\u00e2n th\u1ee7 c\u00e1c ph\u01b0\u01a1ng th\u1ee9c \u0111i\u1ec1u tr\u1ecb<\/li>\n<li aria-level=\"1\">Hi\u1ec3u v\u1ec1 b\u1ec7nh<\/li>\n<li aria-level=\"1\">Theo d\u00f5i t\u00ecnh tr\u1ea1ng t\u00e2m th\u1ea7n c\u1ee7a anh \u1ea5y \/ c\u00f4 \u1ea5y<\/li>\n<li aria-level=\"1\">Ph\u1ea5n \u0111\u1ea5u cho s\u1ef1 ph\u1ee5c h\u1ed3i c\u1ee7a c\u00f4 \u1ea5y \/ anh \u1ea5y<\/li>\n<li aria-level=\"1\">C\u00f3 hi vo\u0323ng<\/li>\n<li aria-level=\"1\">Tham gia nh\u00f3m h\u1ed7 tr\u1ee3 ng\u01b0\u1eddi \u0111\u1ed3ng b\u1ec7nh<\/li>\n<\/ol>\n<h3><\/h3>\n<h3><b>Gia \u0111\u00ecnh v\u00e0 b\u1ea1n b\u00e8 c\u00f3 th\u1ec3 l\u00e0m g\u00ec \u0111\u1ec3 gi\u00fap \u0111\u1ee1?<\/b><\/h3>\n<ol>\n<li aria-level=\"1\">Gi\u00fap ng\u01b0\u1eddi b\u1ec7nh t\u00ecm ra ph\u01b0\u01a1ng ph\u00e1p \u0111i\u1ec1u tr\u1ecb th\u00edch h\u1ee3p<\/li>\n<li aria-level=\"1\">Khuy\u1ebfn kh\u00edch b\u1ec7nh nh\u00e2n tu\u00e2n th\u1ee7 vi\u1ec7c \u0111i\u1ec1u tr\u1ecb. H\u1ee3p t\u00e1c v\u1edbi c\u00e1c chuy\u00ean gia (nh\u01b0 b\u00e1c s\u0129, nh\u00e2n vi\u00ean x\u00e3 h\u1ed9i) \u0111\u01b0a ra ph\u01b0\u01a1ng ph\u00e1p \u0111i\u1ec1u tr\u1ecb<\/li>\n<li aria-level=\"1\">H\u1ecdc c\u00e1ch nh\u1eadn bi\u1ebft c\u00e1c d\u1ea5u hi\u1ec7u c\u1ea3nh b\u00e1o t\u00e1i ph\u00e1t<\/li>\n<li aria-level=\"1\">H\u1ecdc c\u00e1ch x\u1eed l\u00fd kh\u1ee7ng ho\u1ea3ng<\/li>\n<li aria-level=\"1\">Hi\u1ec3u b\u1ec7nh nh\u00e2n v\u00e0 \u0111\u1eb7t ra nh\u1eefng k\u1ef3 v\u1ecdng ph\u00f9 h\u1ee3p<\/li>\n<li aria-level=\"1\">Tham d\u1ef1 nh\u00f3m h\u1ed7 tr\u1ee3 gia \u0111\u00ecnh<\/li>\n<\/ol>\n<p>&nbsp;<\/p>\n<h3><b>B\u1ea1n nh\u1eadn \u0111\u01b0\u1ee3c s\u1ef1 gi\u00fap \u0111\u1ee1 \u1edf \u0111\u00e2u khi b\u1ea1n ho\u1eb7c c\u00e1c th\u00e0nh vi\u00ean trong gia \u0111\u00ecnh c\u1ee7a b\u1ea1n c\u00f3 bi\u1ec3u hi\u1ec7n m\u1eafc b\u1ec7nh T\u00e2m th\u1ea7n ph\u00e2n li\u1ec7t?<\/b><\/h3>\n<ol>\n<li aria-level=\"1\">H\u00e3y h\u1ecfi b\u00e1c s\u0129 gia \u0111\u00ecnh \u0111\u1ec3 \u0111\u01b0\u1ee3c gi\u1edbi thi\u1ec7u \u0111\u1ebfn n\u01a1i gi\u00fap \u0111\u1ee1. Ti\u1ebfp c\u1eadn c\u00e1c d\u1ecbch v\u1ee5 x\u00e3 h\u1ed9i v\u00e0 c\u00e1c c\u01a1 quan y t\u1ebf \u0111\u1ec3 bi\u1ebft th\u00f4ng tin.<\/li>\n<li aria-level=\"1\">Li\u00ean l\u1ea1c v\u1edbi nh\u00e2n vi\u00ean ti\u1ebfp nh\u1eadn c\u1ee7a Hong Fook t\u1ea1i s\u1ed1 416-493-4242 X 0 ho\u1eb7c c\u00e1c c\u01a1 quan d\u1ecbch v\u1ee5 c\u1ed9ng \u0111\u1ed3ng kh\u00e1c<\/li>\n<li aria-level=\"1\">Li\u00ean l\u1ea1c v\u1edbi Ch\u01b0\u01a1ng tr\u00ecnh Kh\u1ee7ng ho\u1ea3ng C\u1ed9ng \u0111\u1ed3ng K\u1ebft h\u1ee3p Metro theo s\u1ed1 416-289-2434 khi g\u1eb7p t\u00ecnh hu\u1ed1ng kh\u1ee7ng ho\u1ea3ng<\/li>\n<li aria-level=\"1\">Li\u00ean l\u1ea1c v\u1edbi c\u00e1c ph\u00f2ng c\u1ea5p c\u1ee9u g\u1ea7n \u0111\u00f3<\/li>\n<\/ol>\n\n","protected":false},"excerpt":{"rendered":"<p>English \u7e41\u9ad4\u4e2d\u6587 \u7b80\u4f53\u4e2d\u6587 \ud55c\uad6d\uc5b4 Ti\u1ebfng Vi\u1ec7t \u1797\u17b6\u179f\u17b6\u1781\u17d2\u1798\u17c2\u179a T\u00e2m th\u1ea7n ph\u00e2n li\u1ec7t\u00a0x\u1ea3y ra \u1edf t\u1ea5t c\u1ea3 m\u1ecdi x\u00e3 h\u1ed9i v\u00e0 c\u1ee9 100 ng\u01b0\u1eddi th\u00ec c\u00f3 m\u1ed9t ng\u01b0\u1eddi s\u1ebd \u0111\u01b0\u1ee3c ch\u1ea9n \u0111o\u00e1n m\u1eafc b\u1ec7nh t\u00e2m th\u1ea7n ph\u00e2n li\u1ec7t m\u1ed9t l\u00fac n\u00e0o \u0111\u00f3 trong \u0111\u1eddi. \u0110\u00e2y l\u00e0 b\u1ec7nh ph\u1ed5 bi\u1ebfn nh\u1ea5t trong s\u1ed1 t\u1ea5t c\u1ea3 c\u00e1c b\u1ec7nh t\u00e2m &hellip; <\/p>\n<div class=\"link-more\"><a href=\"https:\/\/hongfook.ca\/association\/resources\/health-resources\/schizophrenia\/vi\/\" class=\"more-link\">Read More<span class=\"screen-reader-text\"> &#8220;T\u00e2m Th\u1ea7n Ph\u00e2n Li\u1ec7t&#8221;<\/span><\/a><\/div>\n","protected":false},"author":1,"featured_media":0,"parent":720,"menu_order":0,"comment_status":"closed","ping_status":"closed","template":"page-template\/right-sidebar.php","meta":{"om_disable_all_campaigns":false,"ngg_post_thumbnail":0,"footnotes":""},"class_list":["post-2722","page","type-page","status-publish","hentry"],"aioseo_notices":[],"_links":{"self":[{"href":"https:\/\/hongfook.ca\/association\/wp-json\/wp\/v2\/pages\/2722","targetHints":{"allow":["GET"]}}],"collection":[{"href":"https:\/\/hongfook.ca\/association\/wp-json\/wp\/v2\/pages"}],"about":[{"href":"https:\/\/hongfook.ca\/association\/wp-json\/wp\/v2\/types\/page"}],"author":[{"embeddable":true,"href":"https:\/\/hongfook.ca\/association\/wp-json\/wp\/v2\/users\/1"}],"replies":[{"embeddable":true,"href":"https:\/\/hongfook.ca\/association\/wp-json\/wp\/v2\/comments?post=2722"}],"version-history":[{"count":4,"href":"https:\/\/hongfook.ca\/association\/wp-json\/wp\/v2\/pages\/2722\/revisions"}],"predecessor-version":[{"id":3225,"href":"https:\/\/hongfook.ca\/association\/wp-json\/wp\/v2\/pages\/2722\/revisions\/3225"}],"up":[{"embeddable":true,"href":"https:\/\/hongfook.ca\/association\/wp-json\/wp\/v2\/pages\/720"}],"wp:attachment":[{"href":"https:\/\/hongfook.ca\/association\/wp-json\/wp\/v2\/media?parent=2722"}],"curies":[{"name":"wp","href":"https:\/\/api.w.org\/{rel}","templated":true}]}}