{"id":2702,"date":"2021-05-29T02:05:41","date_gmt":"2021-05-29T02:05:41","guid":{"rendered":"https:\/\/hongfook.ca\/association\/?page_id=2702"},"modified":"2021-06-01T05:27:18","modified_gmt":"2021-06-01T05:27:18","slug":"vi","status":"publish","type":"page","link":"https:\/\/hongfook.ca\/association\/resources\/health-resources\/major-depression\/vi\/","title":{"rendered":"Tr\u1ea7m C\u1ea3m N\u1eb7ng"},"content":{"rendered":"\n\n\t\t\t<a href=\"\/association\/resources\/health-resources\/major-depression\/\" target=\"_self\" role=\"button\" rel=\"noopener\">\n\t\t\t\t\t\t\tEnglish\n\t\t\t\t\t<\/a>\n\t\t\t<a href=\"\/association\/resources\/health-resources\/major-depression\/tc\/\" target=\"_self\" role=\"button\" rel=\"noopener\">\n\t\t\t\t\t\t\t\u7e41\u9ad4\u4e2d\u6587\n\t\t\t\t\t<\/a>\n\t\t\t<a href=\"\/association\/resources\/health-resources\/major-depression\/sc\/\" target=\"_self\" role=\"button\" rel=\"noopener\">\n\t\t\t\t\t\t\t\u7b80\u4f53\u4e2d\u6587\n\t\t\t\t\t<\/a>\n\t\t\t<a href=\"\/association\/resources\/health-resources\/major-depression\/ko\/\" target=\"_self\" role=\"button\" rel=\"noopener\">\n\t\t\t\t\t\t\t\ud55c\uad6d\uc5b4\n\t\t\t\t\t<\/a>\n\t\t\t<a href=\"\/association\/resources\/health-resources\/major-depression\/vi\/\" target=\"_self\" role=\"button\" rel=\"noopener\">\n\t\t\t\t\t\t\tTi\u1ebfng Vi\u1ec7t\n\t\t\t\t\t<\/a>\n\t\t\t<a href=\"\/association\/resources\/health-resources\/major-depression\/kh\/\" target=\"_self\" role=\"button\" rel=\"noopener\">\n\t\t\t\t\t\t\t\u1797\u17b6\u179f\u17b6\u1781\u17d2\u1798\u17c2\u179a\n\t\t\t\t\t<\/a>\n\t\t\t\t<img decoding=\"async\" src=\"https:\/\/hongfook.ca\/association\/wp-content\/uploads\/sites\/3\/2021\/03\/health-resources-masthead.jpg\" alt=\"Health Resources\" itemprop=\"image\" title=\"Health Resources\" onerror=\"this.style.display='none'\"  \/>\n\t<p><b>Tr\u1ea7m C\u1ea3m N\u1eb7ng\u00a0<\/b>l\u00e0 m\u1ed9t b\u1ec7nh n\u1ed9i khoa. V\u00ec l\u00e0 m\u1ed9t b\u1ec7nh n\u1ed9i khoa, n\u00ean nhi\u1ec1u khi c\u00e1c d\u1ea5u hi\u1ec7u \u0111\u1ea7u ti\u00ean c\u1ee7a tr\u1ea7m c\u1ea3m n\u1eb7ng c\u00f3 th\u1ec3 l\u00e0 c\u00e1c tri\u1ec7u ch\u1ee9ng v\u1ec1 th\u1ec3 ch\u1ea5t nh\u01b0 m\u1ec7t m\u1ecfi, r\u1ed1i lo\u1ea1n gi\u1ea5c ng\u1ee7, thay \u0111\u1ed5i c\u1ea3m gi\u00e1c th\u00e8m \u0103n, \u0111au nh\u1ee9c, v.v.<\/p>\n<p>M\u1ecdi ng\u01b0\u1eddi \u0111\u1ec1u c\u00f3 l\u00fac c\u1ea3m th\u1ea5y bu\u1ed3n, \u0111\u1eb7c bi\u1ec7t l\u00e0 khi \u0111i\u1ec1u g\u00ec \u0111\u00f3 t\u1ed3i t\u1ec7 x\u1ea3y ra (v\u00ed d\u1ee5, sau c\u00e1i ch\u1ebft c\u1ee7a m\u1ed9t ng\u01b0\u1eddi th\u00e2n thi\u1ebft v\u1edbi b\u1ea1n ho\u1eb7c m\u1ea5t vi\u1ec7c l\u00e0m). \u0110\u00e2y l\u00e0 m\u1ed9t ph\u1ea3n \u1ee9ng b\u00ecnh th\u01b0\u1eddng n\u1ebfu n\u00f3 bi\u1ebfn m\u1ea5t sau m\u1ed9t kho\u1ea3ng th\u1eddi gian h\u1ee3p l\u00fd.<\/p>\n<p>Tuy nhi\u00ean, n\u1ebfu b\u1ea1n c\u1ea3m th\u1ea5y bu\u1ed3n b\u00e3 v\u00e0 h\u1ea7u h\u1ebft c\u00e1c tri\u1ec7u ch\u1ee9ng tr\u00ean di\u1ec5n ra g\u1ea7n nh\u01b0 l\u00e0 h\u00e0ng ng\u00e0y trong hai tu\u1ea7n tr\u1edf l\u00ean, b\u1ea1n c\u00f3 th\u1ec3 m\u1eafc m\u1ed9t c\u0103n b\u1ec7nh y khoa g\u1ecdi l\u00e0 Tr\u1ea7m c\u1ea3m n\u1eb7ng. \u0110\u00e2y l\u00e0 m\u1ed9t c\u0103n b\u1ec7nh ph\u1ed5 bi\u1ebfn m\u00e0 ng\u01b0\u1eddi ta kh\u00f4ng n\u00f3i \u0111\u1ebfn.<\/p>\n<p>B\u1ec7nh n\u00e0y \u1ea3nh h\u01b0\u1edfng \u0111\u1ebfn 10-15% nam gi\u1edbi v\u00e0 15-25% ph\u1ee5 n\u1eef. N\u1ebfu b\u1ea1n \u0111\u01b0\u1ee3c \u0111i\u1ec1u tr\u1ecb, th\u00ec c\u00f3 kh\u1ea3 n\u0103ng cao b\u1ec7nh c\u00f3 th\u1ec3 \u0111\u01b0\u1ee3c c\u1ea3i thi\u1ec7n trong m\u1ed9t th\u1eddi gian ng\u1eafn (trong v\u00f2ng 2-6 tu\u1ea7n tr\u1edf l\u1ea1i). N\u1ebfu kh\u00f4ng \u0111i\u1ec1u tr\u1ecb, n\u00f3 c\u00f3 th\u1ec3 k\u00e9o d\u00e0i 6-18 th\u00e1ng, ho\u1eb7c th\u1eadm ch\u00ed l\u00e2u h\u01a1n.<\/p>\n<ul>\n<li aria-level=\"1\">B\u1ea1n c\u00f3 c\u1ea3m th\u1ea5y m\u1ea5t n\u0103ng l\u01b0\u1ee3ng m\u00e0 kh\u00f4ng c\u00f3 l\u00fd do?<\/li>\n<li aria-level=\"1\">B\u1ea1n c\u00f3 v\u1ea5n \u0111\u1ec1 v\u1ec1 gi\u1ea5c ng\u1ee7?<\/li>\n<li aria-level=\"1\">B\u1ea1n c\u00f3 nh\u1eadn th\u1ea5y r\u1eb1ng s\u1ef1 t\u1eadp trung ho\u1eb7c tr\u00ed nh\u1edb c\u1ee7a b\u1ea1n kh\u00f4ng \u0111\u01b0\u1ee3c t\u1ed1t?<\/li>\n<li aria-level=\"1\">B\u1ea1n c\u00f3 \u00fd ngh\u0129 m\u00ecnh s\u1eafp ch\u1ebft kh\u00f4ng?<\/li>\n<li aria-level=\"1\">B\u1ea1n c\u00f3 c\u1ea3m th\u1ea5y bu\u1ed3n h\u1ea7u nh\u01b0 m\u1ed7i ng\u00e0y?<\/li>\n<li aria-level=\"1\">B\u1ea1n c\u1ea3m th\u1ea5y m\u00ecnh v\u00f4 gi\u00e1 tr\u1ecb hay t\u1ed9i l\u1ed7i?<\/li>\n<li aria-level=\"1\">B\u1ea1n kh\u00f4ng th\u00edch th\u1ee9 g\u00ec n\u1eefa?<\/li>\n<li aria-level=\"1\">B\u1ea1n c\u00f3 nh\u1eadn th\u1ea5y b\u1ea5t k\u1ef3 thay \u0111\u1ed5i n\u00e0o trong c\u1ea3m gi\u00e1c th\u00e8m \u0103n c\u1ee7a m\u00ecnh kh\u00f4ng?<\/li>\n<\/ul>\n<p>N\u1ebfu b\u1ea1n tr\u1ea3 l\u1eddi c\u00f3 cho h\u1ea7u h\u1ebft nh\u1eefng c\u00e2u h\u1ecfi n\u00e0y, b\u1ea1n c\u00f3 th\u1ec3 \u0111ang b\u1ecb Tr\u1ea7m c\u1ea3m n\u1eb7ng.<\/p>\n<p>&nbsp;<\/p>\n<h3><b>Nguy\u00ean nh\u00e2n g\u00e2y ra b\u1ec7nh Tr\u1ea7m c\u1ea3m n\u1eb7ng?<\/b><\/h3>\n<ol>\n<li aria-level=\"1\">Di truy\u1ec1n: Nh\u1eefng ng\u01b0\u1eddi c\u00f3 ti\u1ec1n s\u1eed tr\u1ea7m c\u1ea3m trong gia \u0111\u00ecnh c\u00f3 nguy c\u01a1 b\u1ecb tr\u1ea7m c\u1ea3m cao h\u01a1n m\u1ed9t ch\u00fat. Tuy nhi\u00ean, y\u1ebfu t\u1ed1 di truy\u1ec1n kh\u00f4ng t\u1ef1 n\u00f3 g\u00e2y ra tr\u1ea7m c\u1ea3m.<\/li>\n<li aria-level=\"1\">T\u00e2m l\u00fd: C\u00e1ch b\u1ea1n \u0111\u00e3 h\u1ecdc \u0111\u1ec3 \u0111\u1ed1i ph\u00f3 v\u1edbi c\u00e1c v\u1ea5n \u0111\u1ec1 c\u00f3 th\u1ec3 g\u00f3p ph\u1ea7n g\u00e2y ra tr\u1ea7m c\u1ea3m. N\u1ebfu b\u1ea1n l\u00e0 ki\u1ec3u ng\u01b0\u1eddi hay \u0111\u00e1nh gi\u00e1 th\u1ea5p v\u1ec1 b\u1ea3n th\u00e2n v\u00e0 lo l\u1eafng nhi\u1ec1u, n\u1ebfu b\u1ea1n qu\u00e1 ph\u1ee5 thu\u1ed9c v\u00e0o ng\u01b0\u1eddi kh\u00e1c, n\u1ebfu b\u1ea1n l\u00e0 ng\u01b0\u1eddi \u0111\u00f2i s\u1ef1 ho\u00e0n h\u1ea3o v\u00e0 mong \u0111\u1ee3i qu\u00e1 nhi\u1ec1u t\u1eeb b\u1ea3n th\u00e2n hay ng\u01b0\u1eddi kh\u00e1c, ho\u1eb7c n\u1ebfu b\u1ea1n c\u00f3 xu h\u01b0\u1edbng che gi\u1ea5u c\u1ea3m x\u00fac c\u1ee7a m\u00ecnh, b\u1ea1n c\u00f3 th\u1ec3 c\u00f3 nhi\u1ec1u nguy c\u01a1 b\u1ecb tr\u1ea7m c\u1ea3m h\u01a1n.<\/li>\n<li aria-level=\"1\">S\u1ef1 ki\u1ec7n trong \u0111\u1eddi: Nh\u1eefng t\u1ed5n th\u01b0\u01a1ng v\u00e0 m\u1ea5t m\u00e1t th\u1eddi th\u01a1 \u1ea5u (ch\u1eb3ng h\u1ea1n nh\u01b0 c\u00e1i ch\u1ebft ho\u1eb7c s\u1ef1 chia l\u00eca c\u1ee7a cha m\u1eb9) ho\u1eb7c c\u00e1c s\u1ef1 ki\u1ec7n trong cu\u1ed9c s\u1ed1ng khi tr\u01b0\u1edfng th\u00e0nh (ch\u1eb3ng h\u1ea1n nh\u01b0 c\u00e1i ch\u1ebft c\u1ee7a m\u1ed9t ng\u01b0\u1eddi th\u00e2n y\u00eau, ly h\u00f4n, m\u1ea5t vi\u1ec7c, ngh\u1ec9 h\u01b0u, c\u00e1c v\u1ea5n \u0111\u1ec1 t\u00e0i ch\u00ednh nghi\u00eam tr\u1ecdng v\u00e0 xung \u0111\u1ed9t gia \u0111\u00ecnh) c\u00f3 th\u1ec3 g\u00e2y ra tr\u1ea7m c\u1ea3m.<\/li>\n<li aria-level=\"1\">Y\u1ebfu t\u1ed1 sinh h\u1ecdc: S\u1ef1 m\u1ea5t c\u00e2n b\u1eb1ng n\u1ed9i ti\u1ebft t\u1ed1 ho\u1eb7c h\u00f3a ch\u1ea5t trong n\u00e3o c\u00f3 th\u1ec3 g\u00e2y ra tr\u1ea7m c\u1ea3m.<\/li>\n<\/ol>\n<p>&nbsp;<\/p>\n<h3><b>\u0110i\u1ec1u tr\u1ecb tr\u1ea7m c\u1ea3m: Li\u1ec7u ph\u00e1p tr\u00f2 chuy\u1ec7n<\/b><\/h3>\n<p>N\u00f3i chuy\u1ec7n v\u1edbi m\u1ed9t chuy\u00ean gia \u0111\u00e3 \u0111\u01b0\u1ee3c \u0111\u00e0o t\u1ea1o trong vi\u1ec7c cung c\u1ea5p li\u1ec7u ph\u00e1p t\u00e2m l\u00fd (hay c\u00f2n g\u1ecdi l\u00e0 li\u1ec7u ph\u00e1p tr\u00f2 chuy\u1ec7n) c\u00f3 th\u1ec3 h\u1eefu \u00edch cho nh\u1eefng ng\u01b0\u1eddi b\u1ecb tr\u1ea7m c\u1ea3m. Li\u1ec7u ph\u00e1p gi\u00fap xoa d\u1ecbu n\u1ed7i bu\u1ed3n b\u1eb1ng c\u00e1ch th\u1ea3o lu\u1eadn v\u00e0 b\u00e0y t\u1ecf c\u1ea3m x\u00fac, gi\u00fap thay \u0111\u1ed5i th\u00e1i \u0111\u1ed9, h\u00e0nh vi v\u00e0 th\u00f3i quen c\u00f3 kh\u1ea3 n\u0103ng g\u00e2y ra ch\u1ee9ng tr\u1ea7m c\u1ea3m. C\u00e1c b\u00e1c s\u0129, nh\u00e2n vi\u00ean x\u00e3 h\u1ed9i, nh\u00e0 t\u00e2m l\u00fd h\u1ecdc v\u00e0 c\u00e1c chuy\u00ean gia s\u1ee9c kh\u1ecfe t\u00e2m th\u1ea7n kh\u00e1c \u0111\u01b0\u1ee3c \u0111\u00e0o t\u1ea1o theo c\u00e1c m\u00f4 h\u00ecnh tr\u1ecb li\u1ec7u tr\u00f2 chuy\u1ec7n kh\u00e1c nhau.<\/p>\n<p>Nghi\u00ean c\u1ee9u khoa h\u1ecdc \u0111\u00e3 cho th\u1ea5y hai lo\u1ea1i li\u1ec7u ph\u00e1p tr\u00f2 chuy\u1ec7n c\u00f3 th\u1ec3 c\u00f3 hi\u1ec7u qu\u1ea3 trong \u0111i\u1ec1u tr\u1ecb tr\u1ea7m c\u1ea3m. M\u1ed9t lo\u1ea1i l\u00e0 Li\u1ec7u ph\u00e1p gi\u1eefa c\u00e1c c\u00e1 nh\u00e2n. Trong li\u1ec7u ph\u00e1p n\u00e0y, m\u1ecdi ng\u01b0\u1eddi xem x\u00e9t m\u1ed1i quan h\u1ec7 c\u1ee7a h\u1ecd v\u1edbi nh\u1eefng ng\u01b0\u1eddi kh\u00e1c c\u00f3 th\u1ec3 g\u00e2y ra ch\u1ee9ng tr\u1ea7m c\u1ea3m c\u1ee7a h\u1ecd nh\u01b0 th\u1ebf n\u00e0o.<\/p>\n<p>Lo\u1ea1i li\u1ec7u ph\u00e1p kh\u00e1c l\u00e0 Li\u1ec7u ph\u00e1p H\u00e0nh vi Nh\u1eadn th\u1ee9c. Lo\u1ea1i li\u1ec7u ph\u00e1p tr\u00f2 chuy\u1ec7n n\u00e0y gi\u00fap m\u1ecdi ng\u01b0\u1eddi th\u1ea5y \u0111\u01b0\u1ee3c nh\u1eefng suy ngh\u0129 v\u00e0 h\u00e0nh vi ti\u00eau c\u1ef1c g\u00e2y ra ch\u1ee9ng tr\u1ea7m c\u1ea3m c\u1ee7a h\u1ecd nh\u01b0 th\u1ebf n\u00e0o. V\u00ed d\u1ee5 v\u1ec1 nh\u1eefng suy ngh\u0129 ti\u00eau c\u1ef1c l\u00e0 &#8220;T\u00f4i v\u00f4 d\u1ee5ng v\u00e0 v\u00f4 gi\u00e1 tr\u1ecb&#8221;, &#8220;Kh\u00f4ng ai th\u00edch t\u00f4i&#8221; ho\u1eb7c &#8220;T\u00f4i kh\u00f4ng c\u00f3 t\u01b0\u01a1ng lai&#8221;. V\u00ed d\u1ee5 v\u1ec1 c\u00e1c h\u00e0nh vi ti\u00eau c\u1ef1c bao g\u1ed3m vi\u1ec7c tr\u00e1nh giao ti\u1ebfp x\u00e3 h\u1ed9i v\u1edbi m\u1ecdi ng\u01b0\u1eddi ho\u1eb7c gi\u1ea3m c\u00e1c ho\u1ea1t \u0111\u1ed9ng m\u00e0 b\u1ea1n y\u00eau th\u00edch. Li\u1ec7u ph\u00e1p H\u00e0nh vi Nh\u1eadn th\u1ee9c d\u1ea1y m\u1ecdi ng\u01b0\u1eddi c\u00e1ch thay \u0111\u1ed5i nh\u1eefng suy ngh\u0129 v\u00e0 h\u00e0nh vi ti\u00eau c\u1ef1c n\u00e0y.<\/p>\n<h3><\/h3>\n<h3><b>\u0110i\u1ec1u tr\u1ecb tr\u1ea7m c\u1ea3m: Thu\u1ed1c men<\/b><\/h3>\n<p>C\u00e1c lo\u1ea1i thu\u1ed1c ch\u1ed1ng tr\u1ea7m c\u1ea3m c\u00f3 th\u1ec3 \u0111\u01b0\u1ee3c s\u1eed d\u1ee5ng \u0111\u1ec3 \u0111i\u1ec1u tr\u1ecb tr\u1ea7m c\u1ea3m. \u0110i\u1ec1u quan tr\u1ecdng l\u00e0 ph\u1ea3i c\u00f3 b\u00e1c s\u0129 m\u00e0 b\u1ea1n c\u1ea3m th\u1ea5y tho\u1ea3i m\u00e1i khi \u0111\u1eb7t c\u00e2u h\u1ecfi v\u1ec1 thu\u1ed1c v\u00e0 t\u00e1c d\u1ee5ng ph\u1ee5 c\u1ee7a ch\u00fang. M\u1ed9t s\u1ed1 ng\u01b0\u1eddi lo l\u1eafng r\u1eb1ng h\u1ecd s\u1ebd nghi\u1ec7n ho\u1eb7c ph\u1ee5 thu\u1ed9c v\u00e0o thu\u1ed1c. Thu\u1ed1c ch\u1ed1ng tr\u1ea7m c\u1ea3m kh\u00f4ng g\u00e2y nghi\u1ec7n. Nhi\u1ec1u ng\u01b0\u1eddi tin r\u1eb1ng vi\u1ec7c s\u1eed d\u1ee5ng thu\u1ed1c ch\u1ed1ng tr\u1ea7m c\u1ea3m l\u00e0 m\u1ed9t d\u1ea5u hi\u1ec7u c\u1ee7a s\u1ef1 suy nh\u01b0\u1ee3c. Tr\u1ea7m c\u1ea3m l\u00e0 m\u1ed9t c\u0103n b\u1ec7nh n\u1ed9i khoa, n\u1ebfu kh\u00f4ng \u0111\u01b0\u1ee3c \u0111i\u1ec1u tr\u1ecb, c\u00f3 th\u1ec3 tr\u1edf n\u00ean tr\u1ea7m tr\u1ecdng h\u01a1n v\u00e0 th\u1eadm ch\u00ed \u0111e d\u1ecda t\u00ednh m\u1ea1ng. T\u1ea5t c\u1ea3 c\u00e1c lo\u1ea1i thu\u1ed1c \u0111\u1ec1u c\u00f3 th\u1ec3 c\u00f3 t\u00e1c d\u1ee5ng ph\u1ee5.<\/p>\n<p>C\u00e1c t\u00e1c d\u1ee5ng ph\u1ee5 th\u01b0\u1eddng g\u1eb7p t\u1eeb thu\u1ed1c ch\u1ed1ng tr\u1ea7m c\u1ea3m l\u00e0 nh\u1ee9c \u0111\u1ea7u, bu\u1ed3n n\u00f4n, kh\u00f4 mi\u1ec7ng, m\u1ea5t ng\u1ee7, t\u0103ng lo l\u1eafng, bu\u1ed3n ng\u1ee7 v\u00e0 kh\u00f3 kh\u0103n trong t\u00ecnh d\u1ee5c. Nh\u1eefng c\u01a1n nh\u1ee9c \u0111\u1ea7u, bu\u1ed3n n\u00f4n v\u00e0 t\u0103ng lo l\u1eafng th\u01b0\u1eddng s\u1ebd gi\u1ea3m khi b\u1ea1n d\u00f9ng thu\u1ed1c l\u00e2u h\u01a1n. N\u1ebfu b\u1ea1n g\u1eb7p nhi\u1ec1u t\u00e1c d\u1ee5ng ph\u1ee5, \u0111i\u1ec1u quan tr\u1ecdng l\u00e0 ph\u1ea3i cho b\u00e1c s\u0129 c\u1ee7a b\u1ea1n bi\u1ebft v\u00e0 kh\u00f4ng \u0111\u01b0\u1ee3c \u0111\u1ed9t ng\u1ed9t ng\u1eebng thu\u1ed1c. Vi\u1ec7c ng\u1eebng thu\u1ed1c \u0111\u1ed9t ng\u1ed9t c\u00f3 th\u1ec3 g\u00e2y ra c\u00e1c ph\u1ea3n \u1ee9ng kh\u00f3 ch\u1ecbu.<\/p>\n<p>\u0110\u1ec3 c\u00f3 \u0111\u01b0\u1ee3c hi\u1ec7u qu\u1ea3 t\u1ed1t nh\u1ea5t c\u1ee7a thu\u1ed1c, b\u00e1c s\u0129 c\u00f3 th\u1ec3 t\u0103ng d\u1ea7n li\u1ec1u \u0111\u1ebfn m\u1ee9c \u0111i\u1ec1u tr\u1ecb. Kh\u00f4ng gi\u1ed1ng nh\u01b0 c\u00e1c lo\u1ea1i thu\u1ed1c kh\u00e1c l\u00e0m gi\u1ea3m c\u00e1c tri\u1ec7u ch\u1ee9ng r\u1ea5t nhanh ch\u00f3ng, thu\u1ed1c ch\u1ed1ng tr\u1ea7m c\u1ea3m th\u01b0\u1eddng m\u1ea5t t\u1eeb \u200b\u200b2 tu\u1ea7n tr\u1edf l\u00ean \u0111\u1ec3 ph\u00e1t huy t\u00e1c d\u1ee5ng.<\/p>\n<p>Th\u00f4ng th\u01b0\u1eddng, b\u00e1c s\u0129 s\u1ebd th\u1eed hai ho\u1eb7c nhi\u1ec1u lo\u1ea1i thu\u1ed1c ch\u1ed1ng tr\u1ea7m c\u1ea3m kh\u00e1c nhau tr\u01b0\u1edbc khi t\u00ecm ra m\u1ed9t lo\u1ea1i ph\u00f9 h\u1ee3p v\u1edbi b\u1ea1n v\u00e0 c\u00f3 t\u00e1c d\u1ee5ng ph\u1ee5 c\u00f3 th\u1ec3 ch\u1ecbu \u0111\u1ef1ng \u0111\u01b0\u1ee3c. M\u1ed9t khi thu\u1ed1c \u0111\u00e3 \u0111i\u1ec1u tr\u1ecb \u0111\u01b0\u1ee3c ch\u1ee9ng tr\u1ea7m c\u1ea3m c\u1ee7a b\u1ea1n, b\u1ea1n th\u01b0\u1eddng \u0111\u01b0\u1ee3c khuy\u1ebfn kh\u00edch ti\u1ebfp t\u1ee5c d\u00f9ng thu\u1ed1c cho \u0111\u1ebfn m\u1ed9t n\u0103m ho\u1eb7c h\u01a1n \u0111\u1ec3 ng\u0103n ng\u1eeba t\u00e1i ph\u00e1t.<\/p>\n<p>&nbsp;<\/p>\n<h3><b>\u0110i\u1ec1u tr\u1ecb tr\u1ea7m c\u1ea3m: C\u00e1c l\u1ef1a ch\u1ecdn kh\u00e1c<\/b><\/h3>\n<p>C\u00f3 nh\u1eefng ph\u01b0\u01a1ng th\u1ee9c kh\u00e1c ch\u01b0a \u0111\u01b0\u1ee3c nghi\u00ean c\u1ee9u khoa h\u1ecdc nh\u01b0ng c\u00f3 th\u1ec3 h\u1eefu \u00edch. H\u1ecdc c\u00e1c k\u1ef9 n\u0103ng gi\u1ea3i quy\u1ebft v\u1ea5n \u0111\u1ec1 ho\u1eb7c c\u00e1ch quy\u1ebft \u0111o\u00e1n h\u01a1n c\u00f3 th\u1ec3 h\u1eefu \u00edch. Thay \u0111\u1ed5i l\u1ed1i s\u1ed1ng nh\u01b0 dinh d\u01b0\u1ee1ng t\u1ed1t, t\u1eadp th\u1ec3 d\u1ee5c v\u00e0 thi\u1ec1n \u0111\u1ecbnh c\u0169ng c\u00f3 th\u1ec3 h\u1eefu \u00edch.<\/p>\n<p>&nbsp;<\/p>\n<h3><b>\u0110i\u1ec1u tr\u1ecb tr\u1ea7m c\u1ea3m: Tr\u1ee3 gi\u00fap cho gia \u0111\u00ecnh<\/b><\/h3>\n<p>Ch\u1ee9ng ki\u1ebfn m\u1ed9t ng\u01b0\u1eddi th\u00e2n b\u1ecb tr\u1ea7m c\u1ea3m c\u00f3 th\u1ec3 khi\u1ebfn b\u1ea1n c\u1ea3m th\u1ea5y bu\u1ed3n, s\u1ee3 h\u00e3i, b\u1ea5t l\u1ef1c v\u00e0 lo l\u1eafng. B\u1ea1n c\u00f3 th\u1ec3 c\u1ea3m th\u1ea5y t\u1ed9i l\u1ed7i, t\u1ee9c gi\u1eadn v\u00e0 th\u1ea5t v\u1ecdng. N\u1ebfu kh\u00f4ng c\u00f3 th\u00f4ng tin v\u1ec1 b\u1ec7nh tr\u1ea7m c\u1ea3m, b\u1ea1n c\u00f3 th\u1ec3 ngh\u0129 r\u1eb1ng ng\u01b0\u1eddi th\u00e2n c\u1ee7a m\u00ecnh l\u01b0\u1eddi bi\u1ebfng, b\u1ea1n \u0111\u01b0a ra nh\u1eefng l\u1eddi khuy\u00ean c\u00f3 \u00fd ngh\u0129a v\u00e0 b\u1ea1n tr\u1edf n\u00ean th\u1ea5t v\u1ecdng khi h\u1ecd kh\u00f4ng l\u00e0m theo l\u1eddi khuy\u00ean c\u1ee7a b\u1ea1n. N\u1ebfu ng\u01b0\u1eddi th\u00e2n c\u1ee7a b\u1ea1n n\u00f3i v\u1ec1 vi\u1ec7c t\u1ef1 t\u1eed, \u0111\u01b0\u01a1ng nhi\u00ean l\u00e0 b\u1ea1n s\u1ebd r\u1ea5t lo l\u1eafng. Gia \u0111\u00ecnh c\u1ea7n nh\u1eadn \u0111\u01b0\u1ee3c c\u00e0ng nhi\u1ec1u th\u00f4ng tin v\u1ec1 b\u1ec7nh tr\u1ea7m c\u1ea3m c\u00e0ng t\u1ed1t. Ki\u1ebfn th\u1ee9c v\u00e0 s\u1ef1 hi\u1ec3u bi\u1ebft s\u1ebd c\u1ea3i thi\u1ec7n kh\u1ea3 n\u0103ng gi\u00fap \u0111\u1ee1 ng\u01b0\u1eddi th\u00e2n v\u00e0 \u0111\u01b0\u01a1ng \u0111\u1ea7u v\u1edbi c\u1ea3m x\u00fac c\u1ee7a b\u1ea1n. Th\u00f4ng tin c\u00f3 s\u1eb5n t\u1eeb b\u00e1c s\u0129, nh\u00e2n vi\u00ean x\u00e3 h\u1ed9i ho\u1eb7c c\u00e1c chuy\u00ean gia s\u1ee9c kh\u1ecfe t\u00e2m th\u1ea7n kh\u00e1c. Nh\u1eefng ng\u01b0\u1eddi tr\u1ea7m c\u1ea3m \u1edf m\u1ee9c \u0111\u1ed9 v\u1eeba c\u00f3 th\u1ec3 nghe \u0111\u01b0\u1ee3c nh\u1eefng g\u1ee3i \u00fd h\u1eefu \u00edch c\u1ee7a b\u1ea1n, nh\u01b0ng kh\u00f4ng th\u1ec3 th\u1ef1c hi\u1ec7n theo l\u1eddi khuy\u00ean c\u1ee7a b\u1ea1n. Tr\u00e1nh h\u1ecfi h\u1ecd nguy\u00ean nh\u00e2n n\u00e0o \u0111\u00e3 khi\u1ebfn h\u1ecd c\u1ea3m th\u1ea5y ch\u00e1n n\u1ea3n. \u0110\u1eebng \u0111\u1ed5 l\u1ed7i cho h\u1ecd v\u1ec1 c\u00e1ch h\u1ecd c\u1ea3m nh\u1eadn, ho\u1eb7c b\u1ea3o h\u1ecd h\u00e3y th\u00f4i c\u1ea3m th\u1ea5y nh\u01b0 v\u1eady. \u0110i\u1ec1u n\u00e0y s\u1ebd ch\u1ec9 l\u00e0m t\u0103ng c\u1ea3m gi\u00e1c t\u1ed9i l\u1ed7i, c\u00f4 \u0111\u01a1n v\u00e0 c\u00f4 l\u1eadp c\u1ee7a h\u1ecd. Nh\u1eefng ng\u01b0\u1eddi tr\u1ea7m c\u1ea3m th\u01b0\u1eddng kh\u00f4ng th\u1ec3 x\u00e1c \u0111\u1ecbnh \u0111\u01b0\u1ee3c \u0111i\u1ec1u g\u00ec \u0111\u00e3 khi\u1ebfn h\u1ecd ch\u00e1n n\u1ea3n ho\u1eb7c \u0111i\u1ec1u g\u00ec s\u1ebd h\u1eefu \u00edch.<\/p>\n<p>N\u1ebfu ng\u01b0\u1eddi th\u00e2n c\u1ee7a b\u1ea1n b\u1ecb tr\u1ea7m c\u1ea3m n\u1eb7ng, b\u1ea1n s\u1ebd th\u1ea5y s\u1ed1ng chung v\u1edbi h\u1ecd r\u1ea5t m\u1ec7t m\u1ecfi. Nh\u1eefng cu\u1ed9c ti\u1ebfp x\u00fac ng\u1eafn, th\u01b0\u1eddng xuy\u00ean th\u01b0\u1eddng l\u00e0 c\u00e1ch t\u1ed1t nh\u1ea5t \u0111\u1ec3 gi\u00fap \u0111\u1ee1 h\u1ecd.<\/p>\n<p>Khi ai \u0111\u00f3 m\u1eafc b\u1ec7nh hi\u1ec3m ngh\u00e8o, ng\u01b0\u1eddi th\u00e2n trong gia \u0111\u00ecnh c\u1ea3m th\u1ea5y lo l\u1eafng, c\u0103ng th\u1eb3ng l\u00e0 l\u1ebd \u0111\u01b0\u01a1ng nhi\u00ean. S\u1ef1 c\u0103ng th\u1eb3ng n\u00e0y c\u00f3 th\u1ec3 d\u1eabn \u0111\u1ebfn c\u00e1c v\u1ea5n \u0111\u1ec1 v\u1ec1 gi\u1ea5c ng\u1ee7, m\u1ec7t m\u1ecfi v\u00e0 kh\u00f3 ch\u1ecbu m\u00e3n t\u00ednh. \u0110i\u1ec1u quan tr\u1ecdng l\u00e0 nh\u1eadn ra nh\u1eefng d\u1ea5u hi\u1ec7u c\u0103ng th\u1eb3ng n\u00e0y \u1edf b\u1ea3n th\u00e2n v\u00e0 ch\u0103m s\u00f3c s\u1ee9c kh\u1ecfe c\u1ee7a ch\u00ednh m\u00ecnh. D\u00e0nh th\u1eddi gian cho ch\u00ednh m\u00ecnh. H\u00e3y ch\u1eafc ch\u1eafn r\u1eb1ng b\u1ea1n c\u00f3 s\u1ef1 h\u1ed7 tr\u1ee3 t\u1ed1t t\u1eeb b\u1ea1n b\u00e8 v\u00e0 ng\u01b0\u1eddi th\u00e2n. C\u00f3 th\u1ec3 c\u00f3 m\u1ed9t t\u1ed5 ch\u1ee9c t\u1ef1 l\u1ef1c trong khu v\u1ef1c c\u1ee7a b\u1ea1n. Ch\u00fang th\u01b0\u1eddng \u0111\u01b0\u1ee3c cung c\u1ea5p t\u1ea1i c\u00e1c b\u1ec7nh vi\u1ec7n \u0111\u1ecba ph\u01b0\u01a1ng ho\u1eb7c ph\u00f2ng kh\u00e1m s\u1ee9c kh\u1ecfe t\u00e2m th\u1ea7n c\u1ed9ng \u0111\u1ed3ng. Ch\u1ea5p nh\u1eadn r\u1eb1ng \u0111\u00f4i khi b\u1ea1n s\u1ebd c\u00f3 c\u1ea3m gi\u00e1c ti\u00eau c\u1ef1c v\u1ec1 ho\u00e0n c\u1ea3nh. Nh\u1eefng c\u1ea3m gi\u00e1c n\u00e0y l\u00e0 b\u00ecnh th\u01b0\u1eddng v\u00e0 b\u1ea1n kh\u00f4ng n\u00ean c\u1ea3m th\u1ea5y t\u1ed9i l\u1ed7i.<\/p>\n<p>&nbsp;<\/p>\n<h3><b>B\u1ea1n c\u00f3 th\u1ec3 nh\u1eadn tr\u1ee3 gi\u00fap \u1edf \u0111\u00e2u t\u1ea1i Toronto?<\/b><\/h3>\n<p>&nbsp;<\/p>\n<h3><b>B\u00e1c s\u0129 gia \u0111\u00ecnh c\u1ee7a b\u1ea1n<\/b><\/h3>\n<p>N\u1ebfu b\u1ea1n ngh\u0129 r\u1eb1ng c\u00f3 th\u1ec3 \u0111ang b\u1ecb tr\u1ea7m c\u1ea3m, h\u00e3y h\u1eb9n g\u1eb7p b\u00e1c s\u0129 gia \u0111\u00ecnh. Khi b\u1eaft \u0111\u1ea7u th\u0103m kh\u00e1m, h\u00e3y h\u1ecfi b\u00e1c s\u0129 gia \u0111\u00ecnh xem b\u1ea1n c\u00f3 th\u1ec3 \u0111ang b\u1ecb tr\u1ea7m c\u1ea3m hay kh\u00f4ng. N\u1ebfu b\u00e1c s\u0129 gia \u0111\u00ecnh cho r\u1eb1ng b\u1ea1n \u0111ang b\u1ecb tr\u1ea7m c\u1ea3m, anh\/c\u00f4 \u1ea5y s\u1ebd cho b\u1ea1n l\u1eddi khuy\u00ean n\u00ean l\u00e0m. N\u1ebfu b\u00e1c s\u0129 gia \u0111\u00ecnh c\u1ea7n c\u00f3 \u00fd ki\u1ebfn \u200b\u200bth\u1ee9 hai v\u1ec1 b\u1ec7nh c\u1ee7a b\u1ea1n, anh \u1ea5y ho\u1eb7c c\u00f4 \u1ea5y c\u00f3 th\u1ec3 g\u1eedi b\u1ea1n \u0111\u1ebfn b\u00e1c s\u0129 t\u00e2m th\u1ea7n, m\u1ed9t chuy\u00ean gia trong l\u0129nh v\u1ef1c n\u00e0y c\u1ee7a y h\u1ecdc.<\/p>\n<h3><\/h3>\n<h3><b>Ch\u01b0\u01a1ng tr\u00ecnh s\u1ee9c kh\u1ecfe c\u1ed9ng \u0111\u1ed3ng<\/b><\/h3>\n<a href=\"https:\/\/hongfook.ca\/\" target=\"_blank\" rel=\"noopener\">Hi\u1ec7p h\u1ed9i S\u1ee9c kh\u1ecfe T\u00e2m th\u1ea7n Hong Fook<\/a><br \/>\n\u0110T: 416- 493-4242<a href=\"https:\/\/hongfook.ca\/vi\"><br \/>\n<\/a>\u0110\u00e2y l\u00e0 c\u01a1 quan ch\u00ednh c\u1ee7a nh\u1eefng ng\u01b0\u1eddi ch\u00e2u \u00c1 c\u00f3 v\u1ea5n \u0111\u1ec1 v\u1ec1 s\u1ee9c kh\u1ecfe t\u00e2m th\u1ea7n.\nB\u1ec7nh vi\u1ec7n T\u00e2y Toronto &#8211; S\u00e1ng ki\u1ebfn \u200b\u200bCh\u00e2u \u00c1 trong S\u1ee9c kh\u1ecfe T\u00e2m th\u1ea7n<br \/>\n\u0110T: 416-603-5800 m\u00e1y l\u1ebb.5349\nTrung t\u00e2m S\u1ee9c kh\u1ecfe C\u1ed9ng \u0111\u1ed3ng South Riverdale<br \/>\n\u0110i\u1ec7n tho\u1ea1i: 416 461-1925<br \/>\nCh\u01b0\u01a1ng tr\u00ecnh n\u00e0y ch\u1ec9 d\u00e0nh cho c\u01b0 d\u00e2n South Riverdale.\n<a href=\"https:\/\/www.mountsinai.on.ca\/care\/psych\/patient-programs\/wellness-centre\" target=\"_blank\" rel=\"noopener\">Trung t\u00e2m Ch\u0103m s\u00f3c S\u1ee9c kho\u1ebb<\/a><br \/>\n\u0110T: 416-291-3883\n<p>&nbsp;<\/p>\n<h3><b>Ph\u00f2ng c\u1ea5p c\u1ee9u b\u1ec7nh vi\u1ec7n \u0111\u1ecba ph\u01b0\u01a1ng<\/b><\/h3>\n<p>N\u1ebfu b\u1ea1n \u0111ang suy ngh\u0129 nghi\u00eam t\u00fac v\u1ec1 vi\u1ec7c t\u1ef1 k\u1ebft li\u1ec5u \u0111\u1eddi m\u00ecnh, b\u1ea1n ph\u1ea3i \u0111\u1ebfn g\u1eb7p b\u00e1c s\u0129 ngay l\u1eadp t\u1ee9c. B\u1ea1n c\u00f3 th\u1ec3 \u0111\u1ebfn ph\u00f2ng c\u1ea5p c\u1ee9u b\u1ec7nh vi\u1ec7n \u0111\u1ecba ph\u01b0\u01a1ng n\u1ebfu b\u1ea1n kh\u00f4ng th\u1ec3 g\u1eb7p b\u00e1c s\u0129 gia \u0111\u00ecnh ngay l\u1eadp t\u1ee9c. N\u1ebfu ng\u01b0\u1eddi th\u00e2n c\u1ee7a b\u1ea1n \u0111ang n\u00f3i v\u1ec1 vi\u1ec7c t\u1ef1 s\u00e1t, b\u1ea1n c\u00f3 th\u1ec3 g\u1ecdi cho b\u00e1c s\u0129 gia \u0111\u00ecnh c\u1ee7a h\u1ecd ho\u1eb7c ph\u00f2ng c\u1ea5p c\u1ee9u c\u1ee7a b\u1ec7nh vi\u1ec7n. Nh\u1eefng n\u01a1i n\u00e0y s\u1ebd cho b\u1ea1n l\u1eddi khuy\u00ean v\u1ec1 nh\u1eefng g\u00ec c\u1ea7n l\u00e0m.<\/p>\n\n","protected":false},"excerpt":{"rendered":"<p>English \u7e41\u9ad4\u4e2d\u6587 \u7b80\u4f53\u4e2d\u6587 \ud55c\uad6d\uc5b4 Ti\u1ebfng Vi\u1ec7t \u1797\u17b6\u179f\u17b6\u1781\u17d2\u1798\u17c2\u179a Tr\u1ea7m C\u1ea3m N\u1eb7ng\u00a0l\u00e0 m\u1ed9t b\u1ec7nh n\u1ed9i khoa. V\u00ec l\u00e0 m\u1ed9t b\u1ec7nh n\u1ed9i khoa, n\u00ean nhi\u1ec1u khi c\u00e1c d\u1ea5u hi\u1ec7u \u0111\u1ea7u ti\u00ean c\u1ee7a tr\u1ea7m c\u1ea3m n\u1eb7ng c\u00f3 th\u1ec3 l\u00e0 c\u00e1c tri\u1ec7u ch\u1ee9ng v\u1ec1 th\u1ec3 ch\u1ea5t nh\u01b0 m\u1ec7t m\u1ecfi, r\u1ed1i lo\u1ea1n gi\u1ea5c ng\u1ee7, thay \u0111\u1ed5i c\u1ea3m gi\u00e1c th\u00e8m \u0103n, \u0111au &hellip; <\/p>\n<div class=\"link-more\"><a href=\"https:\/\/hongfook.ca\/association\/resources\/health-resources\/major-depression\/vi\/\" class=\"more-link\">Read More<span class=\"screen-reader-text\"> &#8220;Tr\u1ea7m C\u1ea3m N\u1eb7ng&#8221;<\/span><\/a><\/div>\n","protected":false},"author":1,"featured_media":0,"parent":703,"menu_order":0,"comment_status":"closed","ping_status":"closed","template":"page-template\/right-sidebar.php","meta":{"om_disable_all_campaigns":false,"ngg_post_thumbnail":0,"footnotes":""},"class_list":["post-2702","page","type-page","status-publish","hentry"],"aioseo_notices":[],"_links":{"self":[{"href":"https:\/\/hongfook.ca\/association\/wp-json\/wp\/v2\/pages\/2702","targetHints":{"allow":["GET"]}}],"collection":[{"href":"https:\/\/hongfook.ca\/association\/wp-json\/wp\/v2\/pages"}],"about":[{"href":"https:\/\/hongfook.ca\/association\/wp-json\/wp\/v2\/types\/page"}],"author":[{"embeddable":true,"href":"https:\/\/hongfook.ca\/association\/wp-json\/wp\/v2\/users\/1"}],"replies":[{"embeddable":true,"href":"https:\/\/hongfook.ca\/association\/wp-json\/wp\/v2\/comments?post=2702"}],"version-history":[{"count":4,"href":"https:\/\/hongfook.ca\/association\/wp-json\/wp\/v2\/pages\/2702\/revisions"}],"predecessor-version":[{"id":3219,"href":"https:\/\/hongfook.ca\/association\/wp-json\/wp\/v2\/pages\/2702\/revisions\/3219"}],"up":[{"embeddable":true,"href":"https:\/\/hongfook.ca\/association\/wp-json\/wp\/v2\/pages\/703"}],"wp:attachment":[{"href":"https:\/\/hongfook.ca\/association\/wp-json\/wp\/v2\/media?parent=2702"}],"curies":[{"name":"wp","href":"https:\/\/api.w.org\/{rel}","templated":true}]}}