{"id":2685,"date":"2021-05-29T01:50:00","date_gmt":"2021-05-29T01:50:00","guid":{"rendered":"https:\/\/hongfook.ca\/association\/?page_id=2685"},"modified":"2021-06-17T21:21:52","modified_gmt":"2021-06-17T21:21:52","slug":"vi","status":"publish","type":"page","link":"https:\/\/hongfook.ca\/association\/resources\/health-resources\/cannabis-facts-and-risks\/vi\/","title":{"rendered":"C\u1ea7n sa  Th\u00f4ng tin v\u00e0 R\u1ee7i ro"},"content":{"rendered":"\n\n\t\t\t<a href=\"\/association\/resources\/health-resources\/cannabis-facts-and-risks\/\" target=\"_self\" role=\"button\" rel=\"noopener\">\n\t\t\t\t\t\t\tEnglish\n\t\t\t\t\t<\/a>\n\t\t\t<a href=\"\/association\/resources\/health-resources\/cannabis-facts-and-risks\/tc\" target=\"_self\" role=\"button\" rel=\"noopener\">\n\t\t\t\t\t\t\t\u7e41\u9ad4\u4e2d\u6587\n\t\t\t\t\t<\/a>\n\t\t\t<a href=\"\/association\/resources\/health-resources\/cannabis-facts-and-risks\/sc\" target=\"_self\" role=\"button\" rel=\"noopener\">\n\t\t\t\t\t\t\t\u7b80\u4f53\u4e2d\u6587\n\t\t\t\t\t<\/a>\n\t\t\t<a href=\"\/association\/resources\/health-resources\/cannabis-facts-and-risks\/ko\" target=\"_self\" role=\"button\" rel=\"noopener\">\n\t\t\t\t\t\t\t\ud55c\uad6d\uc5b4\n\t\t\t\t\t<\/a>\n\t\t\t<a href=\"\/association\/resources\/health-resources\/cannabis-facts-and-risks\/vi\" target=\"_self\" role=\"button\" rel=\"noopener\">\n\t\t\t\t\t\t\tTi\u1ebfng Vi\u1ec7t\n\t\t\t\t\t<\/a>\n\t\t\t<a href=\"\/association\/resources\/health-resources\/cannabis-facts-and-risks\/kh\/\" target=\"_self\" role=\"button\" rel=\"noopener\">\n\t\t\t\t\t\t\t\u1797\u17b6\u179f\u17b6\u1781\u17d2\u1798\u17c2\u179a\n\t\t\t\t\t<\/a>\n\t\t\t\t<img decoding=\"async\" src=\"https:\/\/hongfook.ca\/association\/wp-content\/uploads\/sites\/3\/2021\/03\/health-resources-masthead.jpg\" alt=\"Health Resources\" itemprop=\"image\" title=\"Health Resources\" onerror=\"this.style.display='none'\"  \/>\n\t\t\t<a href=\"\/association\/wp-content\/uploads\/sites\/3\/2021\/03\/cannabis-viet-for-screen.pdf\" target=\"_blank\" role=\"button\" rel=\"noopener\">\n\t\t\t\t\t\t\tNh\u1ea5p v\u00e0o \u0111\u00e2y \u0111\u1ec3 t\u1ea3i xu\u1ed1ng T\u00e0i li\u1ec7u v\u1ec1 S\u1ef1 th\u1eadt v\u00e0 R\u1ee7i ro C\u1ea7n sa (PDF)\n\t\t\t\t\t<\/a>\n\t<h3><b>C\u1ea6N SA L\u00c0 G\u00cc?<\/b><\/h3>\n<p>C\u1ea7n sa sativa, c\u00f2n \u0111\u01b0\u1ee3c bi\u1ebft l\u00e0 c\u00e2y gai d\u1ea7u, \u0111\u00e3 \u0111\u01b0\u1ee3c tr\u1ed3ng \u0111\u1ec3 s\u1eed d\u1ee5ng trong c\u00f4ng nghi\u1ec7p v\u00e0 y t\u1ebf trong nhi\u00ea\u0300u th\u1ebf k\u1ef7 v\u00ec sativa c\u00f3 hi\u1ec7u \u1ee9ng t\u00e2m sinh l\u00fd ho\u1eb7c k\u00edch th\u00edch t\u00e2m tr\u00ed.\u00a0 C\u1ea7n sa marijuana (c\u1ecf, weed, pot, dope, ganja v\u00e0 m\u1ed9t s\u1ed1 t\u00ean kh\u00e1c), nh\u1ef1a c\u1ea7n sa (hash), d\u1ea7u nh\u1ef1a (d\u1ea7u c\u1ecf) t\u1ea5t c\u1ea3 \u0111\u1ec1u \u0111\u01b0\u1ee3c ch\u1ebf bi\u1ebfn t\u1eeb c\u00e2y c\u1ea7n sa.<\/p>\n<p>&nbsp;<\/p>\n<h3><b>C\u1ea6N SA Y T\u1ebe V\u00c0 C\u1ea6N SA GI\u1ea2I TR\u00cd<\/b><\/h3>\n<p>C\u1ea7n sa \u0111\u01b0\u1ee3c du\u0300ng trong y t\u00ea\u0301 \u0111\u1ec3 tr\u1ecb m\u1ed9t s\u1ed1 nhu c\u1ea7u s\u1ee9c kh\u1ecfe c\u1ee5 th\u1ec3.\u00a0 C\u1ea7n sa \u0111\u01b0\u1ee3c d\u00f9ng trong y t\u00ea\u0301 d\u01b0\u1edbi s\u1ef1 gi\u00e1m s\u00e1t c\u1ee7a chuy\u00ean vi\u00ean y t\u1ebf, nh\u01b0ng c\u1ea7n sa d\u00f9ng cho gi\u1ea3i tr\u00ed kh\u00f4ng c\u00f3 s\u1ef1 gi\u00e1m s\u00e1t.<\/p>\n<p>&nbsp;<\/p>\n<h3><b>QUY \u0110\u1ecaNH V\u1ec0 C\u1ea6N SA \u1ede ONTARIO<\/b><\/h3>\n<p>B\u1ea1n ph\u1ea3i 19 tu\u1ed5i ho\u1eb7c l\u1edbn h\u01a1n \u0111\u1ec3 mua, s\u1eed d\u1ee5ng, s\u1edf h\u1eefu v\u00e0 tr\u1ed3ng c\u1ea7n sa d\u00f9ng cho s\u01b0\u0323 gi\u1ea3i tr\u00ed.<\/p>\n<p>B\u1ea1n \u0111\u01b0\u1ee3c ph\u00e9p mua cho m\u1ee5c \u0111\u00edch s\u1eed d\u1ee5ng c\u00e1 nh\u00e2n m\u1ed7i l\u1ea7n nhi\u1ec1u nh\u1ea5t l\u00e0 30 gram (kho\u1ea3ng 1 ounce) lo\u1ea1i c\u1ea7n sa kh\u00f4 d\u00f9ng cho s\u01b0\u0323 gi\u1ea3i tr\u00ed.\u00a0<\/p>\n<p>\u1ede n\u01a1i c\u00f4ng c\u1ed9ng, b\u1ea1n \u0111\u01b0\u1ee3c ph\u00e9p s\u1edf h\u1eefu nhi\u1ec1u nh\u1ea5t l\u00e0 30 gram (kho\u1ea3ng 1 ounce) c\u1ea7n sa.<\/p>\n<p>M\u1ed7i m\u1ed9t \u0111\u1ecba \u0111i\u1ec3m c\u01b0 tr\u00fa (kh\u00f4ng ph\u1ea3i m\u1ed7i m\u1ed9t c\u00e1 nh\u00e2n) \u0111\u01b0\u1ee3c ph\u00e9p tr\u1ed3ng nhi\u1ec1u nh\u1ea5t l\u00e0 b\u1ed1n c\u00e2y c\u1ea7n sa.<\/p>\n<p>L\u00e1i xe d\u01b0\u1edbi s\u1ef1 \u1ea3nh h\u01b0\u1edfng c\u1ee7a c\u1ea7n sa l\u00e0 b\u1ea5t h\u1ee3p ph\u00e1p v\u00e0 b\u1ea1n c\u00f3 th\u1ec3 b\u1ecb bu\u1ed9c t\u1ed9i h\u00ecnh s\u1ef1.\u00a0 Kh\u00f4ng c\u00f3 s\u1ef1 khoan h\u1ed3ng cho thanh ni\u00ean (21 tu\u1ed5i ho\u1eb7c nh\u1ecf h\u01a1n), ng\u01b0\u1eddi m\u1edbi c\u00f3 b\u1eb1ng l\u00e1i (G1, G2, M1 ho\u1eb7c M2) v\u00e0 t\u00e0i x\u1ebf th\u01b0\u01a1ng m\u1ea1i.<\/p>\n<p>Ti\u00eau th\u1ee5 c\u1ea7n sa d\u00f9ng cho gi\u1ea3i tr\u00ed \u1edf n\u01a1i l\u00e0m vi\u1ec7c v\u1eabn \u0111\u01b0\u1ee3c xem l\u00e0 b\u1ea5t h\u1ee3p ph\u00e1p.<\/p>\n<p>Xin tham kh\u1ea3o lu\u1eadt l\u1ec7 th\u00e0nh ph\u1ed1 n\u01a1i b\u1ea1n c\u01b0 tr\u00fa, h\u1ee3p \u0111\u1ed3ng thu\u00ea nh\u00e0, v\u00e0 quy \u0111\u1ecbnh c\u1ee7a c\u01a1 quan v\u00e0 ch\u1ee7 s\u1edf h\u1eefu n\u01a1i b\u1ea1n c\u01b0 tr\u00fa \u0111\u1ec3 bi\u1ebft b\u1ea1n c\u00f3 th\u1ec3 s\u1eed d\u1ee5ng c\u1ea7n sa, c\u1ea3 y t\u1ebf v\u00e0 gi\u1ea3i tr\u00ed, \u1edf \u0111\u1ecba \u0111i\u1ec3m n\u00e0o.<\/p>\n<p>M\u1ecdi ng\u01b0\u1eddi c\u00f3 th\u1ec3 c\u00f3 nh\u1eefng tr\u1ea3i nghi\u1ec7m r\u1ea5t kh\u00e1c nhau trong vi\u00ea\u0323c s\u01b0\u0309 du\u0323ng c\u1ea7n sa.\u00a0 M\u1ed9t s\u1ed1 ng\u01b0\u1eddi c\u00f3 th\u1ec3 c\u1ea3m th\u1ea5y th\u01b0 gi\u00e3n, hi\u1ebfu \u0111\u1ed9ng, ho\u1ea1t b\u00e1t, l\u00e2ng l\u00e2ng v\u00e0 th\u1eadm ch\u00ed l\u00e0 r\u1ea5t h\u01b0ng ph\u1ea5n, trong khi \u0111\u00f3 m\u1ed9t s\u1ed1 ng\u01b0\u1eddi kh\u00e1c c\u1ea3m th\u1ea5y c\u0103ng th\u1eb3ng, lo l\u1eafng, s\u1ee3 h\u00e3i v\u00e0\u00a0 l\u1eabn l\u1ed9n.\u00a0 Nh\u1eefng c\u1ea3m gi\u00e1c m\u00e0 b\u1ea1n tr\u1ea3i nghi\u1ec7m c\u00f3 th\u1ec3 thay \u0111\u1ed5i t\u1eeb l\u1ea7n s\u1eed d\u1ee5ng n\u00e0y qua l\u1ea7n kh\u00e1c t\u00f9y thu\u1ed9c v\u00e0o li\u1ec1u l\u01b0\u1ee3ng d\u00f9ng, ph\u01b0\u01a1ng c\u00e1ch d\u00f9ng v\u00e0 \u0111\u1ed9 th\u01b0\u1eddng xuy\u00ean s\u1eed d\u1ee5ng c\u1ea7n sa.<\/p>\n<p>&nbsp;<\/p>\n<h3><b>C\u1ea7n sa \u1ea3nh h\u01b0\u1edfng \u0111\u1ebfn b\u1ea1n nh\u01b0 th\u1ebf n\u00e0o t\u00f9y thu\u1ed9c v\u00e0o:<\/b><\/h3>\n<ul>\n<li>li\u1ec1u l\u01b0\u1ee3ng b\u1ea1n s\u1eed d\u1ee5ng<\/li>\n<li>t\u1ea7n su\u1ea5t v\u00e0 th\u1eddi gian b\u1ea1n s\u1eed d\u1ee5ng<\/li>\n<li>t\u00f9y thu\u1ed9c v\u00e0o b\u1ea1n h\u00fat, h\u00fat \u0111i\u1ec7n t\u1eed, hay \u0103n<\/li>\n<li>t\u00e2m tr\u1ea1ng c\u1ee7a b\u1ea1n, s\u1ef1 mong \u0111\u1ee3i c\u1ee7a b\u1ea1n v\u00e0 m\u00f4i tr\u01b0\u1eddng hi\u1ec7n t\u1ea1i c\u1ee7a b\u1ea1n<\/li>\n<li>tu\u1ed5i c\u1ee7a b\u1ea1n<\/li>\n<li>t\u00f9y thu\u1ed9c v\u00e0o b\u1ea1n c\u00f3 b\u1ecb m\u1ed9t s\u1ed1 v\u1ea5n \u0111\u1ec1 v\u1ec1 s\u1ee9c kh\u1ecfe ho\u1eb7c t\u00e2m th\u1ea7n tr\u01b0\u1edbc \u0111\u00f3 hay kh\u00f4ng<\/li>\n<li>t\u00f9y thu\u1ed9c v\u00e0o b\u1ea1n \u0111\u00e3 u\u1ed1ng b\u1ea5t k\u1ef3 lo\u1ea1i r\u01b0\u1ee3u ho\u1eb7c thu\u1ed1c n\u00e0o kh\u00e1c hay kh\u00f4ng (thu\u1ed1c b\u1ea5t h\u1ee3p ph\u00e1p, theo toa, kh\u00f4ng c\u1ea7n toa ho\u1eb7c th\u1ea3o d\u01b0\u1ee3c)\u00a0<\/li>\n<\/ul>\n\n","protected":false},"excerpt":{"rendered":"<p>English \u7e41\u9ad4\u4e2d\u6587 \u7b80\u4f53\u4e2d\u6587 \ud55c\uad6d\uc5b4 Ti\u1ebfng Vi\u1ec7t \u1797\u17b6\u179f\u17b6\u1781\u17d2\u1798\u17c2\u179a Nh\u1ea5p v\u00e0o \u0111\u00e2y \u0111\u1ec3 t\u1ea3i xu\u1ed1ng T\u00e0i li\u1ec7u v\u1ec1 S\u1ef1 th\u1eadt v\u00e0 R\u1ee7i ro C\u1ea7n sa (PDF) C\u1ea6N SA L\u00c0 G\u00cc? C\u1ea7n sa sativa, c\u00f2n \u0111\u01b0\u1ee3c bi\u1ebft l\u00e0 c\u00e2y gai d\u1ea7u, \u0111\u00e3 \u0111\u01b0\u1ee3c tr\u1ed3ng \u0111\u1ec3 s\u1eed d\u1ee5ng trong c\u00f4ng nghi\u1ec7p v\u00e0 y t\u1ebf trong nhi\u00ea\u0300u th\u1ebf k\u1ef7 v\u00ec &hellip; <\/p>\n<div class=\"link-more\"><a href=\"https:\/\/hongfook.ca\/association\/resources\/health-resources\/cannabis-facts-and-risks\/vi\/\" class=\"more-link\">Read More<span class=\"screen-reader-text\"> &#8220;C\u1ea7n sa  Th\u00f4ng tin v\u00e0 R\u1ee7i ro&#8221;<\/span><\/a><\/div>\n","protected":false},"author":1,"featured_media":0,"parent":629,"menu_order":0,"comment_status":"closed","ping_status":"closed","template":"page-template\/right-sidebar.php","meta":{"om_disable_all_campaigns":false,"ngg_post_thumbnail":0,"footnotes":""},"class_list":["post-2685","page","type-page","status-publish","hentry"],"aioseo_notices":[],"_links":{"self":[{"href":"https:\/\/hongfook.ca\/association\/wp-json\/wp\/v2\/pages\/2685","targetHints":{"allow":["GET"]}}],"collection":[{"href":"https:\/\/hongfook.ca\/association\/wp-json\/wp\/v2\/pages"}],"about":[{"href":"https:\/\/hongfook.ca\/association\/wp-json\/wp\/v2\/types\/page"}],"author":[{"embeddable":true,"href":"https:\/\/hongfook.ca\/association\/wp-json\/wp\/v2\/users\/1"}],"replies":[{"embeddable":true,"href":"https:\/\/hongfook.ca\/association\/wp-json\/wp\/v2\/comments?post=2685"}],"version-history":[{"count":5,"href":"https:\/\/hongfook.ca\/association\/wp-json\/wp\/v2\/pages\/2685\/revisions"}],"predecessor-version":[{"id":3311,"href":"https:\/\/hongfook.ca\/association\/wp-json\/wp\/v2\/pages\/2685\/revisions\/3311"}],"up":[{"embeddable":true,"href":"https:\/\/hongfook.ca\/association\/wp-json\/wp\/v2\/pages\/629"}],"wp:attachment":[{"href":"https:\/\/hongfook.ca\/association\/wp-json\/wp\/v2\/media?parent=2685"}],"curies":[{"name":"wp","href":"https:\/\/api.w.org\/{rel}","templated":true}]}}