{"id":2625,"date":"2021-05-29T00:32:37","date_gmt":"2021-05-29T00:32:37","guid":{"rendered":"https:\/\/hongfook.ca\/association\/?page_id=2625"},"modified":"2021-06-01T05:15:59","modified_gmt":"2021-06-01T05:15:59","slug":"vi","status":"publish","type":"page","link":"https:\/\/hongfook.ca\/association\/resources\/covid-19-resources\/vi\/","title":{"rendered":"COVID-19 T\u00e0i nguy\u00ean ti\u1ebfng vi\u1ec7t"},"content":{"rendered":"\n\n\t\t\t<a href=\"\/association\/resources\/covid-19-resources\/\" target=\"_self\" role=\"button\" rel=\"noopener\">\n\t\t\t\t\t\t\tEnglish\n\t\t\t\t\t<\/a>\n\t\t\t<a href=\"\/association\/resources\/covid-19-resources\/tc\/\" target=\"_self\" role=\"button\" rel=\"noopener\">\n\t\t\t\t\t\t\t\u7e41\u9ad4\u4e2d\u6587\n\t\t\t\t\t<\/a>\n\t\t\t<a href=\"\/association\/resources\/covid-19-resources\/sc\/\" target=\"_self\" role=\"button\" rel=\"noopener\">\n\t\t\t\t\t\t\t\u7b80\u4f53\u4e2d\u6587\n\t\t\t\t\t<\/a>\n\t\t\t<a href=\"\/association\/resources\/covid-19-resources\/ko\/\" target=\"_self\" role=\"button\" rel=\"noopener\">\n\t\t\t\t\t\t\t\ud55c\uad6d\uc5b4\n\t\t\t\t\t<\/a>\n\t\t\t<a href=\"\/association\/resources\/covid-19-resources\/vi\/\" target=\"_self\" role=\"button\" rel=\"noopener\">\n\t\t\t\t\t\t\tTi\u1ebfng Vi\u1ec7t\n\t\t\t\t\t<\/a>\n\t\t\t\t<img decoding=\"async\" src=\"https:\/\/hongfook.ca\/association\/wp-content\/uploads\/sites\/3\/2021\/05\/covid-19-resources-masthead.jpg\" alt=\"Covid-19 Resources\" itemprop=\"image\" title=\"Covid-19 Resources\" onerror=\"this.style.display='none'\"  \/>\n\n<p>&nbsp;<\/p>\n<h3><b>Tinh Th\u1ea7n Kh\u1ecfe M\u1ea1nh<\/b><\/h3>\n<ul>\n<li aria-level=\"1\">Vui l\u00f2ng truy c\u1eadp\u00a0<a href=\"https:\/\/www.youtube.com\/playlist?list=PLHZIIdKRpCrzmmpUjbs8KAqKzV1kRROOc\" target=\"_blank\" rel=\"noopener\"><b>K\u00eanh YouTube c\u1ee7a Hong Fook<\/b><\/a>\u00a0\u0111\u1ec3 bi\u1ebft c\u00e1c h\u1ed9i th\u1ea3o v\u1ec1 s\u1ee9c kh\u1ecfe, ho\u1ea1t \u0111\u1ed9ng th\u1ec3 ch\u1ea5t, ho\u1ea1t \u0111\u1ed9ng gi\u1ea3i tr\u00ed, v.v.<\/li>\n<\/ul>\n<p>&nbsp;<\/p>\n<h3><strong>COVID 19 Tr\u1ee3 c\u1ea5p c\u1ee7a ch\u00ednh ph\u1ee7 T\u00e0i nguy\u00ean ti\u1ebfng vi\u1ec7t<\/strong><\/h3>\n<ul>\n<li aria-level=\"1\"><a href=\"https:\/\/www.toronto.ca\/home\/covid-19\/covid-19-protect-yourself-others\/covid-19-vaccines\/covid-19-how-to-get-vaccinated\/?accordion=city-immunization-clinics\" target=\"_blank\" rel=\"noopener\">COVID-19\u00a0ti\u00eam v\u1eafc\u00a0xin trong Toronto<\/a><\/li>\n<li aria-level=\"1\"><a href=\"https:\/\/www.york.ca\/wps\/portal\/yorkhome\/health\/yr\/covid-19\/covid19vaccinationclinics\/04covid19vaccinationclinics\/!ut\/p\/z1\/jY_PCsIwDIefxQeQpLVu3bHOP21VJog6e5FSUQuzE5UdfHrH2MWD05wS8iU_PjCQgwm28mf79GWwRT3vTXRQYqaknKPOGE9RYCY0jTlOEgK7BsAvJRDMP_cdgOl-r38F1Ab0vkyXZzA3-7z0fTiVkLuy8sc-SdqOJJV1zodG2xU-ePeAHNn35Q7MZ_JszRmqrY7FlmTI1KAFKGWRJClqlBlHNY1XwzGXBOe0BTrkbtdN_lqMEuVF7w08xRCU\/dz\/d5\/L2dBISEvZ0FBIS9nQSEh\/#.YJtQVrVKiUl\" target=\"_blank\" rel=\"noopener\">COVID-19\u00a0ti\u00eam v\u1eafc xin\u00a0trong York Region<\/a><\/li>\n<li aria-level=\"1\"><a href=\"https:\/\/www.toronto.ca\/home\/covid-19\/covid-19-what-you-should-do\/covid-19-have-symptoms-or-been-exposed\/covid-19-assessment-centres\/\" target=\"_blank\" rel=\"noopener\">COVID-19\u00a0th\u1eed nghi\u1ec7m trong\u00a0Toronto<\/a><\/li>\n<li aria-level=\"1\"><a href=\"https:\/\/www.york.ca\/wps\/portal\/yorkhome\/health\/yr\/covid-19\/symptomstransmissiontreatmentandtesting\/!ut\/p\/z1\/tZJdU-IwGIV_ixdcdvImLSRcxi5LW6XgB1-9YWIbIS5JsY24_PsNjs7sjaij6UU66Zyct-fJQQVaoMKIvVoLq2ojtm6_LHqrlA_TJLmAbByxGDiMeUYog0Efo_mLAN55OKDiM-dPCIrT9jNUoGJXqgot7ysqMAgIaJeRIJJhFfRLCQFmAtgdBSnK6Kgujd3ZDVoemlVZGyuN7cChbv64TWuVfXr5sKm1dKsUW7vpQFnvVRXgfgfag97ZWre2EabVqm0dJ9tIYbU7JkxlpfMwa5R9FNyRJc0oHq3d7wu7CZS5r9HibRBafHaQ81EPj48Fd8GOaf5atPCabH5k-H-24Q2LIJ1llM_wGKI0fBUQEvUSHEMGyZhB-ptOur9YguGCvApOXOvS1YK-i--aoPleyWc0NXWjXU1vvtiC5G0CZTFP-BAmcDulcDWgEetdjiaX1_ibEz4I4Nk-9GpPwa898Wv_M3CyFGLMj_UPByFwksbsPMxYnvtln_tln_tln_vt_ey7cHZ6OtUs7G4fDiGoiY7v2GgQdtd6dfr1zM_O_gHoL_--\/dz\/d5\/L2dBISEvZ0FBIS9nQSEh\/#.YJtQZrVKiUl\" target=\"_blank\" rel=\"noopener\">COVID-19\u00a0th\u1eed nghi\u1ec7m\u00a0trong York\u00a0Region<\/a><\/li>\n<li aria-level=\"1\"><a href=\"https:\/\/www.toronto.ca\/wp-content\/uploads\/2020\/12\/8d38-COVID19_Vaccine-Fact-Sheet_Vietnamese.pdf\" target=\"_blank\" rel=\"noopener\">C\u00e1c vaccine COVID-19<\/a><\/li>\n<li aria-level=\"1\"><a href=\"https:\/\/www.toronto.ca\/wp-content\/uploads\/2021\/01\/8bf4-Get-Tested-Vietnamese.pdf\" target=\"_blank\" rel=\"noopener\">X\u00c9T NGHI\u1ec6M COVID-19 L\u00c0 MI\u1ec4N PH\u00cd<\/a><\/li>\n<\/ul>\n<p>&nbsp;<\/p>\n<h3><b>T\u1eeb c\u00e1c t\u1ed5 ch\u1ee9c c\u1ed9ng \u0111\u1ed3ng<\/b><\/h3>\n<ul>\n<li aria-level=\"1\"><a href=\"https:\/\/csalc.ca\/vi\/ho%cc%89i-dap-ve-quyen-cu%cc%89a-nguoi-thue-nha-trong-giai-doa%cc%a3n-phong-chong-vi-rut-corona-19\/\">HO\u0309I \u0110A\u0301P V\u00ca\u0300 QUY\u00ca\u0300N L\u01a0\u0323I CU\u0309A NG\u01af\u01a0\u0300I THU\u00ca NHA\u0300 TRONG GIAI \u0110OA\u0323N PHO\u0300NG CH\u00d4\u0301NG VI-RU\u0301T CORONA 19<\/a><\/li>\n<li aria-level=\"1\"><a href=\"https:\/\/csalc.ca\/vi\/qa-covid-19-workplace-health-safety\/\">H\u1eceI \u0110\u00c1P V\u1ec0\u00a0 S\u1ee8C KH\u1eceE V\u00c0 AN TO\u00c0N N\u01a0I L\u00c0M VI\u1ec6C TRONG GIAI \u0110OA\u0323N PHO\u0300NG CH\u00d4\u0301NG VI-R\u00daT CORONA 19<\/a><\/li>\n<li aria-level=\"1\"><a href=\"https:\/\/csalc.ca\/vi\/covid-19-cap-nhat-ve-tro-cap-xa-hoi-va-ho-tro-khan-cap-cua-ontario-trung-tam-huong-dan-luat-phap-hoa-viet-khmer-lao-bien-soan-tham-khao-tu-tai-lieu-connecting-ottawa-ngay-25-tha\/\">COVID-19: C\u1eacP NH\u1eacT V\u1ec0 TR\u1ee2 C\u1ea4P X\u00c3 H\u1ed8I V\u00c0 H\u00d4\u0303 TR\u1ee2 KH\u1ea8N C\u1ea4P C\u1ee6A ONTARIO DO TRUNG T\u00c2M H\u01af\u1edaNG D\u00c2\u0303N LU\u1eacT PH\u00c1P HOA-VI\u1ec6T-KHMER-L\u00c0O BI\u00caN SO\u1ea0N (THAM KH\u1ea2O T\u1eea T\u00c0I LI\u1ec6U &#8220;CONNECTING OTTAWA&#8221; NG\u00c0Y 25 TH\u00c1NG 3 C\u1eacP NH\u1eacT T\u1eea NG\u00c0Y 26 TH\u00c1NG 3 N\u0102M 2020<\/a><\/li>\n<li aria-level=\"1\"><a href=\"https:\/\/csalc.ca\/vi\/covid-19-cap-nhat-ve-tro-cap-xa-hoi-va-ho-tro-khan-cap-cua-ontario-trung-tam-huong-dan-luat-phap-hoa-viet-khmer-lao-bien-soan-tham-khao-tu-tai-lieu-connecting-ottawa-ngay-25-th\/\">COVID-19: C\u1eacP NH\u1eacT V\u1ec0 TR\u1ee2 C\u1ea4P X\u00c3 H\u1ed8I V\u00c0 H\u1ed6 TR\u1ee2 KH\u1ea8N C\u1ea4P C\u1ee6A ONTARIO DO TRUNG T\u00c2M H\u01af\u1edaNG D\u1eaaN LU\u1eacT PH\u00c1P HOA-VI\u1ec6T-KHMER-L\u00c0O BI\u00caN SO\u1ea0N (THAM KH\u1ea2O T\u1eea T\u00c0I LI\u1ec6U &#8220;CONNECTING OTTAWA&#8221; NG\u00c0Y 25 TH\u00c1NG 3 C\u1eacP NH\u1eacT T\u1eea NG\u00c0Y 26 TH\u00c1NG 3 N\u0102M 2020 &#8211; Chinese and Southeast Asian Legal Clinic<\/a><\/li>\n<\/ul>\n\n","protected":false},"excerpt":{"rendered":"<p>English \u7e41\u9ad4\u4e2d\u6587 \u7b80\u4f53\u4e2d\u6587 \ud55c\uad6d\uc5b4 Ti\u1ebfng Vi\u1ec7t &nbsp; Tinh Th\u1ea7n Kh\u1ecfe M\u1ea1nh Vui l\u00f2ng truy c\u1eadp\u00a0K\u00eanh YouTube c\u1ee7a Hong Fook\u00a0\u0111\u1ec3 bi\u1ebft c\u00e1c h\u1ed9i th\u1ea3o v\u1ec1 s\u1ee9c kh\u1ecfe, ho\u1ea1t \u0111\u1ed9ng th\u1ec3 ch\u1ea5t, ho\u1ea1t \u0111\u1ed9ng gi\u1ea3i tr\u00ed, v.v. &nbsp; COVID 19 Tr\u1ee3 c\u1ea5p c\u1ee7a ch\u00ednh ph\u1ee7 T\u00e0i nguy\u00ean ti\u1ebfng vi\u1ec7t COVID-19\u00a0ti\u00eam v\u1eafc\u00a0xin trong Toronto COVID-19\u00a0ti\u00eam v\u1eafc xin\u00a0trong York &hellip; <\/p>\n<div class=\"link-more\"><a href=\"https:\/\/hongfook.ca\/association\/resources\/covid-19-resources\/vi\/\" class=\"more-link\">Read More<span class=\"screen-reader-text\"> &#8220;COVID-19 T\u00e0i nguy\u00ean ti\u1ebfng vi\u1ec7t&#8221;<\/span><\/a><\/div>\n","protected":false},"author":1,"featured_media":0,"parent":762,"menu_order":0,"comment_status":"closed","ping_status":"closed","template":"page-template\/right-sidebar.php","meta":{"om_disable_all_campaigns":false,"ngg_post_thumbnail":0,"footnotes":""},"class_list":["post-2625","page","type-page","status-publish","hentry"],"aioseo_notices":[],"_links":{"self":[{"href":"https:\/\/hongfook.ca\/association\/wp-json\/wp\/v2\/pages\/2625","targetHints":{"allow":["GET"]}}],"collection":[{"href":"https:\/\/hongfook.ca\/association\/wp-json\/wp\/v2\/pages"}],"about":[{"href":"https:\/\/hongfook.ca\/association\/wp-json\/wp\/v2\/types\/page"}],"author":[{"embeddable":true,"href":"https:\/\/hongfook.ca\/association\/wp-json\/wp\/v2\/users\/1"}],"replies":[{"embeddable":true,"href":"https:\/\/hongfook.ca\/association\/wp-json\/wp\/v2\/comments?post=2625"}],"version-history":[{"count":3,"href":"https:\/\/hongfook.ca\/association\/wp-json\/wp\/v2\/pages\/2625\/revisions"}],"predecessor-version":[{"id":3196,"href":"https:\/\/hongfook.ca\/association\/wp-json\/wp\/v2\/pages\/2625\/revisions\/3196"}],"up":[{"embeddable":true,"href":"https:\/\/hongfook.ca\/association\/wp-json\/wp\/v2\/pages\/762"}],"wp:attachment":[{"href":"https:\/\/hongfook.ca\/association\/wp-json\/wp\/v2\/media?parent=2625"}],"curies":[{"name":"wp","href":"https:\/\/api.w.org\/{rel}","templated":true}]}}