{"id":2587,"date":"2021-05-28T16:52:40","date_gmt":"2021-05-28T16:52:40","guid":{"rendered":"https:\/\/hongfook.ca\/association\/?page_id=2587"},"modified":"2021-06-01T05:32:16","modified_gmt":"2021-06-01T05:32:16","slug":"vi","status":"publish","type":"page","link":"https:\/\/hongfook.ca\/association\/contact-us\/vi\/","title":{"rendered":"Li\u00ean h\u1ec7 v\u1edbi Comfort Form"},"content":{"rendered":"\n\n\t\t\t<a href=\"\/association\/contact-us\/\" target=\"_self\" role=\"button\" rel=\"noopener\">\n\t\t\t\t\t\t\tEnglish\n\t\t\t\t\t<\/a>\n\t\t\t<a href=\"\/association\/contact-us\/tc\/\" target=\"_self\" role=\"button\" rel=\"noopener\">\n\t\t\t\t\t\t\t\u7e41\u9ad4\u4e2d\u6587\n\t\t\t\t\t<\/a>\n\t\t\t<a href=\"\/association\/contact-us\/sc\/\" target=\"_self\" role=\"button\" rel=\"noopener\">\n\t\t\t\t\t\t\t\u7b80\u4f53\u4e2d\u6587\n\t\t\t\t\t<\/a>\n\t\t\t<a href=\"\/association\/contact-us\/ko\/\" target=\"_self\" role=\"button\" rel=\"noopener\">\n\t\t\t\t\t\t\t\ud55c\uad6d\uc5b4\n\t\t\t\t\t<\/a>\n\t\t\t<a href=\"\/association\/contact-us\/vi\/\" target=\"_self\" role=\"button\" rel=\"noopener\">\n\t\t\t\t\t\t\tTi\u1ebfng Vi\u1ec7t\n\t\t\t\t\t<\/a>\n\t\t\t<a href=\"\/association\/contact-us\/kh\/\" target=\"_self\" role=\"button\" rel=\"noopener\">\n\t\t\t\t\t\t\t\u1797\u17b6\u179f\u17b6\u1781\u17d2\u1798\u17c2\u179a\n\t\t\t\t\t<\/a>\n\t\t\t\t<img decoding=\"async\" src=\"https:\/\/hongfook.ca\/association\/wp-content\/uploads\/sites\/3\/2021\/03\/contact-us-masthead.jpg\" alt=\"Contact Us\" itemprop=\"image\" title=\"Contact Us\" onerror=\"this.style.display='none'\"  \/>\n\t<p>&nbsp;<\/p>\n<div class=\"wpforms-container wpforms-container-full\" id=\"wpforms-1144\"><form id=\"wpforms-form-1144\" class=\"wpforms-validate wpforms-form\" data-formid=\"1144\" method=\"post\" enctype=\"multipart\/form-data\" action=\"\/association\/wp-json\/wp\/v2\/pages\/2587\" data-token=\"82e69d167326984129b5216272a4f461\"><noscript class=\"wpforms-error-noscript\">Please enable JavaScript in your browser to complete this form.<\/noscript><div class=\"wpforms-field-container\"><div id=\"wpforms-1144-field_0-container\" class=\"wpforms-field wpforms-field-name\" data-field-id=\"0\"><label class=\"wpforms-field-label\" for=\"wpforms-1144-field_0\">T\u00ean<\/label><input type=\"text\" id=\"wpforms-1144-field_0\" class=\"wpforms-field-medium\" name=\"wpforms[fields][0]\" ><\/div><div id=\"wpforms-1144-field_1-container\" class=\"wpforms-field wpforms-field-email\" data-field-id=\"1\"><label class=\"wpforms-field-label\" for=\"wpforms-1144-field_1\">Email<\/label><input type=\"email\" id=\"wpforms-1144-field_1\" class=\"wpforms-field-medium\" name=\"wpforms[fields][1]\" ><div class=\"wpforms-field-description\">Vui l\u00f2ng nh\u1eadp \u0111\u1ecba ch\u1ec9 email c\u1ee7a b\u1ea1n \u0111\u1ec3 ch\u00fang t\u00f4i c\u00f3 th\u1ec3 li\u00ean h\u1ec7 v\u1edbi b\u1ea1n.<\/div><\/div><div id=\"wpforms-1144-field_6-container\" class=\"wpforms-field wpforms-field-phone\" data-field-id=\"6\"><label class=\"wpforms-field-label\" for=\"wpforms-1144-field_6\">\u0110i\u1ec7n tho\u1ea1i<\/label><input type=\"tel\" id=\"wpforms-1144-field_6\" class=\"wpforms-field-medium wpforms-smart-phone-field\" data-rule-smart-phone-field=\"true\" name=\"wpforms[fields][6]\" ><\/div><div id=\"wpforms-1144-field_5-container\" class=\"wpforms-field wpforms-field-select wpforms-field-select-style-classic\" data-field-id=\"5\"><label class=\"wpforms-field-label\" for=\"wpforms-1144-field_5\">Lo\u1ea1i truy v\u1ea5n <span class=\"wpforms-required-label\">*<\/span><\/label><select id=\"wpforms-1144-field_5\" class=\"wpforms-field-medium wpforms-field-required\" name=\"wpforms[fields][5]\" required=\"required\"><option value=\"Ban gi\u00e1m \u0111\u1ed1c v\u00e0 th\u00e0nh vi\u00ean\" >Ban gi\u00e1m \u0111\u1ed1c v\u00e0 th\u00e0nh vi\u00ean<\/option><option value=\"Kh\u00e1ch h\u00e0ng\" >Kh\u00e1ch h\u00e0ng<\/option><option value=\"Kh\u00e1ch h\u00e0ng (thanh ni\u00ean)\" >Kh\u00e1ch h\u00e0ng (thanh ni\u00ean)<\/option><option value=\"Ch\u01b0\u01a1ng tr\u00ecnh c\u1ed9ng \u0111\u1ed3ng\" >Ch\u01b0\u01a1ng tr\u00ecnh c\u1ed9ng \u0111\u1ed3ng<\/option><option value=\"Khi\u1ebfu n\u1ea1i v\u00e0 khen ng\u1ee3i\" >Khi\u1ebfu n\u1ea1i v\u00e0 khen ng\u1ee3i<\/option><option value=\"\u0110\u00f3ng g\u00f3p t\u00e0i tr\u1ee3\" >\u0110\u00f3ng g\u00f3p t\u00e0i tr\u1ee3<\/option><option value=\"Vi\u1ec7c l\u00e0m\" >Vi\u1ec7c l\u00e0m<\/option><option value=\"Truy\u1ec1n th\u00f4ng\" >Truy\u1ec1n th\u00f4ng<\/option><option value=\"Sinh vi\u00ean th\u1ef1c t\u1eadp\" >Sinh vi\u00ean th\u1ef1c t\u1eadp<\/option><option value=\"Thi\u1ec7n nguy\u1ec7n vi\u00ean\" >Thi\u1ec7n nguy\u1ec7n vi\u00ean<\/option><option value=\"C\u00e1c truy v\u1ea5n kh\u00e1c\" >C\u00e1c truy v\u1ea5n kh\u00e1c<\/option><option value=\"Qu\u1ea3n tr\u1ecb trang web\" >Qu\u1ea3n tr\u1ecb trang web<\/option><\/select><\/div><div id=\"wpforms-1144-field_3-container\" class=\"wpforms-field wpforms-field-text\" data-field-id=\"3\"><label class=\"wpforms-field-label\" for=\"wpforms-1144-field_3\">ch\u1ee7 \u0111\u1ec1 <span class=\"wpforms-required-label\">*<\/span><\/label><input type=\"text\" id=\"wpforms-1144-field_3\" class=\"wpforms-field-medium wpforms-field-required\" name=\"wpforms[fields][3]\" required><\/div><div id=\"wpforms-1144-field_4-container\" class=\"wpforms-field wpforms-field-textarea\" data-field-id=\"4\"><label class=\"wpforms-field-label\" for=\"wpforms-1144-field_4\">th\u00f4ng tin <span class=\"wpforms-required-label\">*<\/span><\/label><textarea id=\"wpforms-1144-field_4\" class=\"wpforms-field-medium wpforms-field-required\" name=\"wpforms[fields][4]\" required><\/textarea><\/div><\/div><div class=\"wpforms-recaptcha-container wpforms-is-recaptcha\" ><div class=\"g-recaptcha\" data-sitekey=\"6LdMu8wfAAAAAHrH84KrW0VRqQT8WlkdyvvDyucQ\"><\/div><input type=\"text\" name=\"g-recaptcha-hidden\" class=\"wpforms-recaptcha-hidden\" style=\"position:absolute!important;clip:rect(0,0,0,0)!important;height:1px!important;width:1px!important;border:0!important;overflow:hidden!important;padding:0!important;margin:0!important;\" required><\/div><div class=\"wpforms-submit-container\" ><input type=\"hidden\" name=\"wpforms[id]\" value=\"1144\"><input type=\"hidden\" name=\"wpforms[author]\" value=\"1\"><button type=\"submit\" name=\"wpforms[submit]\" class=\"wpforms-submit \" id=\"wpforms-submit-1144\" value=\"wpforms-submit\" aria-live=\"assertive\" data-alt-text=\"g\u1eedi...\" data-submit-text=\"G\u1eedi \u0111i\">G\u1eedi \u0111i<\/button><\/div><\/form><\/div>  <!-- .wpforms-container -->\n\n","protected":false},"excerpt":{"rendered":"<p>English \u7e41\u9ad4\u4e2d\u6587 \u7b80\u4f53\u4e2d\u6587 \ud55c\uad6d\uc5b4 Ti\u1ebfng Vi\u1ec7t \u1797\u17b6\u179f\u17b6\u1781\u17d2\u1798\u17c2\u179a &nbsp;<\/p>\n","protected":false},"author":1,"featured_media":0,"parent":1083,"menu_order":0,"comment_status":"closed","ping_status":"closed","template":"page-template\/right-sidebar.php","meta":{"om_disable_all_campaigns":false,"ngg_post_thumbnail":0,"footnotes":""},"class_list":["post-2587","page","type-page","status-publish","hentry"],"aioseo_notices":[],"_links":{"self":[{"href":"https:\/\/hongfook.ca\/association\/wp-json\/wp\/v2\/pages\/2587","targetHints":{"allow":["GET"]}}],"collection":[{"href":"https:\/\/hongfook.ca\/association\/wp-json\/wp\/v2\/pages"}],"about":[{"href":"https:\/\/hongfook.ca\/association\/wp-json\/wp\/v2\/types\/page"}],"author":[{"embeddable":true,"href":"https:\/\/hongfook.ca\/association\/wp-json\/wp\/v2\/users\/1"}],"replies":[{"embeddable":true,"href":"https:\/\/hongfook.ca\/association\/wp-json\/wp\/v2\/comments?post=2587"}],"version-history":[{"count":3,"href":"https:\/\/hongfook.ca\/association\/wp-json\/wp\/v2\/pages\/2587\/revisions"}],"predecessor-version":[{"id":3237,"href":"https:\/\/hongfook.ca\/association\/wp-json\/wp\/v2\/pages\/2587\/revisions\/3237"}],"up":[{"embeddable":true,"href":"https:\/\/hongfook.ca\/association\/wp-json\/wp\/v2\/pages\/1083"}],"wp:attachment":[{"href":"https:\/\/hongfook.ca\/association\/wp-json\/wp\/v2\/media?parent=2587"}],"curies":[{"name":"wp","href":"https:\/\/api.w.org\/{rel}","templated":true}]}}