{"id":2548,"date":"2021-05-28T15:49:17","date_gmt":"2021-05-28T15:49:17","guid":{"rendered":"https:\/\/hongfook.ca\/association\/?page_id=2548"},"modified":"2022-11-25T08:25:26","modified_gmt":"2022-11-25T13:25:26","slug":"vi","status":"publish","type":"page","link":"https:\/\/hongfook.ca\/association\/about-us\/commitment\/client-roles-and-responsibilities-in-quality-and-safety\/vi\/","title":{"rendered":"Vai tr\u00f2 v\u00e0 tr\u00e1ch nhi\u1ec7m c\u1ee7a kh\u00e1ch trong vi\u1ec7c ch\u1ea5t l\u01b0\u1ee3ng v\u00e0 an to\u00e0n"},"content":{"rendered":"\n\n\t\t\t<a href=\"\/association\/about-us\/commitment\/client-roles-and-responsibilities-in-quality-and-safety\/\" target=\"_self\" role=\"button\" rel=\"noopener\">\n\t\t\t\t\t\t\tEnglish\n\t\t\t\t\t<\/a>\n\t\t\t<a href=\"\/association\/about-us\/commitment\/client-roles-and-responsibilities-in-quality-and-safety\/tc\/\" target=\"_self\" role=\"button\" rel=\"noopener\">\n\t\t\t\t\t\t\t\u7e41\u9ad4\u4e2d\u6587\n\t\t\t\t\t<\/a>\n\t\t\t<a href=\"\/association\/about-us\/commitment\/client-roles-and-responsibilities-in-quality-and-safety\/sc\/\" target=\"_self\" role=\"button\" rel=\"noopener\">\n\t\t\t\t\t\t\t\u7b80\u4f53\u4e2d\u6587\n\t\t\t\t\t<\/a>\n\t\t\t<a href=\"\/association\/about-us\/commitment\/client-roles-and-responsibilities-in-quality-and-safety\/ko\/\" target=\"_self\" role=\"button\" rel=\"noopener\">\n\t\t\t\t\t\t\t\ud55c\uad6d\uc5b4\n\t\t\t\t\t<\/a>\n\t\t\t<a href=\"\/association\/about-us\/commitment\/client-roles-and-responsibilities-in-quality-and-safety\/vi\/\" target=\"_self\" role=\"button\" rel=\"noopener\">\n\t\t\t\t\t\t\tTi\u1ebfng Vi\u1ec7t\n\t\t\t\t\t<\/a>\n\t\t\t<a href=\"\/association\/about-us\/commitment\/client-roles-and-responsibilities-in-quality-and-safety\/kh\/\" target=\"_self\" role=\"button\" rel=\"noopener\">\n\t\t\t\t\t\t\t\u1797\u17b6\u179f\u17b6\u1781\u17d2\u1798\u17c2\u179a\n\t\t\t\t\t<\/a>\n\t\t\t\t<img loading=\"lazy\" decoding=\"async\" src=\"https:\/\/hongfook.ca\/association\/wp-content\/uploads\/sites\/3\/2021\/04\/commitment-masthead-1.jpg\" alt=\"Commitment\" itemprop=\"image\" height=\"410\" width=\"1024\" title=\"Commitment\" onerror=\"this.style.display='none'\"  \/>\n\t<p>* Kh\u00e1ch bao g\u1ed3m gia \u0111\u00ecnh, ng\u01b0\u1eddi ch\u0103m s\u00f3c, v\u00e0\/ho\u1eb7c ng\u01b0\u1eddi \u0111\u01b0\u1ee3c thay th\u1ebf ra quy\u1ebft \u0111\u1ecbnh.<\/p>\n<p>H\u1ed9i S\u1ee9c Kh\u1ecfe T\u00e2m Th\u1ea7n H\u1ed3ng Ph\u00fac cam k\u1ebft l\u00e0m vi\u1ec7c v\u1edbi b\u1ec7nh nh\u00e2n, ng\u01b0\u1eddi ch\u0103m s\u00f3c v\u00e0 gia \u0111\u00ecnh \u0111\u1ec3 \u0111\u1ea3m b\u1ea3o d\u1ecbch v\u1ee5 v\u00e0 ch\u01b0\u01a1ng tr\u00ecnh c\u1ee7a ch\u00fang t\u00f4i ph\u1ea3n \u00e1nh ch\u1ea5t l\u01b0\u1ee3ng cao v\u00e0 an to\u00e0n cho kh\u00e1ch v\u00e0 nh\u00e2n vi\u00ean.<\/p>\n<p>An to\u00e0n l\u00e0 \u0111i\u1ec1u quan t\u00e2m \u0111\u1ea7u ti\u00ean c\u1ee7a ch\u00fang t\u00f4i.<\/p>\n<ol>\n<li>G\u1ea7n g\u0169i v\u00e0 th\u1ea3o lu\u1eadn v\u1edbi nh\u00e2n vi\u00ean ch\u01b0\u01a1ng tr\u00ecnh tr\u01b0\u1edbc khi kh\u1ee7ng ho\u1ea3ng c\u00f3 th\u1ec3 x\u1ea3y ra.<\/li>\n<li>Tham gia nhi\u1ec1u ch\u01b0\u01a1ng tr\u00ecnh, h\u1ecdc t\u1eadp v\u00e0 d\u1ecbch v\u1ee5 ph\u00f9 h\u1ee3p v\u0103n ho\u00e1.<\/li>\n<li>Th\u00f4ng b\u00e1o cho nh\u00e2n vi\u00ean bi\u1ebft khi qu\u00fd v\u1ecb s\u1ebd v\u1eafng m\u1eb7t ho\u1eb7c kh\u00f4ng ti\u1ec7n tham d\u1ef1 c\u00e1c cu\u1ed9c h\u1eb9n.<\/li>\n<li>Cho bi\u1ebft c\u1ea3m ngh\u0129 v\u1ec1 kinh nghi\u1ec7m v\u00e0\/ho\u1eb7c nh\u1eefng m\u1ed1i quan t\u00e2m c\u1ee7a qu\u00fd v\u1ecb.<\/li>\n<\/ol>\n<p>&nbsp;<\/p>\n<h3><strong>Ng\u0103n Ch\u1eb7n V\u00e0 Ki\u1ec3m So\u00e1t Truy\u1ec1n Nhi\u1ec5m (IPAC)<\/strong><\/h3>\n<p>\u0110\u1ec3 tr\u00e1nh s\u1ef1 l\u00e2y lan c\u1ee7a b\u1ec7nh truy\u1ec1n nhi\u1ec5m, t\u1ea5t c\u1ea3 b\u1ec7nh nh\u00e2n, ng\u01b0\u1eddi ch\u0103m s\u00f3c v\u00e0 gia \u0111\u00ecnh ph\u1ea3i:<\/p>\n<ol>\n<li>Th\u00f4ng b\u00e1o cho nh\u00e2n vi\u00ean ph\u1ee5 tr\u00e1ch h\u1ed3 s\u01a1 v\u00e0\/ho\u1eb7c nh\u00e2n vi\u00ean s\u1ee9c kho\u1ebb tinh th\u1ea7n (case manager and\/or mental health worker) bi\u1ebft v\u1ec1 b\u1ec7nh, \u1edf nh\u00e0 v\u00e0\/ho\u1eb7c ho\u00e3n v\u00e0 d\u1eddi l\u1ea1i c\u00e1c cu\u1ed9c h\u1eb9n cho \u0111\u1ebfn khi kh\u00f4ng c\u00f2n c\u00e1c tri\u1ec7u ch\u1ee9ng b\u1ec7nh.<\/li>\n<li>Che mi\u1ec7ng v\u00e0 m\u0169i b\u1eb1ng kh\u0103n gi\u1ea5y khi ho ho\u1eb7c h\u1eaft h\u01a1i v\u00e0o kh\u1ee7y tay c\u1ee7a qu\u00fd v\u1ecb. Sau \u0111\u00f3, r\u1eeda tay b\u1eb1ng n\u01b0\u1edbc r\u1eeda tay c\u00f3 ch\u1ea5t c\u1ed3n.<\/li>\n<li>R\u1eeda tay tr\u01b0\u1edbc khi qu\u00fd v\u1ecb \u0111\u1ee5ng v\u00e0o th\u1ee9c \u0103n ho\u1eb7c \u0103n, sau khi h\u1eaft h\u01a1i, v\u00e0 sau khi qu\u00fd v\u1ecb s\u1eed d\u1ee5ng nh\u00e0 v\u1ec7 sinh.<\/li>\n<li>C\u1eadp nh\u1eadt vi\u1ec7c ch\u00edch ng\u1eeba. Xin ch\u00edch ng\u1eeba c\u1ea3m c\u00fam!<\/li>\n<li>R\u1eeda tay th\u01b0\u1eddng xuy\u00ean b\u1eb1ng n\u01b0\u1edbc r\u1eeda tay c\u00f3 70% c\u1ed3n ho\u1eb7c x\u00e0 ph\u00f2ng \u1ea5m v\u00e0 n\u01b0\u1edbc (n\u1ebfu th\u1ea5y d\u01a1). R\u1eeda tay l\u00e0 c\u00e1ch b\u1ea3o v\u1ec7 quan tr\u1ecdng nh\u1ea5t \u0111\u1ec3 ch\u1ed1ng l\u1ea1i s\u1ef1 l\u00e2y lan c\u1ee7a truy\u1ec1n nhi\u1ec5m.<\/li>\n<\/ol>\n<p><strong>Trong th\u1eddi k\u1ef3 \u0111\u1ea1i d\u1ecbch, b\u1ec7nh nh\u00e2n \u0111\u01b0\u1ee3c y\u00eau c\u1ea7u \u0111eo mi\u1ebfng che m\u1eb7t ho\u1eb7c kh\u1ea9u\u00a0<\/strong><strong>trang che m\u0169i v\u00e0 mi\u1ec7ng c\u1ee7a h\u1ecd l\u1ea1i khi v\u00e0o v\u0103n ph\u00f2ng v\u00e0 trong su\u1ed1t th\u1eddi gian cu\u1ed9c\u00a0<\/strong><strong>h\u1eb9n ho\u1eb7c tham d\u1ef1 ch\u01b0\u01a1ng tr\u00ecnh.<\/strong><\/p>\n<p>\u0110\u1ed1i v\u1edbi b\u1ea5t k\u1ef3 c\u00e2u h\u1ecfi ho\u1eb7c l\u00e0m \u00a0cho r\u00f5, vui l\u00f2ng li\u00ean l\u1ea1c v\u1edbi Mental Health Worker, Program Worker or Case Manager c\u1ee7a qu\u00fd v\u1ecb.<\/p>\n\n","protected":false},"excerpt":{"rendered":"<p>English \u7e41\u9ad4\u4e2d\u6587 \u7b80\u4f53\u4e2d\u6587 \ud55c\uad6d\uc5b4 Ti\u1ebfng Vi\u1ec7t \u1797\u17b6\u179f\u17b6\u1781\u17d2\u1798\u17c2\u179a * Kh\u00e1ch bao g\u1ed3m gia \u0111\u00ecnh, ng\u01b0\u1eddi ch\u0103m s\u00f3c, v\u00e0\/ho\u1eb7c ng\u01b0\u1eddi \u0111\u01b0\u1ee3c thay th\u1ebf ra quy\u1ebft \u0111\u1ecbnh. H\u1ed9i S\u1ee9c Kh\u1ecfe T\u00e2m Th\u1ea7n H\u1ed3ng Ph\u00fac cam k\u1ebft l\u00e0m vi\u1ec7c v\u1edbi b\u1ec7nh nh\u00e2n, ng\u01b0\u1eddi ch\u0103m s\u00f3c v\u00e0 gia \u0111\u00ecnh \u0111\u1ec3 \u0111\u1ea3m b\u1ea3o d\u1ecbch v\u1ee5 v\u00e0 ch\u01b0\u01a1ng tr\u00ecnh c\u1ee7a ch\u00fang t\u00f4i &hellip; <\/p>\n<div class=\"link-more\"><a href=\"https:\/\/hongfook.ca\/association\/about-us\/commitment\/client-roles-and-responsibilities-in-quality-and-safety\/vi\/\" class=\"more-link\">Read More<span class=\"screen-reader-text\"> &#8220;Vai tr\u00f2 v\u00e0 tr\u00e1ch nhi\u1ec7m c\u1ee7a kh\u00e1ch trong vi\u1ec7c ch\u1ea5t l\u01b0\u1ee3ng v\u00e0 an to\u00e0n&#8221;<\/span><\/a><\/div>\n","protected":false},"author":1,"featured_media":0,"parent":1539,"menu_order":0,"comment_status":"closed","ping_status":"closed","template":"page-template\/right-sidebar.php","meta":{"om_disable_all_campaigns":false,"ngg_post_thumbnail":0,"footnotes":""},"class_list":["post-2548","page","type-page","status-publish","hentry"],"aioseo_notices":[],"_links":{"self":[{"href":"https:\/\/hongfook.ca\/association\/wp-json\/wp\/v2\/pages\/2548","targetHints":{"allow":["GET"]}}],"collection":[{"href":"https:\/\/hongfook.ca\/association\/wp-json\/wp\/v2\/pages"}],"about":[{"href":"https:\/\/hongfook.ca\/association\/wp-json\/wp\/v2\/types\/page"}],"author":[{"embeddable":true,"href":"https:\/\/hongfook.ca\/association\/wp-json\/wp\/v2\/users\/1"}],"replies":[{"embeddable":true,"href":"https:\/\/hongfook.ca\/association\/wp-json\/wp\/v2\/comments?post=2548"}],"version-history":[{"count":6,"href":"https:\/\/hongfook.ca\/association\/wp-json\/wp\/v2\/pages\/2548\/revisions"}],"predecessor-version":[{"id":4346,"href":"https:\/\/hongfook.ca\/association\/wp-json\/wp\/v2\/pages\/2548\/revisions\/4346"}],"up":[{"embeddable":true,"href":"https:\/\/hongfook.ca\/association\/wp-json\/wp\/v2\/pages\/1539"}],"wp:attachment":[{"href":"https:\/\/hongfook.ca\/association\/wp-json\/wp\/v2\/media?parent=2548"}],"curies":[{"name":"wp","href":"https:\/\/api.w.org\/{rel}","templated":true}]}}