{"id":2530,"date":"2021-05-28T15:35:33","date_gmt":"2021-05-28T15:35:33","guid":{"rendered":"https:\/\/hongfook.ca\/association\/?page_id=2530"},"modified":"2022-11-25T08:24:59","modified_gmt":"2022-11-25T13:24:59","slug":"vi","status":"publish","type":"page","link":"https:\/\/hongfook.ca\/association\/about-us\/commitment\/clients-bill-of-rights\/vi\/","title":{"rendered":"B\u1ea3n d\u1ef1 lu\u1eadt nh\u00e2n quy\u1ec1n c\u1ee7a kh\u00e1ch (Quy\u1ec1n c\u1ee7a kh\u00e1ch)"},"content":{"rendered":"\n\n\t\t\t<a href=\"\/association\/about-us\/commitment\/clients-bill-of-rights\/\" target=\"_self\" role=\"button\" rel=\"noopener\">\n\t\t\t\t\t\t\tEnglish\n\t\t\t\t\t<\/a>\n\t\t\t<a href=\"\/association\/about-us\/commitment\/clients-bill-of-rights\/tc\/\" target=\"_self\" role=\"button\" rel=\"noopener\">\n\t\t\t\t\t\t\t\u7e41\u9ad4\u4e2d\u6587\n\t\t\t\t\t<\/a>\n\t\t\t<a href=\"\/association\/about-us\/commitment\/clients-bill-of-rights\/sc\/\" target=\"_self\" role=\"button\" rel=\"noopener\">\n\t\t\t\t\t\t\t\u7b80\u4f53\u4e2d\u6587\n\t\t\t\t\t<\/a>\n\t\t\t<a href=\"\/association\/about-us\/commitment\/clients-bill-of-rights\/ko\/\" target=\"_self\" role=\"button\" rel=\"noopener\">\n\t\t\t\t\t\t\t\ud55c\uad6d\uc5b4\n\t\t\t\t\t<\/a>\n\t\t\t<a href=\"\/association\/about-us\/commitment\/clients-bill-of-rights\/vi\/\" target=\"_self\" role=\"button\" rel=\"noopener\">\n\t\t\t\t\t\t\tTi\u1ebfng Vi\u1ec7t\n\t\t\t\t\t<\/a>\n\t\t\t<a href=\"\/association\/about-us\/commitment\/clients-bill-of-rights\/kh\/\" target=\"_self\" role=\"button\" rel=\"noopener\">\n\t\t\t\t\t\t\t\u1797\u17b6\u179f\u17b6\u1781\u17d2\u1798\u17c2\u179a\n\t\t\t\t\t<\/a>\n\t\t\t\t<img loading=\"lazy\" decoding=\"async\" src=\"https:\/\/hongfook.ca\/association\/wp-content\/uploads\/sites\/3\/2021\/04\/commitment-masthead-1.jpg\" alt=\"Commitment\" itemprop=\"image\" height=\"410\" width=\"1024\" title=\"Commitment\" onerror=\"this.style.display='none'\"  \/>\n\t<p>* Kh\u00e1ch bao g\u1ed3m gia \u0111\u00ecnh, ng\u01b0\u1eddi ch\u0103m s\u00f3c, v\u00e0\/ho\u1eb7c ng\u01b0\u1eddi \u0111\u01b0\u1ee3c thay th\u1ebf ra quy\u1ebft \u0111\u1ecbnh.<\/p>\n<p>B\u1ea3n D\u1ef1 Lu\u1eadt Nh\u00e2n Quy\u1ec1n c\u1ee7a H\u1ed9i S\u1ee9c Kh\u1ecfe T\u00e2m Th\u1ea7n H\u1ed3ng Ph\u00fac \u0111\u01b0\u1ee3c th\u00e0nh l\u1eadp nh\u1eb1m c\u00f4ng nh\u1eadn v\u00e0 khuy\u1ebfn kh\u00edch s\u1ef1 t\u00f4n tr\u1ecdng, ph\u1ea9m gi\u00e1 v\u00e0 gi\u00e1 tr\u1ecb c\u1ee7a t\u1ea5t c\u1ea3 m\u1ecdi c\u00e1 nh\u00e2n s\u1eed d\u1ee5ng d\u1ecbch v\u1ee5 v\u00e0 ch\u01b0\u01a1ng tr\u00ecnh c\u1ee7a H\u1ed9i S\u1ee9c Kh\u1ecfe T\u00e2m Th\u1ea7n H\u1ed3ng Ph\u00fac. \u0110i\u1ec1u n\u00e0y c\u00f3 ngh\u0129a l\u00e0 b\u1ec7nh nh\u00e2n, ng\u01b0\u1eddi ch\u0103m s\u00f3c, v\u00e0 gia \u0111\u00ecnh \u0111\u01b0\u1ee3c xem l\u00e0 tr\u1ecdng t\u00e2m trong vi\u1ec7c ra quy\u1ebft \u0111\u1ecbnh, v\u00e0 \u0111\u01b0\u1ee3c xem l\u00e0 ng\u01b0\u1eddi chuy\u00ean nghi\u1ec7p l\u00e0m vi\u1ec7c song h\u00e0nh v\u1edbi chuy\u00ean nghi\u1ec7p vi\u00ean c\u1ee7a H\u1ed9i S\u1ee9c Kh\u1ecfe T\u00e2m Th\u1ea7n H\u1ed3ng Ph\u00fac \u0111\u1ec3 \u0111\u1ea1t \u0111\u01b0\u1ee3c hi\u1ec7u qu\u1ea3 t\u1ed1t nh\u1ea5t.<\/p>\nB\u1ec7nh nh\u00e2n, ng\u01b0\u1eddi ch\u0103m s\u00f3c, gia \u0111\u00ecnh v\u00e0 nh\u00e2n vi\u00ean H\u1ed9i S\u1ee9c Kh\u1ecfe T\u00e2m Th\u1ea7n H\u1ed3ng Ph\u00fac \u0111\u00e3 l\u00e0m vi\u1ec7c chung v\u1edbi nhau \u0111\u1ec3 thi\u1ebft l\u1eadp B\u1ea3n D\u1ef1 Lu\u1eadt Nh\u00e2n Quy\u1ec1n, v\u00e0 nh\u1eadn th\u1ee9c \u0111\u01b0\u1ee3c \u0111\u00e2y l\u00e0 m\u1ed9t &#8220;v\u0103n b\u1ea3n s\u1ed1ng&#8221; s\u1ebd ph\u00e1t tri\u1ec3n v\u00e0 thay \u0111\u1ed5i nh\u1eb1m duy tr\u00ec s\u1ef1 uy\u1ec3n chuy\u1ec3n \u0111\u1ec3 \u0111\u00e1p \u1ee9ng nh\u1eefng nhu c\u1ea7u \u0111\u1eb7c bi\u1ec7t m\u1ed9t c\u00e1ch t\u1ed1t nh\u1ea5t cho b\u1ec7nh nh\u00e2n, ng\u01b0\u1eddi ch\u0103m s\u00f3c v\u00e0 gia \u0111\u00ecnh c\u1ee7a H\u1ed9i S\u1ee9c Kh\u1ecfe T\u00e2m Th\u1ea7n H\u1ed3ng Ph\u00fac. S\u1ef1 g\u00f3p \u00fd t\u1eeb B\u1ea3n D\u1ef1 Lu\u1eadt Nh\u00e2n Quy\u1ec1n s\u1ebd ph\u00e1t huy ch\u1ea5t l\u01b0\u1ee3ng c\u1ee7a nh\u1eefng d\u1ecbch v\u1ee5 v\u00e0 ch\u01b0\u01a1ng tr\u00ecnh hi\u1ec7n c\u00f3, ph\u00e1t huy s\u1ef1 truy c\u1eadp, gi\u00fap b\u1ec7nh nh\u00e2n, ng\u01b0\u1eddi ch\u0103m<br \/>\ns\u00f3c v\u00e0 gia \u0111\u00ecnh t\u00edch c\u1ef1c h\u01a1n trong vi\u1ec7c tr\u1ecb li\u1ec7u c\u1ee7a h\u1ecd.\n<ol>\n<li>Quy\u1ec1n \u0111\u01b0\u1ee3c tham gia v\u00e0 \u0111\u01b0\u1ee3c th\u00f4ng b\u00e1o<\/li>\n<li>Quy\u1ec1n \u0111\u01b0\u1ee3c t\u00f4n tr\u1ecdng v\u00e0 ch\u1ea5p nh\u1eadn<\/li>\n<li>Quy\u1ec1n \u0111\u01b0\u1ee3c tr\u00ecnh b\u00e0y \u00fd ki\u1ebfn gi\u00fap d\u1eabn \u0111\u1ebfn h\u1ed3i ph\u1ee5c<\/li>\n<li>Quy\u1ec1n \u0111\u01b0\u1ee3c Tr\u1ecb Li\u1ec7u Ph\u00f9 H\u1ee3p V\u0103n Ho\u00e1<\/li>\n<li>Quy\u1ec1n \u0111\u01b0\u1ee3c t\u1ef1 do ch\u1ecdn l\u1ef1a<\/li>\n<li>Quy\u1ec1n \u0111\u01b0\u1ee3c C\u00f4ng B\u00ecnh, Truy C\u1eadp (b\u1ec7nh \u00e1n) v\u00e0 Quy\u1ebft \u0110\u1ecbnh<\/li>\n<\/ol>\n<p>\u0110\u1ec3 truy c\u1eadp to\u00e0n b\u1ed9 t\u00e0i li\u1ec7u, vui l\u00f2ng li\u00ean l\u1ea1c v\u1edbi Mental Health Worker, Program Worker or Case Manager c\u1ee7a qu\u00fd v\u1ecb.<\/p>\n\n","protected":false},"excerpt":{"rendered":"<p>English \u7e41\u9ad4\u4e2d\u6587 \u7b80\u4f53\u4e2d\u6587 \ud55c\uad6d\uc5b4 Ti\u1ebfng Vi\u1ec7t \u1797\u17b6\u179f\u17b6\u1781\u17d2\u1798\u17c2\u179a * Kh\u00e1ch bao g\u1ed3m gia \u0111\u00ecnh, ng\u01b0\u1eddi ch\u0103m s\u00f3c, v\u00e0\/ho\u1eb7c ng\u01b0\u1eddi \u0111\u01b0\u1ee3c thay th\u1ebf ra quy\u1ebft \u0111\u1ecbnh. B\u1ea3n D\u1ef1 Lu\u1eadt Nh\u00e2n Quy\u1ec1n c\u1ee7a H\u1ed9i S\u1ee9c Kh\u1ecfe T\u00e2m Th\u1ea7n H\u1ed3ng Ph\u00fac \u0111\u01b0\u1ee3c th\u00e0nh l\u1eadp nh\u1eb1m c\u00f4ng nh\u1eadn v\u00e0 khuy\u1ebfn kh\u00edch s\u1ef1 t\u00f4n tr\u1ecdng, ph\u1ea9m gi\u00e1 v\u00e0 gi\u00e1 tr\u1ecb c\u1ee7a &hellip; <\/p>\n<div class=\"link-more\"><a href=\"https:\/\/hongfook.ca\/association\/about-us\/commitment\/clients-bill-of-rights\/vi\/\" class=\"more-link\">Read More<span class=\"screen-reader-text\"> &#8220;B\u1ea3n d\u1ef1 lu\u1eadt nh\u00e2n quy\u1ec1n c\u1ee7a kh\u00e1ch (Quy\u1ec1n c\u1ee7a kh\u00e1ch)&#8221;<\/span><\/a><\/div>\n","protected":false},"author":1,"featured_media":0,"parent":1535,"menu_order":0,"comment_status":"closed","ping_status":"closed","template":"page-template\/right-sidebar.php","meta":{"om_disable_all_campaigns":false,"ngg_post_thumbnail":0,"footnotes":""},"class_list":["post-2530","page","type-page","status-publish","hentry"],"aioseo_notices":[],"_links":{"self":[{"href":"https:\/\/hongfook.ca\/association\/wp-json\/wp\/v2\/pages\/2530","targetHints":{"allow":["GET"]}}],"collection":[{"href":"https:\/\/hongfook.ca\/association\/wp-json\/wp\/v2\/pages"}],"about":[{"href":"https:\/\/hongfook.ca\/association\/wp-json\/wp\/v2\/types\/page"}],"author":[{"embeddable":true,"href":"https:\/\/hongfook.ca\/association\/wp-json\/wp\/v2\/users\/1"}],"replies":[{"embeddable":true,"href":"https:\/\/hongfook.ca\/association\/wp-json\/wp\/v2\/comments?post=2530"}],"version-history":[{"count":5,"href":"https:\/\/hongfook.ca\/association\/wp-json\/wp\/v2\/pages\/2530\/revisions"}],"predecessor-version":[{"id":4345,"href":"https:\/\/hongfook.ca\/association\/wp-json\/wp\/v2\/pages\/2530\/revisions\/4345"}],"up":[{"embeddable":true,"href":"https:\/\/hongfook.ca\/association\/wp-json\/wp\/v2\/pages\/1535"}],"wp:attachment":[{"href":"https:\/\/hongfook.ca\/association\/wp-json\/wp\/v2\/media?parent=2530"}],"curies":[{"name":"wp","href":"https:\/\/api.w.org\/{rel}","templated":true}]}}