{"id":243,"date":"2021-03-21T07:14:03","date_gmt":"2021-03-21T07:14:03","guid":{"rendered":"http:\/\/www2.hongfook.ca\/association\/?page_id=243"},"modified":"2022-08-05T20:53:46","modified_gmt":"2022-08-06T01:53:46","slug":"vi","status":"publish","type":"page","link":"https:\/\/hongfook.ca\/association\/about-us\/who-we-are\/vi\/","title":{"rendered":"Ch\u00fang t\u00f4i l\u00e0 ai"},"content":{"rendered":"\n\n\t\t\t<a href=\"\/association\/about-us\/who-we-are\" target=\"_self\" role=\"button\" rel=\"noopener\">\n\t\t\t\t\t\t\tEnglish\n\t\t\t\t\t<\/a>\n\t\t\t<a href=\"\/association\/about-us\/who-we-are\/tc\" target=\"_self\" role=\"button\" rel=\"noopener\">\n\t\t\t\t\t\t\t\u7e41\u9ad4\u4e2d\u6587\n\t\t\t\t\t<\/a>\n\t\t\t<a href=\"\/association\/about-us\/who-we-are\/sc\" target=\"_self\" role=\"button\" rel=\"noopener\">\n\t\t\t\t\t\t\t\u7b80\u4f53\u4e2d\u6587\n\t\t\t\t\t<\/a>\n\t\t\t<a href=\"\/association\/about-us\/who-we-are\/ko\" target=\"_self\" role=\"button\" rel=\"noopener\">\n\t\t\t\t\t\t\t\ud55c\uad6d\uc5b4\n\t\t\t\t\t<\/a>\n\t\t\t<a href=\"\/association\/about-us\/who-we-are\/vi\" target=\"_self\" role=\"button\" rel=\"noopener\">\n\t\t\t\t\t\t\tTi\u1ebfng Vi\u1ec7t\n\t\t\t\t\t<\/a>\n\t\t\t<a href=\"\/association\/about-us\/who-we-are\/kh\/\" target=\"_self\" role=\"button\" rel=\"noopener\">\n\t\t\t\t\t\t\t\u1797\u17b6\u179f\u17b6\u1781\u17d2\u1798\u17c2\u179a\n\t\t\t\t\t<\/a>\n\t<p><strong>H\u1ed3ng Ph\u00fac<\/strong> c\u00f3 ngh\u0129a l\u00e0 S\u1ee9c Kh\u1ecfe v\u00e0 H\u1ea1nh Ph\u00fac trong ti\u1ebfng Trung Hoa. \u0110\u01b0\u1ee3c th\u00e0nh l\u1eadp v\u00e0o n\u0103m 1982, H\u1ed9i S\u1ee9c kh\u1ecfe T\u00e2m th\u1ea7n H\u1ed3ng Ph\u00fac l\u00e0 c\u01a1 quan s\u1ee9c kh\u1ecfe t\u00e2m th\u1ea7n c\u1ed9ng \u0111\u1ed3ng v\u0103n h\u00f3a d\u00e2n t\u1ed9c h\u00e0ng \u0111\u1ea7u v\u1edbi \u0111\u1ed9i ng\u0169 nh\u00e2n vi\u00ean ph\u00f9 h\u1ee3p v\u1edbi v\u0103n h\u00f3a \u00c1 \u0110\u00f4ng v\u00e0 c\u00e1c c\u1ed9ng \u0111\u1ed3ng kh\u00e1c trong v\u00f9ng \u0110\u1ea1i \u0110\u00f4 Th\u1ecb Toronto. H\u1ed3ng Ph\u00fac cung c\u1ea5p c\u00e1c d\u1ecbch v\u1ee5 s\u1ee9c kh\u1ecfe t\u00e2m th\u1ea7n li\u00ean ho\u00e0n t\u1eeb &#8220;qu\u1ea3ng b\u00e1 s\u1ee9c kh\u1ecfe&#8221; \u0111\u1ebfn &#8220;qu\u1ea3n l\u00fd b\u1ec7nh t\u00ecnh&#8221; b\u1eb1ng ti\u1ebfng Campuchia, ti\u1ebfng Trung (ti\u1ebfng Qu\u1ea3ng \u0110\u00f4ng v\u00e0 ti\u1ebfng Quan Tho\u1ea1i), ti\u1ebfng H\u00e0n, ti\u1ebfng Vi\u1ec7t v\u00e0 ti\u1ebfng Anh.<\/p>\n<h3><b>VI\u1ec4N KI\u1ebeN C\u1ee6A CH\u00daNG T\u00d4I:<\/b><\/h3>\n<p>\u0110i \u0111\u1ea7u trong vi\u1ec7c Ch\u0103m s\u00f3c S\u1ee9c kh\u1ecfe ph\u00f9 h\u1ee3p v\u1edbi V\u0103n h\u00f3a.<\/p>\n<h3><b>S\u1ee8 M\u1ec6NH C\u1ee6A CH\u00daNG T\u00d4I:<\/b><\/h3>\n<p>H\u1ed8I S\u1ee8C KH\u1eceE H\u1ed2NG PH\u00daC C\u1ed0NG HI\u1ebeN V\u00c0O S\u1ef0 C\u1ea2I THI\u1ec6N CU\u1ed8C S\u1ed0NG CHO C\u00c1C C\u1ed8NG \u0110\u1ed2NG \u00c1 CH\u00c2U V\u00c0 C\u00c1C C\u1ed8NG \u0110\u1ed2NG KH\u00c1C.<\/p>\n\t<h3><b>GI\u00c1 TR\u1eca C\u1ee6A CH\u00daNG T\u00d4I:<\/b><\/h3>\n<ul>\n<li>S\u00e1ng t\u1ea1o<\/li>\n<li>T\u1eadp trung v\u00e0o con ng\u01b0\u1eddi<\/li>\n<li>C\u00f4ng b\u1eb1ng<\/li>\n<li>Tr\u00e1ch nhi\u1ec7m<\/li>\n<li>Ph\u00f9 h\u1ee3p v\u1edbi v\u0103n h\u00f3a<\/li>\n<li>\u1ee6ng h\u1ed9 quy\u1ec1n l\u1ee3i<\/li>\n<\/ul>\n\t<iframe loading=\"lazy\" title=\"Caring and Thriving Together with Hong Fook, 2022\" width=\"525\" height=\"295\" src=\"https:\/\/www.youtube.com\/embed\/cqt1NWrWXvg?feature=oembed\" frameborder=\"0\" allow=\"accelerometer; autoplay; clipboard-write; encrypted-media; gyroscope; picture-in-picture\" allowfullscreen><\/iframe>\n\n","protected":false},"excerpt":{"rendered":"<p>English \u7e41\u9ad4\u4e2d\u6587 \u7b80\u4f53\u4e2d\u6587 \ud55c\uad6d\uc5b4 Ti\u1ebfng Vi\u1ec7t \u1797\u17b6\u179f\u17b6\u1781\u17d2\u1798\u17c2\u179a H\u1ed3ng Ph\u00fac c\u00f3 ngh\u0129a l\u00e0 S\u1ee9c Kh\u1ecfe v\u00e0 H\u1ea1nh Ph\u00fac trong ti\u1ebfng Trung Hoa. \u0110\u01b0\u1ee3c th\u00e0nh l\u1eadp v\u00e0o n\u0103m 1982, H\u1ed9i S\u1ee9c kh\u1ecfe T\u00e2m th\u1ea7n H\u1ed3ng Ph\u00fac l\u00e0 c\u01a1 quan s\u1ee9c kh\u1ecfe t\u00e2m th\u1ea7n c\u1ed9ng \u0111\u1ed3ng v\u0103n h\u00f3a d\u00e2n t\u1ed9c h\u00e0ng \u0111\u1ea7u v\u1edbi \u0111\u1ed9i ng\u0169 nh\u00e2n vi\u00ean ph\u00f9 &hellip; <\/p>\n<div class=\"link-more\"><a href=\"https:\/\/hongfook.ca\/association\/about-us\/who-we-are\/vi\/\" class=\"more-link\">Read More<span class=\"screen-reader-text\"> &#8220;Ch\u00fang t\u00f4i l\u00e0 ai&#8221;<\/span><\/a><\/div>\n","protected":false},"author":1,"featured_media":0,"parent":18,"menu_order":0,"comment_status":"closed","ping_status":"closed","template":"page-template\/right-sidebar.php","meta":{"om_disable_all_campaigns":false,"ngg_post_thumbnail":0,"footnotes":""},"class_list":["post-243","page","type-page","status-publish","hentry"],"aioseo_notices":[],"_links":{"self":[{"href":"https:\/\/hongfook.ca\/association\/wp-json\/wp\/v2\/pages\/243","targetHints":{"allow":["GET"]}}],"collection":[{"href":"https:\/\/hongfook.ca\/association\/wp-json\/wp\/v2\/pages"}],"about":[{"href":"https:\/\/hongfook.ca\/association\/wp-json\/wp\/v2\/types\/page"}],"author":[{"embeddable":true,"href":"https:\/\/hongfook.ca\/association\/wp-json\/wp\/v2\/users\/1"}],"replies":[{"embeddable":true,"href":"https:\/\/hongfook.ca\/association\/wp-json\/wp\/v2\/comments?post=243"}],"version-history":[{"count":11,"href":"https:\/\/hongfook.ca\/association\/wp-json\/wp\/v2\/pages\/243\/revisions"}],"predecessor-version":[{"id":4199,"href":"https:\/\/hongfook.ca\/association\/wp-json\/wp\/v2\/pages\/243\/revisions\/4199"}],"up":[{"embeddable":true,"href":"https:\/\/hongfook.ca\/association\/wp-json\/wp\/v2\/pages\/18"}],"wp:attachment":[{"href":"https:\/\/hongfook.ca\/association\/wp-json\/wp\/v2\/media?parent=243"}],"curies":[{"name":"wp","href":"https:\/\/api.w.org\/{rel}","templated":true}]}}